{"id":843,"date":"2021-09-08T11:11:07","date_gmt":"2021-09-08T14:11:07","guid":{"rendered":"http:\/\/10.195.30.25\/?page_id=843"},"modified":"2021-10-20T12:04:35","modified_gmt":"2021-10-20T15:04:35","slug":"unficyp-chipre","status":"publish","type":"page","link":"https:\/\/www.emco.mil.cl\/index.php\/unficyp-chipre\/","title":{"rendered":"UNFICYP CHIPRE"},"content":{"rendered":"\n<p>La Fuerza de las Naciones Unidas para el mantenimiento de la Paz en Chipre se mantiene activa desde el a\u00f1o 1964. Su mandato establece la obligaci\u00f3n de vigilar la l\u00ednea de fuego, que tiene 180 kil\u00f3metros de largo y abarca un 3% de la isla, incluyendo las tierras agr\u00edcolas m\u00e1s valiosas. Para ello, mantienen puestos de observaci\u00f3n, patrullaje a\u00e9reo, motorizado y terrestre. Tiene por misi\u00f3n vigilar las l\u00edneas de cesaci\u00f3n del fuego, mantener una zona de amortiguaci\u00f3n, llevar a cabo actividades humanitarias y apoyar la misi\u00f3n de buenos oficios del Secretario General.<\/p>\n\n\n\n<p>Desde 1993 hay tres batallones desplegados pertenecientes a Argentina, Reino Unido y Austria. Esta misi\u00f3n no autoriza la utilizaci\u00f3n de la fuerza, en caso de conflicto para imponer su punto de vista a ninguna de las dos partes. S\u00ed puede usar la fuerza para la utilizaci\u00f3n de rutas, puentes, aeropuertos y otros, enmarcado en el Cap\u00edtulo VI de la carta de las Naciones Unidas.<\/p>\n\n\n\n<p>Pese a que la misi\u00f3n lleva muchos a\u00f1os, la participaci\u00f3n de Chile comienza en 1999, cuando James Holger Blair, un diplom\u00e1tico chileno, se desempe\u00f1\u00f3 como Jefe de la Misi\u00f3n por un a\u00f1o. En abril de 2001, se env\u00eda un Teniente 1\u00ba Infante de Marina de loa Armada de Chile para trabajar en la Plana Mayor de la Fuerza de tarea Argentina. El contingente argentino cubre un tercio de la \u201cZona de Amortiguaci\u00f3n\u201d y, desde el a\u00f1o 2003, producto de los acuerdos de confianza mutua, entre Chile y Argentina, se dispuso el despliegue de una Fuerza Militar Conjunta.<\/p>\n\n\n\n<p>A partir de abril de 2005, la ONU ordena reducir la cantidad de tropas y la participaci\u00f3n de Chile se reduce. Actualmente hay a un contingente de seis efectivos chilenos, que rotan entre seis efectivos de la Armada y seis efectivos del Ej\u00e9rcito de Chile por periodos de 6 meses por cada instituci\u00f3n.<\/p>\n\n\n<style>.kb-gallery-type-fluidcarousel.kb-gallery-id-_31fc3f-3e .kt-blocks-carousel .kt-blocks-carousel-init .kb-slide-item{padding:4px 5px;}.kb-gallery-type-fluidcarousel.kb-gallery-id-_31fc3f-3e .kt-blocks-carousel .kt-blocks-carousel-init.kb-carousel-mode-align-left .kb-slide-item{padding:4px 10px 4px 0;}.kb-gallery-id-_31fc3f-3e.kb-gallery-ul.kb-gallery-type-fluidcarousel .kt-blocks-carousel figure .kb-gal-image-radius, .kb-gallery-id-_31fc3f-3e.kb-gallery-ul.kb-gallery-type-fluidcarousel .kt-blocks-carousel figure .kb-gal-image-radius img{height:300px;}.kb-gallery-id-_31fc3f-3e .kadence-blocks-gallery-item .kb-gal-image-radius, .kb-gallery-id-_31fc3f-3e .kb-slide-item .kb-gal-image-radius img{border-radius:0px 0px 0px 0px;;}.kb-gallery-wrap-id-_31fc3f-3e.wp-block-kadence-advancedgallery{overflow:visible;}.kb-gallery-wrap-id-_31fc3f-3e.wp-block-kadence-advancedgallery .kt-blocks-carousel{overflow:visible;max-width:100%;}<\/style>\n<div class=\"wp-block-kadence-advancedgallery kb-gallery-wrap-id-_31fc3f-3e\"><div class=\"kb-gallery-ul kb-gallery-type-fluidcarousel kb-gallery-id-_31fc3f-3e kb-gallery-caption-style-bottom-hover kb-gallery-filter-none\" data-image-filter=\"none\" data-lightbox-caption=\"true\"><div class=\"kt-blocks-carousel kt-carousel-container-dotstyle-dark\"><div class=\"kt-blocks-carousel-init kb-blocks-fluid-carousel kt-carousel-arrowstyle-whiteondark kt-carousel-dotstyle-dark\" data-slider-anim-speed=\"250\" data-slider-type=\"fluidcarousel\" data-slider-scroll=\"1\" data-slider-arrows=\"true\" data-slider-dots=\"true\" data-slider-hover-pause=\"false\" data-slider-auto=\"true\" data-slider-speed=\"3770\"><div class=\"kb-slide-item kb-gallery-carousel-item\"><div class=\"kadence-blocks-gallery-item\"><div class=\"kadence-blocks-gallery-item-inner\"><figure class=\"kb-gallery-figure kadence-blocks-gallery-item-hide-caption\"><div class=\"kb-gal-image-radius\"><div class=\"kb-gallery-image-contain\"><img fetchpriority=\"high\" decoding=\"async\" src=\"https:\/\/www.emco.mil.cl\/wp-content\/uploads\/2021\/10\/web-Chipre1.jpg\" width=\"1024\" height=\"488\" alt=\"\" data-full-image=\"https:\/\/www.emco.mil.cl\/wp-content\/uploads\/2021\/10\/web-Chipre1.jpg\" data-light-image=\"https:\/\/www.emco.mil.cl\/wp-content\/uploads\/2021\/10\/web-Chipre1.jpg\" data-id=\"7761\" data-link=\"https:\/\/www.emco.mil.cl\/index.php\/unficyp-chipre\/web-chipre1\/\" class=\"wp-image-7761 skip-lazy\" srcset=\"https:\/\/www.emco.mil.cl\/wp-content\/uploads\/2021\/10\/web-Chipre1.jpg 1024w, https:\/\/www.emco.mil.cl\/wp-content\/uploads\/2021\/10\/web-Chipre1-300x143.jpg 300w, https:\/\/www.emco.mil.cl\/wp-content\/uploads\/2021\/10\/web-Chipre1-768x366.jpg 768w, https:\/\/www.emco.mil.cl\/wp-content\/uploads\/2021\/10\/web-Chipre1-350x167.jpg 350w\" sizes=\"(max-width: 1024px) 100vw, 1024px\" \/><\/div><\/div><\/figure><\/div><\/div><\/div><div class=\"kb-slide-item kb-gallery-carousel-item\"><div class=\"kadence-blocks-gallery-item\"><div class=\"kadence-blocks-gallery-item-inner\"><figure class=\"kb-gallery-figure kadence-blocks-gallery-item-hide-caption\"><div class=\"kb-gal-image-radius\"><div class=\"kb-gallery-image-contain\"><img decoding=\"async\" src=\"https:\/\/www.emco.mil.cl\/wp-content\/uploads\/2021\/10\/web-Chipre2.jpg\" width=\"1024\" height=\"488\" alt=\"\" data-full-image=\"https:\/\/www.emco.mil.cl\/wp-content\/uploads\/2021\/10\/web-Chipre2.jpg\" data-light-image=\"https:\/\/www.emco.mil.cl\/wp-content\/uploads\/2021\/10\/web-Chipre2.jpg\" data-id=\"7762\" data-link=\"https:\/\/www.emco.mil.cl\/index.php\/unficyp-chipre\/web-chipre2\/\" class=\"wp-image-7762 skip-lazy\" srcset=\"https:\/\/www.emco.mil.cl\/wp-content\/uploads\/2021\/10\/web-Chipre2.jpg 1024w, https:\/\/www.emco.mil.cl\/wp-content\/uploads\/2021\/10\/web-Chipre2-300x143.jpg 300w, https:\/\/www.emco.mil.cl\/wp-content\/uploads\/2021\/10\/web-Chipre2-768x366.jpg 768w, https:\/\/www.emco.mil.cl\/wp-content\/uploads\/2021\/10\/web-Chipre2-350x167.jpg 350w\" sizes=\"(max-width: 1024px) 100vw, 1024px\" \/><\/div><\/div><\/figure><\/div><\/div><\/div><div class=\"kb-slide-item kb-gallery-carousel-item\"><div class=\"kadence-blocks-gallery-item\"><div class=\"kadence-blocks-gallery-item-inner\"><figure class=\"kb-gallery-figure kadence-blocks-gallery-item-hide-caption\"><div class=\"kb-gal-image-radius\"><div class=\"kb-gallery-image-contain\"><img decoding=\"async\" src=\"https:\/\/www.emco.mil.cl\/wp-content\/uploads\/2021\/10\/web-Chipre3.jpg\" width=\"1024\" height=\"488\" alt=\"\" data-full-image=\"https:\/\/www.emco.mil.cl\/wp-content\/uploads\/2021\/10\/web-Chipre3.jpg\" data-light-image=\"https:\/\/www.emco.mil.cl\/wp-content\/uploads\/2021\/10\/web-Chipre3.jpg\" data-id=\"7763\" data-link=\"https:\/\/www.emco.mil.cl\/index.php\/unficyp-chipre\/web-chipre3\/\" class=\"wp-image-7763 skip-lazy\" srcset=\"https:\/\/www.emco.mil.cl\/wp-content\/uploads\/2021\/10\/web-Chipre3.jpg 1024w, https:\/\/www.emco.mil.cl\/wp-content\/uploads\/2021\/10\/web-Chipre3-300x143.jpg 300w, https:\/\/www.emco.mil.cl\/wp-content\/uploads\/2021\/10\/web-Chipre3-768x366.jpg 768w, https:\/\/www.emco.mil.cl\/wp-content\/uploads\/2021\/10\/web-Chipre3-350x167.jpg 350w\" sizes=\"(max-width: 1024px) 100vw, 1024px\" \/><\/div><\/div><\/figure><\/div><\/div><\/div><div class=\"kb-slide-item kb-gallery-carousel-item\"><div class=\"kadence-blocks-gallery-item\"><div class=\"kadence-blocks-gallery-item-inner\"><figure class=\"kb-gallery-figure kadence-blocks-gallery-item-hide-caption\"><div class=\"kb-gal-image-radius\"><div class=\"kb-gallery-image-contain\"><img loading=\"lazy\" decoding=\"async\" src=\"https:\/\/www.emco.mil.cl\/wp-content\/uploads\/2021\/10\/web-Chipre4.jpg\" width=\"1024\" height=\"488\" alt=\"\" data-full-image=\"https:\/\/www.emco.mil.cl\/wp-content\/uploads\/2021\/10\/web-Chipre4.jpg\" data-light-image=\"https:\/\/www.emco.mil.cl\/wp-content\/uploads\/2021\/10\/web-Chipre4.jpg\" data-id=\"7764\" data-link=\"https:\/\/www.emco.mil.cl\/index.php\/unficyp-chipre\/web-chipre4\/\" class=\"wp-image-7764 skip-lazy\" srcset=\"https:\/\/www.emco.mil.cl\/wp-content\/uploads\/2021\/10\/web-Chipre4.jpg 1024w, https:\/\/www.emco.mil.cl\/wp-content\/uploads\/2021\/10\/web-Chipre4-300x143.jpg 300w, https:\/\/www.emco.mil.cl\/wp-content\/uploads\/2021\/10\/web-Chipre4-768x366.jpg 768w, https:\/\/www.emco.mil.cl\/wp-content\/uploads\/2021\/10\/web-Chipre4-350x167.jpg 350w\" sizes=\"(max-width: 1024px) 100vw, 1024px\" \/><\/div><\/div><\/figure><\/div><\/div><\/div><\/div><\/div><\/div><\/div>\n","protected":false},"excerpt":{"rendered":"<p>La Fuerza de las Naciones Unidas para el mantenimiento de la Paz en Chipre se mantiene activa desde el a\u00f1o 1964. Su mandato establece la obligaci\u00f3n de vigilar la l\u00ednea de fuego, que tiene 180 kil\u00f3metros de largo y abarca un 3% de la isla, incluyendo las tierras agr\u00edcolas m\u00e1s valiosas. Para ello, mantienen puestos&#8230;<\/p>\n","protected":false},"author":4,"featured_media":0,"parent":0,"menu_order":0,"comment_status":"closed","ping_status":"closed","template":"","meta":{"_kad_post_transparent":"","_kad_post_title":"","_kad_post_layout":"","_kad_post_sidebar_id":"","_kad_post_content_style":"","_kad_post_vertical_padding":"","_kad_post_feature":"","_kad_post_feature_position":"","_kad_post_header":false,"_kad_post_footer":false,"footnotes":""},"class_list":["post-843","page","type-page","status-publish","hentry"],"_links":{"self":[{"href":"https:\/\/www.emco.mil.cl\/index.php\/wp-json\/wp\/v2\/pages\/843","targetHints":{"allow":["GET"]}}],"collection":[{"href":"https:\/\/www.emco.mil.cl\/index.php\/wp-json\/wp\/v2\/pages"}],"about":[{"href":"https:\/\/www.emco.mil.cl\/index.php\/wp-json\/wp\/v2\/types\/page"}],"author":[{"embeddable":true,"href":"https:\/\/www.emco.mil.cl\/index.php\/wp-json\/wp\/v2\/users\/4"}],"replies":[{"embeddable":true,"href":"https:\/\/www.emco.mil.cl\/index.php\/wp-json\/wp\/v2\/comments?post=843"}],"version-history":[{"count":5,"href":"https:\/\/www.emco.mil.cl\/index.php\/wp-json\/wp\/v2\/pages\/843\/revisions"}],"predecessor-version":[{"id":7902,"href":"https:\/\/www.emco.mil.cl\/index.php\/wp-json\/wp\/v2\/pages\/843\/revisions\/7902"}],"wp:attachment":[{"href":"https:\/\/www.emco.mil.cl\/index.php\/wp-json\/wp\/v2\/media?parent=843"}],"curies":[{"name":"wp","href":"https:\/\/api.w.org\/{rel}","templated":true}]}}