{"id":83,"date":"2021-08-24T14:47:48","date_gmt":"2021-08-24T18:47:48","guid":{"rendered":"http:\/\/10.195.30.25\/?page_id=83"},"modified":"2025-06-17T11:54:38","modified_gmt":"2025-06-17T15:54:38","slug":"jefe-estado-mayor-conjunto","status":"publish","type":"page","link":"https:\/\/www.emco.mil.cl\/index.php\/jefe-estado-mayor-conjunto\/","title":{"rendered":"JEFE ESTADO MAYOR CONJUNTO"},"content":{"rendered":"<p><!-- \/wp:post-content --><!-- wp:kadence\/column {\"id\":2,\"borderWidth\":[\"\",\"\",\"\",\"\"],\"uniqueID\":\"83_7b2513-97\",\"className\":\"inner-column-2\"} --><\/p>\n<p><!-- wp:image {\"align\":\"right\",\"id\":10656,\"width\":\"388px\",\"height\":\"auto\",\"sizeSlug\":\"full\",\"linkDestination\":\"none\"} --><\/p>\n<figure><\/figure>\n<p><!-- \/wp:image --><!-- wp:paragraph --><\/p>\n<h3><strong>General de Aviaci\u00f3n Leonardo Romanini Guti\u00e9rrez<\/strong><\/h3>\n<p><strong>DATOS PERSONALES<\/strong><\/p>\n<p>Ingres\u00f3 a la Escuela de Aviaci\u00f3n \u201cCapit\u00e1n Manuel \u00c1valos Prado\u201d el a\u00f1o 1983, gradu\u00e1ndose con el grado de Alf\u00e9rez el 1 de enero de 1986.<\/p>\n<p>En el a\u00f1o 1986 se gradu\u00f3 como Piloto de Guerra, desempe\u00f1\u00e1ndose en el \u00e1rea de Combate.<\/p>\n<h3><strong><img fetchpriority=\"high\" decoding=\"async\" src=\"https:\/\/www.emco.mil.cl\/wp-content\/uploads\/2025\/06\/foto-oficial-JEMCO-web-863x1024.jpg\" alt=\"\" width=\"400\" height=\"475\" \/><\/strong><\/h3>\n<p><strong>\u00daLTIMOS ASCENSOS Y DESTINACIONES<\/strong><\/p>\n<p><strong>2025<\/strong>\u00a0Asume como Jefe del Estado Mayor Conjunto a contar del 12 de junio.<\/p>\n<p><strong>2022<\/strong>\u00a0Asume como Jefe del Estado Mayor General.<\/p>\n<p><strong>2020 <\/strong>Asume como Comandante del Comando de Combate.<\/p>\n<p><strong>2020 <\/strong>Asciende al grado de General de Aviaci\u00f3n.<\/p>\n<p><strong>2018 <\/strong>Asume como Comandante en Jefe de la I\u00aa Brigada A\u00e9rea.<\/p>\n<p><strong>2016<\/strong>\u00a0Asume como Comandante en Jefe de la V\u00aa Brigada A\u00e9rea.<\/p>\n<p><strong>2016 <\/strong>Asciende al grado de General de Brigada A\u00e9rea.<\/p>\n<p><strong>\u00a0ANTECEDENTES ACAD\u00c9MICOS<\/strong><\/p>\n<ul>\n<li style=\"list-style-type: none;\">\n<ul>\n<li>Mag\u00edster en Administraci\u00f3n de Empresas, menci\u00f3n Recursos Humanos, Universidad Arturo Prat.<\/li>\n<li>Ingeniero de Ejecuci\u00f3n en Sistemas Aeron\u00e1uticos, Academia de Guerra A\u00e9rea.<\/li>\n<li>Oficial de Estado Mayor, Academia de Guerra A\u00e9rea.<\/li>\n<li>Oficial de Estado Mayor, Escuela Superior de Guerra A\u00e9rea de la Fuerza A\u00e9rea Argentina.<\/li>\n<\/ul>\n<\/li>\n<\/ul>\n<p><!-- \/wp:paragraph --><!-- \/wp:kadence\/column --><\/p>","protected":false},"excerpt":{"rendered":"<p>General de Aviaci\u00f3n Leonardo Romanini Guti\u00e9rrez DATOS PERSONALES Ingres\u00f3 a la Escuela de Aviaci\u00f3n \u201cCapit\u00e1n Manuel \u00c1valos Prado\u201d el a\u00f1o 1983, gradu\u00e1ndose con el grado de Alf\u00e9rez el 1 de enero de 1986. En el a\u00f1o 1986 se gradu\u00f3 como Piloto de Guerra, desempe\u00f1\u00e1ndose en el \u00e1rea de Combate. \u00daLTIMOS ASCENSOS Y DESTINACIONES 2025\u00a0Asume como&#8230;<\/p>\n","protected":false},"author":4,"featured_media":0,"parent":0,"menu_order":0,"comment_status":"closed","ping_status":"closed","template":"","meta":{"_kad_post_transparent":"","_kad_post_title":"","_kad_post_layout":"normal","_kad_post_sidebar_id":"","_kad_post_content_style":"default","_kad_post_vertical_padding":"","_kad_post_feature":"","_kad_post_feature_position":"","_kad_post_header":false,"_kad_post_footer":false,"footnotes":""},"class_list":["post-83","page","type-page","status-publish","hentry"],"_links":{"self":[{"href":"https:\/\/www.emco.mil.cl\/index.php\/wp-json\/wp\/v2\/pages\/83","targetHints":{"allow":["GET"]}}],"collection":[{"href":"https:\/\/www.emco.mil.cl\/index.php\/wp-json\/wp\/v2\/pages"}],"about":[{"href":"https:\/\/www.emco.mil.cl\/index.php\/wp-json\/wp\/v2\/types\/page"}],"author":[{"embeddable":true,"href":"https:\/\/www.emco.mil.cl\/index.php\/wp-json\/wp\/v2\/users\/4"}],"replies":[{"embeddable":true,"href":"https:\/\/www.emco.mil.cl\/index.php\/wp-json\/wp\/v2\/comments?post=83"}],"version-history":[{"count":49,"href":"https:\/\/www.emco.mil.cl\/index.php\/wp-json\/wp\/v2\/pages\/83\/revisions"}],"predecessor-version":[{"id":12965,"href":"https:\/\/www.emco.mil.cl\/index.php\/wp-json\/wp\/v2\/pages\/83\/revisions\/12965"}],"wp:attachment":[{"href":"https:\/\/www.emco.mil.cl\/index.php\/wp-json\/wp\/v2\/media?parent=83"}],"curies":[{"name":"wp","href":"https:\/\/api.w.org\/{rel}","templated":true}]}}