{"id":821,"date":"2021-09-08T11:06:12","date_gmt":"2021-09-08T14:06:12","guid":{"rendered":"http:\/\/10.195.30.25\/?page_id=821"},"modified":"2021-10-20T12:05:56","modified_gmt":"2021-10-20T15:05:56","slug":"unvmc-colombia","status":"publish","type":"page","link":"https:\/\/www.emco.mil.cl\/index.php\/unvmc-colombia\/","title":{"rendered":"UNVMC COLOMBIA"},"content":{"rendered":"\n<p>El Consejo de Seguridad de la ONU adopt\u00f3 por unanimidad la resoluci\u00f3n 2261 del 25 de enero de 2016, que establece una misi\u00f3n pol\u00edtica de observadores internacionales por un per\u00edodo de 12 meses, no armados, con el fin de monitorear y verificar la dejaci\u00f3n de las armas y formar parte del mecanismo tripartito de supervisi\u00f3n del cese al fuego y de hostilidades bilateral y definitivo, tras la firma del acuerdo de paz entre el Gobierno de Colombia y las Fuerzas Armadas Revolucionarias \u2013 Ej\u00e9rcito del Pueblo (FARC-EP).<\/p>\n\n\n\n<p>Posteriormente, el 13 de septiembre del mismo a\u00f1o, el Consejo de Seguridad defini\u00f3 el tama\u00f1o, los aspectos operacionales y el mandato de la Misi\u00f3n para Colombia. El acuerdo establece que la misi\u00f3n pol\u00edtica estar\u00e1 integrada por 450 observadores y grupos de civiles que ser\u00e1n desplegados en las zonas transicionales. Asimismo, se detalla que operar\u00e1n en 40 lugares que incluyen una Oficina Nacional y ocho regionales, 23 puestos en las zonas transicionales y ocho puntos locales para la normalizaci\u00f3n.<\/p>\n\n\n\n<p>Mediante una nueva resoluci\u00f3n del Consejo de Seguridad, de fecha 13 de septiembre 2018, se prorroga el mandato de la Misi\u00f3n de Verificaci\u00f3n de las Naciones Unidas en Colombia, la cual indica comenzar sus actividades operacionales el pasado 25 de septiembre del 2019, como principal foco, en una misi\u00f3n pol\u00edtica, integrada por observadores internacionales desarmados, que se encargar\u00e1 de vigilar y verificar la dejaci\u00f3n de armas, reincorporaci\u00f3n de FARC a la vida civil \u2013 en lo econ\u00f3mico, lo social y lo pol\u00edtico, de acuerdo con sus intereses, garant\u00edas de seguridad y lucha contra las organizaciones y conductas criminales.<\/p>\n\n\n\n<p>Actualmente, Chile participa en la Misi\u00f3n de Verificaci\u00f3n de ONU en Colombia con un Oficial de Ej\u00e9rcito, dos Oficiales de Armada, una Oficial de Fuerza A\u00e9rea y tres integrantes de la Polic\u00eda de Investigaciones de Chile.<\/p>\n\n\n<style>.kb-gallery-type-fluidcarousel.kb-gallery-id-_61e90e-b4 .kt-blocks-carousel .kt-blocks-carousel-init .kb-slide-item{padding:4px 5px;}.kb-gallery-type-fluidcarousel.kb-gallery-id-_61e90e-b4 .kt-blocks-carousel .kt-blocks-carousel-init.kb-carousel-mode-align-left .kb-slide-item{padding:4px 10px 4px 0;}.kb-gallery-id-_61e90e-b4.kb-gallery-ul.kb-gallery-type-fluidcarousel .kt-blocks-carousel figure .kb-gal-image-radius, .kb-gallery-id-_61e90e-b4.kb-gallery-ul.kb-gallery-type-fluidcarousel .kt-blocks-carousel figure .kb-gal-image-radius img{height:300px;}.kb-gallery-id-_61e90e-b4 .kadence-blocks-gallery-item .kb-gal-image-radius, .kb-gallery-id-_61e90e-b4 .kb-slide-item .kb-gal-image-radius img{border-radius:0px 0px 0px 0px;;}.kb-gallery-wrap-id-_61e90e-b4.wp-block-kadence-advancedgallery{overflow:visible;}.kb-gallery-wrap-id-_61e90e-b4.wp-block-kadence-advancedgallery .kt-blocks-carousel{overflow:visible;max-width:100%;}<\/style>\n<div class=\"wp-block-kadence-advancedgallery kb-gallery-wrap-id-_61e90e-b4\"><div class=\"kb-gallery-ul kb-gallery-type-fluidcarousel kb-gallery-id-_61e90e-b4 kb-gallery-caption-style-bottom-hover kb-gallery-filter-none\" data-image-filter=\"none\" data-lightbox-caption=\"true\"><div class=\"kt-blocks-carousel kt-carousel-container-dotstyle-dark\"><div class=\"kt-blocks-carousel-init kb-blocks-fluid-carousel kt-carousel-arrowstyle-whiteondark kt-carousel-dotstyle-dark\" data-slider-anim-speed=\"250\" data-slider-type=\"fluidcarousel\" data-slider-scroll=\"1\" data-slider-arrows=\"true\" data-slider-dots=\"true\" data-slider-hover-pause=\"false\" data-slider-auto=\"true\" data-slider-speed=\"3770\"><div class=\"kb-slide-item kb-gallery-carousel-item\"><div class=\"kadence-blocks-gallery-item\"><div class=\"kadence-blocks-gallery-item-inner\"><figure class=\"kb-gallery-figure kadence-blocks-gallery-item-hide-caption\"><div class=\"kb-gal-image-radius\"><div class=\"kb-gallery-image-contain\"><img fetchpriority=\"high\" decoding=\"async\" src=\"https:\/\/www.emco.mil.cl\/wp-content\/uploads\/2021\/10\/webUNVMC.jpg\" width=\"1024\" height=\"488\" alt=\"\" data-full-image=\"https:\/\/www.emco.mil.cl\/wp-content\/uploads\/2021\/10\/webUNVMC.jpg\" data-light-image=\"https:\/\/www.emco.mil.cl\/wp-content\/uploads\/2021\/10\/webUNVMC.jpg\" data-id=\"7779\" data-link=\"https:\/\/www.emco.mil.cl\/index.php\/unvmc-colombia\/webunvmc\/\" class=\"wp-image-7779 skip-lazy\" srcset=\"https:\/\/www.emco.mil.cl\/wp-content\/uploads\/2021\/10\/webUNVMC.jpg 1024w, https:\/\/www.emco.mil.cl\/wp-content\/uploads\/2021\/10\/webUNVMC-300x143.jpg 300w, https:\/\/www.emco.mil.cl\/wp-content\/uploads\/2021\/10\/webUNVMC-768x366.jpg 768w, https:\/\/www.emco.mil.cl\/wp-content\/uploads\/2021\/10\/webUNVMC-350x167.jpg 350w\" sizes=\"(max-width: 1024px) 100vw, 1024px\" \/><\/div><\/div><\/figure><\/div><\/div><\/div><div class=\"kb-slide-item kb-gallery-carousel-item\"><div class=\"kadence-blocks-gallery-item\"><div class=\"kadence-blocks-gallery-item-inner\"><figure class=\"kb-gallery-figure kadence-blocks-gallery-item-hide-caption\"><div class=\"kb-gal-image-radius\"><div class=\"kb-gallery-image-contain\"><img decoding=\"async\" src=\"https:\/\/www.emco.mil.cl\/wp-content\/uploads\/2021\/10\/webUNVMC2.jpg\" width=\"1024\" height=\"488\" alt=\"\" data-full-image=\"https:\/\/www.emco.mil.cl\/wp-content\/uploads\/2021\/10\/webUNVMC2.jpg\" data-light-image=\"https:\/\/www.emco.mil.cl\/wp-content\/uploads\/2021\/10\/webUNVMC2.jpg\" data-id=\"7780\" data-link=\"https:\/\/www.emco.mil.cl\/index.php\/unvmc-colombia\/webunvmc2\/\" class=\"wp-image-7780 skip-lazy\" srcset=\"https:\/\/www.emco.mil.cl\/wp-content\/uploads\/2021\/10\/webUNVMC2.jpg 1024w, https:\/\/www.emco.mil.cl\/wp-content\/uploads\/2021\/10\/webUNVMC2-300x143.jpg 300w, https:\/\/www.emco.mil.cl\/wp-content\/uploads\/2021\/10\/webUNVMC2-768x366.jpg 768w, https:\/\/www.emco.mil.cl\/wp-content\/uploads\/2021\/10\/webUNVMC2-350x167.jpg 350w\" sizes=\"(max-width: 1024px) 100vw, 1024px\" \/><\/div><\/div><\/figure><\/div><\/div><\/div><div class=\"kb-slide-item kb-gallery-carousel-item\"><div class=\"kadence-blocks-gallery-item\"><div class=\"kadence-blocks-gallery-item-inner\"><figure class=\"kb-gallery-figure kadence-blocks-gallery-item-hide-caption\"><div class=\"kb-gal-image-radius\"><div class=\"kb-gallery-image-contain\"><img decoding=\"async\" src=\"https:\/\/www.emco.mil.cl\/wp-content\/uploads\/2021\/10\/web-Colombia1.jpg\" width=\"1024\" height=\"488\" alt=\"\" data-full-image=\"https:\/\/www.emco.mil.cl\/wp-content\/uploads\/2021\/10\/web-Colombia1.jpg\" data-light-image=\"https:\/\/www.emco.mil.cl\/wp-content\/uploads\/2021\/10\/web-Colombia1.jpg\" data-id=\"7782\" data-link=\"https:\/\/www.emco.mil.cl\/index.php\/unvmc-colombia\/web-colombia1\/\" class=\"wp-image-7782 skip-lazy\" srcset=\"https:\/\/www.emco.mil.cl\/wp-content\/uploads\/2021\/10\/web-Colombia1.jpg 1024w, https:\/\/www.emco.mil.cl\/wp-content\/uploads\/2021\/10\/web-Colombia1-300x143.jpg 300w, https:\/\/www.emco.mil.cl\/wp-content\/uploads\/2021\/10\/web-Colombia1-768x366.jpg 768w, https:\/\/www.emco.mil.cl\/wp-content\/uploads\/2021\/10\/web-Colombia1-350x167.jpg 350w\" sizes=\"(max-width: 1024px) 100vw, 1024px\" \/><\/div><\/div><\/figure><\/div><\/div><\/div><div class=\"kb-slide-item kb-gallery-carousel-item\"><div class=\"kadence-blocks-gallery-item\"><div class=\"kadence-blocks-gallery-item-inner\"><figure class=\"kb-gallery-figure kadence-blocks-gallery-item-hide-caption\"><div class=\"kb-gal-image-radius\"><div class=\"kb-gallery-image-contain\"><img loading=\"lazy\" decoding=\"async\" src=\"https:\/\/www.emco.mil.cl\/wp-content\/uploads\/2021\/10\/web-Colombia2.jpg\" width=\"1024\" height=\"488\" alt=\"\" data-full-image=\"https:\/\/www.emco.mil.cl\/wp-content\/uploads\/2021\/10\/web-Colombia2.jpg\" data-light-image=\"https:\/\/www.emco.mil.cl\/wp-content\/uploads\/2021\/10\/web-Colombia2.jpg\" data-id=\"7783\" data-link=\"https:\/\/www.emco.mil.cl\/index.php\/unvmc-colombia\/web-colombia2\/\" class=\"wp-image-7783 skip-lazy\" srcset=\"https:\/\/www.emco.mil.cl\/wp-content\/uploads\/2021\/10\/web-Colombia2.jpg 1024w, https:\/\/www.emco.mil.cl\/wp-content\/uploads\/2021\/10\/web-Colombia2-300x143.jpg 300w, https:\/\/www.emco.mil.cl\/wp-content\/uploads\/2021\/10\/web-Colombia2-768x366.jpg 768w, https:\/\/www.emco.mil.cl\/wp-content\/uploads\/2021\/10\/web-Colombia2-350x167.jpg 350w\" sizes=\"(max-width: 1024px) 100vw, 1024px\" \/><\/div><\/div><\/figure><\/div><\/div><\/div><div class=\"kb-slide-item kb-gallery-carousel-item\"><div class=\"kadence-blocks-gallery-item\"><div class=\"kadence-blocks-gallery-item-inner\"><figure class=\"kb-gallery-figure kadence-blocks-gallery-item-hide-caption\"><div class=\"kb-gal-image-radius\"><div class=\"kb-gallery-image-contain\"><img loading=\"lazy\" decoding=\"async\" src=\"https:\/\/www.emco.mil.cl\/wp-content\/uploads\/2021\/10\/web-Colombia3.jpg\" width=\"1024\" height=\"488\" alt=\"\" data-full-image=\"https:\/\/www.emco.mil.cl\/wp-content\/uploads\/2021\/10\/web-Colombia3.jpg\" data-light-image=\"https:\/\/www.emco.mil.cl\/wp-content\/uploads\/2021\/10\/web-Colombia3.jpg\" data-id=\"7784\" data-link=\"https:\/\/www.emco.mil.cl\/index.php\/unvmc-colombia\/web-colombia3\/\" class=\"wp-image-7784 skip-lazy\" srcset=\"https:\/\/www.emco.mil.cl\/wp-content\/uploads\/2021\/10\/web-Colombia3.jpg 1024w, https:\/\/www.emco.mil.cl\/wp-content\/uploads\/2021\/10\/web-Colombia3-300x143.jpg 300w, https:\/\/www.emco.mil.cl\/wp-content\/uploads\/2021\/10\/web-Colombia3-768x366.jpg 768w, https:\/\/www.emco.mil.cl\/wp-content\/uploads\/2021\/10\/web-Colombia3-350x167.jpg 350w\" sizes=\"(max-width: 1024px) 100vw, 1024px\" \/><\/div><\/div><\/figure><\/div><\/div><\/div><div class=\"kb-slide-item kb-gallery-carousel-item\"><div class=\"kadence-blocks-gallery-item\"><div class=\"kadence-blocks-gallery-item-inner\"><figure class=\"kb-gallery-figure kadence-blocks-gallery-item-hide-caption\"><div class=\"kb-gal-image-radius\"><div class=\"kb-gallery-image-contain\"><img loading=\"lazy\" decoding=\"async\" src=\"https:\/\/www.emco.mil.cl\/wp-content\/uploads\/2021\/10\/web-Colombia4.jpg\" width=\"1024\" height=\"488\" alt=\"\" data-full-image=\"https:\/\/www.emco.mil.cl\/wp-content\/uploads\/2021\/10\/web-Colombia4.jpg\" data-light-image=\"https:\/\/www.emco.mil.cl\/wp-content\/uploads\/2021\/10\/web-Colombia4.jpg\" data-id=\"7785\" data-link=\"https:\/\/www.emco.mil.cl\/index.php\/unvmc-colombia\/web-colombia4\/\" class=\"wp-image-7785 skip-lazy\" srcset=\"https:\/\/www.emco.mil.cl\/wp-content\/uploads\/2021\/10\/web-Colombia4.jpg 1024w, https:\/\/www.emco.mil.cl\/wp-content\/uploads\/2021\/10\/web-Colombia4-300x143.jpg 300w, https:\/\/www.emco.mil.cl\/wp-content\/uploads\/2021\/10\/web-Colombia4-768x366.jpg 768w, https:\/\/www.emco.mil.cl\/wp-content\/uploads\/2021\/10\/web-Colombia4-350x167.jpg 350w\" sizes=\"(max-width: 1024px) 100vw, 1024px\" \/><\/div><\/div><\/figure><\/div><\/div><\/div><\/div><\/div><\/div><\/div>\n\n\n\n<p><\/p>\n","protected":false},"excerpt":{"rendered":"<p>El Consejo de Seguridad de la ONU adopt\u00f3 por unanimidad la resoluci\u00f3n 2261 del 25 de enero de 2016, que establece una misi\u00f3n pol\u00edtica de observadores internacionales por un per\u00edodo de 12 meses, no armados, con el fin de monitorear y verificar la dejaci\u00f3n de las armas y formar parte del mecanismo tripartito de supervisi\u00f3n&#8230;<\/p>\n","protected":false},"author":4,"featured_media":0,"parent":0,"menu_order":0,"comment_status":"closed","ping_status":"closed","template":"","meta":{"_kad_post_transparent":"","_kad_post_title":"","_kad_post_layout":"","_kad_post_sidebar_id":"","_kad_post_content_style":"","_kad_post_vertical_padding":"","_kad_post_feature":"","_kad_post_feature_position":"","_kad_post_header":false,"_kad_post_footer":false,"footnotes":""},"class_list":["post-821","page","type-page","status-publish","hentry"],"_links":{"self":[{"href":"https:\/\/www.emco.mil.cl\/index.php\/wp-json\/wp\/v2\/pages\/821","targetHints":{"allow":["GET"]}}],"collection":[{"href":"https:\/\/www.emco.mil.cl\/index.php\/wp-json\/wp\/v2\/pages"}],"about":[{"href":"https:\/\/www.emco.mil.cl\/index.php\/wp-json\/wp\/v2\/types\/page"}],"author":[{"embeddable":true,"href":"https:\/\/www.emco.mil.cl\/index.php\/wp-json\/wp\/v2\/users\/4"}],"replies":[{"embeddable":true,"href":"https:\/\/www.emco.mil.cl\/index.php\/wp-json\/wp\/v2\/comments?post=821"}],"version-history":[{"count":6,"href":"https:\/\/www.emco.mil.cl\/index.php\/wp-json\/wp\/v2\/pages\/821\/revisions"}],"predecessor-version":[{"id":7906,"href":"https:\/\/www.emco.mil.cl\/index.php\/wp-json\/wp\/v2\/pages\/821\/revisions\/7906"}],"wp:attachment":[{"href":"https:\/\/www.emco.mil.cl\/index.php\/wp-json\/wp\/v2\/media?parent=821"}],"curies":[{"name":"wp","href":"https:\/\/api.w.org\/{rel}","templated":true}]}}