{"id":819,"date":"2021-09-08T11:05:39","date_gmt":"2021-09-08T14:05:39","guid":{"rendered":"http:\/\/10.195.30.25\/?page_id=819"},"modified":"2021-10-20T12:05:37","modified_gmt":"2021-10-20T15:05:37","slug":"althea-bosnia-y-herzegovina","status":"publish","type":"page","link":"https:\/\/www.emco.mil.cl\/index.php\/althea-bosnia-y-herzegovina\/","title":{"rendered":"ALTHEA BOSNIA Y HERZEGOVINA"},"content":{"rendered":"\n<p>Bosnia y Herzegovina es un pa\u00eds situado en la Pen\u00ednsula de los Balcanes, cuya capital es la ciudad de Sarajevo. Obtiene su independencia de la antigua Yugoslavia en 1992, mediante un Refer\u00e9ndum realizado en marzo de ese a\u00f1o. Los Serbios de la antigua Yugoslavia se oponen a esta independencia, motivados por una ideolog\u00eda nacionalista que propone la uni\u00f3n de todos los Serbios en un solo Estado, junto a Macedonia y la actual Croacia, causando una guerra civil.<\/p>\n\n\n\n<p>Para detener el conflicto en 1995, las Naciones Unidas establece un mandato humanitario que autoriza el uso de la fuerza, pero no para poner fin a la guerra. Sino para la entrega de ayuda humanitaria donde se establecieron \u201czonas seguras\u201d. En esta misi\u00f3n, la ONU participa junto a la Organizaci\u00f3n del Tratado del Atl\u00e1ntico Norte (OTAN) compartiendo responsabilidades.<\/p>\n\n\n\n<p>Chile ha contribuido desde 1997, cuando se dispuso la participaci\u00f3n de personal de Carabineros, que integraron a la Fuerza de Tarea de Polic\u00eda Internacional (IPFT) en calidad de monitores de polic\u00eda civil, cuyo objetivo era verificar el cumplimiento de los Acuerdos de Dayton suscrito por Musulmanes, Serbios y Croatas en 1995. Esta misi\u00f3n termin\u00f3 el 31 de diciembre del a\u00f1o 2002, y para este proceso se env\u00eda una fuerza de estabilizaci\u00f3n que permit\u00eda el traspaso de responsabilidades desde la Misi\u00f3n de las Naciones Unidas en Bosnia y Herzegovina (UNMIBH) a las autoridades Yugoslavas.<\/p>\n\n\n\n<p>Nuestro pa\u00eds no se resta de este proceso. A partir de marzo del a\u00f1o 2003 env\u00eda 2 oficiales del ej\u00e9rcito que trabajan de forma integrada con una unidad de combate de Gran Breta\u00f1a. Luego se despleg\u00f3 un pelot\u00f3n de infanter\u00eda, tambi\u00e9n asignado al Ej\u00e9rcito de Gran Breta\u00f1a. Desde el a\u00f1o 2005 se cre\u00f3 bajo el amparo de la Uni\u00f3n Europea la Misi\u00f3n ALTHEA.<\/p>\n\n\n\n<p>Chile participa hasta hoy, en esta fuerza de Operaciones de Paz, con cinco efectivos del Ej\u00e9rcito que son relevados actualmente cada 7 meses, desempe\u00f1\u00e1ndose en el Cuartel General en la ciudad de Sarajevo y equipos de observaci\u00f3n para contribuir a crear un clima de seguridad y garantizar que se respeten los acuerdos del marco general de Paz en Bosnia y Herzegovina relativos a las cuestiones militares y de fronteras interiores.<\/p>\n\n\n<style>.kb-gallery-type-fluidcarousel.kb-gallery-id-_1eb3b9-d5 .kt-blocks-carousel .kt-blocks-carousel-init .kb-slide-item{padding:4px 5px;}.kb-gallery-type-fluidcarousel.kb-gallery-id-_1eb3b9-d5 .kt-blocks-carousel .kt-blocks-carousel-init.kb-carousel-mode-align-left .kb-slide-item{padding:4px 10px 4px 0;}.kb-gallery-id-_1eb3b9-d5.kb-gallery-ul.kb-gallery-type-fluidcarousel .kt-blocks-carousel figure .kb-gal-image-radius, .kb-gallery-id-_1eb3b9-d5.kb-gallery-ul.kb-gallery-type-fluidcarousel .kt-blocks-carousel figure .kb-gal-image-radius img{height:300px;}.kb-gallery-id-_1eb3b9-d5 .kadence-blocks-gallery-item .kb-gal-image-radius, .kb-gallery-id-_1eb3b9-d5 .kb-slide-item .kb-gal-image-radius img{border-radius:0px 0px 0px 0px;;}.kb-gallery-wrap-id-_1eb3b9-d5.wp-block-kadence-advancedgallery{overflow:visible;}.kb-gallery-wrap-id-_1eb3b9-d5.wp-block-kadence-advancedgallery .kt-blocks-carousel{overflow:visible;max-width:100%;}<\/style>\n<div class=\"wp-block-kadence-advancedgallery kb-gallery-wrap-id-_1eb3b9-d5\"><div class=\"kb-gallery-ul kb-gallery-type-fluidcarousel kb-gallery-id-_1eb3b9-d5 kb-gallery-caption-style-bottom-hover kb-gallery-filter-none\" data-image-filter=\"none\" data-lightbox-caption=\"true\"><div class=\"kt-blocks-carousel kt-carousel-container-dotstyle-dark\"><div class=\"kt-blocks-carousel-init kb-blocks-fluid-carousel kt-carousel-arrowstyle-whiteondark kt-carousel-dotstyle-dark\" data-slider-anim-speed=\"250\" data-slider-type=\"fluidcarousel\" data-slider-scroll=\"1\" data-slider-arrows=\"true\" data-slider-dots=\"true\" data-slider-hover-pause=\"false\" data-slider-auto=\"true\" data-slider-speed=\"3770\"><div class=\"kb-slide-item kb-gallery-carousel-item\"><div class=\"kadence-blocks-gallery-item\"><div class=\"kadence-blocks-gallery-item-inner\"><figure class=\"kb-gallery-figure kadence-blocks-gallery-item-hide-caption\"><div class=\"kb-gal-image-radius\"><div class=\"kb-gallery-image-contain\"><img fetchpriority=\"high\" decoding=\"async\" src=\"https:\/\/www.emco.mil.cl\/wp-content\/uploads\/2021\/10\/web-Bosnia1.jpg\" width=\"1024\" height=\"488\" alt=\"\" data-full-image=\"https:\/\/www.emco.mil.cl\/wp-content\/uploads\/2021\/10\/web-Bosnia1.jpg\" data-light-image=\"https:\/\/www.emco.mil.cl\/wp-content\/uploads\/2021\/10\/web-Bosnia1.jpg\" data-id=\"7772\" data-link=\"https:\/\/www.emco.mil.cl\/index.php\/althea-bosnia-y-herzegovina\/web-bosnia1\/\" class=\"wp-image-7772 skip-lazy\" srcset=\"https:\/\/www.emco.mil.cl\/wp-content\/uploads\/2021\/10\/web-Bosnia1.jpg 1024w, https:\/\/www.emco.mil.cl\/wp-content\/uploads\/2021\/10\/web-Bosnia1-300x143.jpg 300w, https:\/\/www.emco.mil.cl\/wp-content\/uploads\/2021\/10\/web-Bosnia1-768x366.jpg 768w, https:\/\/www.emco.mil.cl\/wp-content\/uploads\/2021\/10\/web-Bosnia1-350x167.jpg 350w\" sizes=\"(max-width: 1024px) 100vw, 1024px\" \/><\/div><\/div><\/figure><\/div><\/div><\/div><div class=\"kb-slide-item kb-gallery-carousel-item\"><div class=\"kadence-blocks-gallery-item\"><div class=\"kadence-blocks-gallery-item-inner\"><figure class=\"kb-gallery-figure kadence-blocks-gallery-item-hide-caption\"><div class=\"kb-gal-image-radius\"><div class=\"kb-gallery-image-contain\"><img decoding=\"async\" src=\"https:\/\/www.emco.mil.cl\/wp-content\/uploads\/2021\/10\/web-Bosnia2.jpg\" width=\"1024\" height=\"488\" alt=\"\" data-full-image=\"https:\/\/www.emco.mil.cl\/wp-content\/uploads\/2021\/10\/web-Bosnia2.jpg\" data-light-image=\"https:\/\/www.emco.mil.cl\/wp-content\/uploads\/2021\/10\/web-Bosnia2.jpg\" data-id=\"7773\" data-link=\"https:\/\/www.emco.mil.cl\/index.php\/althea-bosnia-y-herzegovina\/web-bosnia2\/\" class=\"wp-image-7773 skip-lazy\" srcset=\"https:\/\/www.emco.mil.cl\/wp-content\/uploads\/2021\/10\/web-Bosnia2.jpg 1024w, https:\/\/www.emco.mil.cl\/wp-content\/uploads\/2021\/10\/web-Bosnia2-300x143.jpg 300w, https:\/\/www.emco.mil.cl\/wp-content\/uploads\/2021\/10\/web-Bosnia2-768x366.jpg 768w, https:\/\/www.emco.mil.cl\/wp-content\/uploads\/2021\/10\/web-Bosnia2-350x167.jpg 350w\" sizes=\"(max-width: 1024px) 100vw, 1024px\" \/><\/div><\/div><\/figure><\/div><\/div><\/div><div class=\"kb-slide-item kb-gallery-carousel-item\"><div class=\"kadence-blocks-gallery-item\"><div class=\"kadence-blocks-gallery-item-inner\"><figure class=\"kb-gallery-figure kadence-blocks-gallery-item-hide-caption\"><div class=\"kb-gal-image-radius\"><div class=\"kb-gallery-image-contain\"><img decoding=\"async\" src=\"https:\/\/www.emco.mil.cl\/wp-content\/uploads\/2021\/10\/web-Bosnia3.jpg\" width=\"1024\" height=\"488\" alt=\"\" data-full-image=\"https:\/\/www.emco.mil.cl\/wp-content\/uploads\/2021\/10\/web-Bosnia3.jpg\" data-light-image=\"https:\/\/www.emco.mil.cl\/wp-content\/uploads\/2021\/10\/web-Bosnia3.jpg\" data-id=\"7774\" data-link=\"https:\/\/www.emco.mil.cl\/index.php\/althea-bosnia-y-herzegovina\/web-bosnia3\/\" class=\"wp-image-7774 skip-lazy\" srcset=\"https:\/\/www.emco.mil.cl\/wp-content\/uploads\/2021\/10\/web-Bosnia3.jpg 1024w, https:\/\/www.emco.mil.cl\/wp-content\/uploads\/2021\/10\/web-Bosnia3-300x143.jpg 300w, https:\/\/www.emco.mil.cl\/wp-content\/uploads\/2021\/10\/web-Bosnia3-768x366.jpg 768w, https:\/\/www.emco.mil.cl\/wp-content\/uploads\/2021\/10\/web-Bosnia3-350x167.jpg 350w\" sizes=\"(max-width: 1024px) 100vw, 1024px\" \/><\/div><\/div><\/figure><\/div><\/div><\/div><div class=\"kb-slide-item kb-gallery-carousel-item\"><div class=\"kadence-blocks-gallery-item\"><div class=\"kadence-blocks-gallery-item-inner\"><figure class=\"kb-gallery-figure kadence-blocks-gallery-item-hide-caption\"><div class=\"kb-gal-image-radius\"><div class=\"kb-gallery-image-contain\"><img loading=\"lazy\" decoding=\"async\" src=\"https:\/\/www.emco.mil.cl\/wp-content\/uploads\/2021\/10\/web-Bosnia4.jpg\" width=\"1024\" height=\"488\" alt=\"\" data-full-image=\"https:\/\/www.emco.mil.cl\/wp-content\/uploads\/2021\/10\/web-Bosnia4.jpg\" data-light-image=\"https:\/\/www.emco.mil.cl\/wp-content\/uploads\/2021\/10\/web-Bosnia4.jpg\" data-id=\"7775\" data-link=\"https:\/\/www.emco.mil.cl\/index.php\/althea-bosnia-y-herzegovina\/web-bosnia4\/\" class=\"wp-image-7775 skip-lazy\" srcset=\"https:\/\/www.emco.mil.cl\/wp-content\/uploads\/2021\/10\/web-Bosnia4.jpg 1024w, https:\/\/www.emco.mil.cl\/wp-content\/uploads\/2021\/10\/web-Bosnia4-300x143.jpg 300w, https:\/\/www.emco.mil.cl\/wp-content\/uploads\/2021\/10\/web-Bosnia4-768x366.jpg 768w, https:\/\/www.emco.mil.cl\/wp-content\/uploads\/2021\/10\/web-Bosnia4-350x167.jpg 350w\" sizes=\"(max-width: 1024px) 100vw, 1024px\" \/><\/div><\/div><\/figure><\/div><\/div><\/div><div class=\"kb-slide-item kb-gallery-carousel-item\"><div class=\"kadence-blocks-gallery-item\"><div class=\"kadence-blocks-gallery-item-inner\"><figure class=\"kb-gallery-figure kadence-blocks-gallery-item-hide-caption\"><div class=\"kb-gal-image-radius\"><div class=\"kb-gallery-image-contain\"><img loading=\"lazy\" decoding=\"async\" src=\"https:\/\/www.emco.mil.cl\/wp-content\/uploads\/2021\/10\/web-Bosnia5.jpg\" width=\"1024\" height=\"488\" alt=\"\" data-full-image=\"https:\/\/www.emco.mil.cl\/wp-content\/uploads\/2021\/10\/web-Bosnia5.jpg\" data-light-image=\"https:\/\/www.emco.mil.cl\/wp-content\/uploads\/2021\/10\/web-Bosnia5.jpg\" data-id=\"7776\" data-link=\"https:\/\/www.emco.mil.cl\/index.php\/althea-bosnia-y-herzegovina\/web-bosnia5\/\" class=\"wp-image-7776 skip-lazy\" srcset=\"https:\/\/www.emco.mil.cl\/wp-content\/uploads\/2021\/10\/web-Bosnia5.jpg 1024w, https:\/\/www.emco.mil.cl\/wp-content\/uploads\/2021\/10\/web-Bosnia5-300x143.jpg 300w, https:\/\/www.emco.mil.cl\/wp-content\/uploads\/2021\/10\/web-Bosnia5-768x366.jpg 768w, https:\/\/www.emco.mil.cl\/wp-content\/uploads\/2021\/10\/web-Bosnia5-350x167.jpg 350w\" sizes=\"(max-width: 1024px) 100vw, 1024px\" \/><\/div><\/div><\/figure><\/div><\/div><\/div><\/div><\/div><\/div><\/div>\n","protected":false},"excerpt":{"rendered":"<p>Bosnia y Herzegovina es un pa\u00eds situado en la Pen\u00ednsula de los Balcanes, cuya capital es la ciudad de Sarajevo. Obtiene su independencia de la antigua Yugoslavia en 1992, mediante un Refer\u00e9ndum realizado en marzo de ese a\u00f1o. Los Serbios de la antigua Yugoslavia se oponen a esta independencia, motivados por una ideolog\u00eda nacionalista que&#8230;<\/p>\n","protected":false},"author":4,"featured_media":0,"parent":0,"menu_order":0,"comment_status":"closed","ping_status":"closed","template":"","meta":{"_kad_post_transparent":"","_kad_post_title":"","_kad_post_layout":"","_kad_post_sidebar_id":"","_kad_post_content_style":"","_kad_post_vertical_padding":"","_kad_post_feature":"","_kad_post_feature_position":"","_kad_post_header":false,"_kad_post_footer":false,"footnotes":""},"class_list":["post-819","page","type-page","status-publish","hentry"],"_links":{"self":[{"href":"https:\/\/www.emco.mil.cl\/index.php\/wp-json\/wp\/v2\/pages\/819","targetHints":{"allow":["GET"]}}],"collection":[{"href":"https:\/\/www.emco.mil.cl\/index.php\/wp-json\/wp\/v2\/pages"}],"about":[{"href":"https:\/\/www.emco.mil.cl\/index.php\/wp-json\/wp\/v2\/types\/page"}],"author":[{"embeddable":true,"href":"https:\/\/www.emco.mil.cl\/index.php\/wp-json\/wp\/v2\/users\/4"}],"replies":[{"embeddable":true,"href":"https:\/\/www.emco.mil.cl\/index.php\/wp-json\/wp\/v2\/comments?post=819"}],"version-history":[{"count":5,"href":"https:\/\/www.emco.mil.cl\/index.php\/wp-json\/wp\/v2\/pages\/819\/revisions"}],"predecessor-version":[{"id":7904,"href":"https:\/\/www.emco.mil.cl\/index.php\/wp-json\/wp\/v2\/pages\/819\/revisions\/7904"}],"wp:attachment":[{"href":"https:\/\/www.emco.mil.cl\/index.php\/wp-json\/wp\/v2\/media?parent=819"}],"curies":[{"name":"wp","href":"https:\/\/api.w.org\/{rel}","templated":true}]}}