{"id":817,"date":"2021-09-08T11:04:35","date_gmt":"2021-09-08T14:04:35","guid":{"rendered":"http:\/\/10.195.30.25\/?page_id=817"},"modified":"2021-10-20T12:05:02","modified_gmt":"2021-10-20T15:05:02","slug":"untso-medio-oriente","status":"publish","type":"page","link":"https:\/\/www.emco.mil.cl\/index.php\/untso-medio-oriente\/","title":{"rendered":"UNTSO MEDIO ORIENTE"},"content":{"rendered":"\n<p>El Organismo de las Naciones Unidas para la Vigilancia de la Tregua (UNTSO) en Medio Oriente, se cre\u00f3 el 29 de mayo de 1948&nbsp;con el objeto de supervisar el alto el fuego buscando el cese en las hostilidades entre \u00c1rabes e Israel\u00edes. Se decidi\u00f3 que la tregua deb\u00eda ser supervisada por el mediador de las Naciones Unidas para Palestina ayudado por un grupo de observadores militares. UNTSO es la operaci\u00f3n de mantenimiento de la paz de las Naciones Unidas de mayor antig\u00fcedad, ya que fue la primera en constituirse y ha continuado desplegada hasta la actualidad.<\/p>\n\n\n\n<p>Chile participa activamente en UNTSO desde el a\u00f1o 1997.&nbsp; A\u00f1o en que Egipto solicit\u00f3 el retiro de los observadores militares de su territorio, desencaden\u00e1ndose la llamada \u201cGuerra de los Seis D\u00edas\u201d que volvi\u00f3 a demarcar las fronteras de Israel con Egipto, Siria y Jordania.<\/p>\n\n\n\n<p>Los observadores chilenos permanecen 6 meses, desempe\u00f1\u00e1ndose en Egipto, Israel, Jordania, L\u00edbano y Siria. Tiene la responsabilidad de supervisar el cumplimiento del acuerdo de cese de fuego de 1974, firmado entre Israel y Sira. Su tarea es vigilar y reportar por medio de patrullaje, observaci\u00f3n, verificaci\u00f3n e inspecci\u00f3n de los movimientos que realizan los ej\u00e9rcitos involucrados, con el prop\u00f3sito de detectar e informar posibles violaciones al acuerdo de desvinculaci\u00f3n de las \u00e1reas de l\u00edmites.<\/p>\n\n\n\n<p>Los representantes chilenos han sido, en m\u00e1s de una ocasi\u00f3n, Jefes de Grupo de Observadores. Hasta la fecha, se ha destinado a m\u00e1s de 140 Oficiales de las Fuerzas Armadas&nbsp;chilenas. Actualmente, nuestro pa\u00eds participa en esta misi\u00f3n con dos Oficiales de Ej\u00e9rcito y un Oficial de la Armada.<\/p>\n\n\n<style>.kb-gallery-type-fluidcarousel.kb-gallery-id-_893e83-57 .kt-blocks-carousel .kt-blocks-carousel-init .kb-slide-item{padding:4px 5px;}.kb-gallery-type-fluidcarousel.kb-gallery-id-_893e83-57 .kt-blocks-carousel .kt-blocks-carousel-init.kb-carousel-mode-align-left .kb-slide-item{padding:4px 10px 4px 0;}.kb-gallery-id-_893e83-57.kb-gallery-ul.kb-gallery-type-fluidcarousel .kt-blocks-carousel figure .kb-gal-image-radius, .kb-gallery-id-_893e83-57.kb-gallery-ul.kb-gallery-type-fluidcarousel .kt-blocks-carousel figure .kb-gal-image-radius img{height:300px;}.kb-gallery-id-_893e83-57 .kadence-blocks-gallery-item .kb-gal-image-radius, .kb-gallery-id-_893e83-57 .kb-slide-item .kb-gal-image-radius img{border-radius:0px 0px 0px 0px;;}.kb-gallery-wrap-id-_893e83-57.wp-block-kadence-advancedgallery{overflow:visible;}.kb-gallery-wrap-id-_893e83-57.wp-block-kadence-advancedgallery .kt-blocks-carousel{overflow:visible;max-width:100%;}<\/style>\n<div class=\"wp-block-kadence-advancedgallery kb-gallery-wrap-id-_893e83-57\"><div class=\"kb-gallery-ul kb-gallery-type-fluidcarousel kb-gallery-id-_893e83-57 kb-gallery-caption-style-bottom-hover kb-gallery-filter-none\" data-image-filter=\"none\" data-lightbox-caption=\"true\"><div class=\"kt-blocks-carousel kt-carousel-container-dotstyle-dark\"><div class=\"kt-blocks-carousel-init kb-blocks-fluid-carousel kt-carousel-arrowstyle-whiteondark kt-carousel-dotstyle-dark\" data-slider-anim-speed=\"250\" data-slider-type=\"fluidcarousel\" data-slider-scroll=\"1\" data-slider-arrows=\"true\" data-slider-dots=\"true\" data-slider-hover-pause=\"false\" data-slider-auto=\"true\" data-slider-speed=\"3770\"><div class=\"kb-slide-item kb-gallery-carousel-item\"><div class=\"kadence-blocks-gallery-item\"><div class=\"kadence-blocks-gallery-item-inner\"><figure class=\"kb-gallery-figure kadence-blocks-gallery-item-hide-caption\"><div class=\"kb-gal-image-radius\"><div class=\"kb-gallery-image-contain\"><img fetchpriority=\"high\" decoding=\"async\" src=\"https:\/\/www.emco.mil.cl\/wp-content\/uploads\/2021\/10\/webUNTSO.jpg\" width=\"1024\" height=\"488\" alt=\"\" data-full-image=\"https:\/\/www.emco.mil.cl\/wp-content\/uploads\/2021\/10\/webUNTSO.jpg\" data-light-image=\"https:\/\/www.emco.mil.cl\/wp-content\/uploads\/2021\/10\/webUNTSO.jpg\" data-id=\"7768\" data-link=\"https:\/\/www.emco.mil.cl\/index.php\/untso-medio-oriente\/webuntso\/\" class=\"wp-image-7768 skip-lazy\" srcset=\"https:\/\/www.emco.mil.cl\/wp-content\/uploads\/2021\/10\/webUNTSO.jpg 1024w, https:\/\/www.emco.mil.cl\/wp-content\/uploads\/2021\/10\/webUNTSO-300x143.jpg 300w, https:\/\/www.emco.mil.cl\/wp-content\/uploads\/2021\/10\/webUNTSO-768x366.jpg 768w, https:\/\/www.emco.mil.cl\/wp-content\/uploads\/2021\/10\/webUNTSO-350x167.jpg 350w\" sizes=\"(max-width: 1024px) 100vw, 1024px\" \/><\/div><\/div><\/figure><\/div><\/div><\/div><div class=\"kb-slide-item kb-gallery-carousel-item\"><div class=\"kadence-blocks-gallery-item\"><div class=\"kadence-blocks-gallery-item-inner\"><figure class=\"kb-gallery-figure kadence-blocks-gallery-item-hide-caption\"><div class=\"kb-gal-image-radius\"><div class=\"kb-gallery-image-contain\"><img decoding=\"async\" src=\"https:\/\/www.emco.mil.cl\/wp-content\/uploads\/2021\/10\/webUNTSO2.jpg\" width=\"1024\" height=\"488\" alt=\"\" data-full-image=\"https:\/\/www.emco.mil.cl\/wp-content\/uploads\/2021\/10\/webUNTSO2.jpg\" data-light-image=\"https:\/\/www.emco.mil.cl\/wp-content\/uploads\/2021\/10\/webUNTSO2.jpg\" data-id=\"7769\" data-link=\"https:\/\/www.emco.mil.cl\/index.php\/untso-medio-oriente\/webuntso2\/\" class=\"wp-image-7769 skip-lazy\" srcset=\"https:\/\/www.emco.mil.cl\/wp-content\/uploads\/2021\/10\/webUNTSO2.jpg 1024w, https:\/\/www.emco.mil.cl\/wp-content\/uploads\/2021\/10\/webUNTSO2-300x143.jpg 300w, https:\/\/www.emco.mil.cl\/wp-content\/uploads\/2021\/10\/webUNTSO2-768x366.jpg 768w, https:\/\/www.emco.mil.cl\/wp-content\/uploads\/2021\/10\/webUNTSO2-350x167.jpg 350w\" sizes=\"(max-width: 1024px) 100vw, 1024px\" \/><\/div><\/div><\/figure><\/div><\/div><\/div><div class=\"kb-slide-item kb-gallery-carousel-item\"><div class=\"kadence-blocks-gallery-item\"><div class=\"kadence-blocks-gallery-item-inner\"><figure class=\"kb-gallery-figure kadence-blocks-gallery-item-hide-caption\"><div class=\"kb-gal-image-radius\"><div class=\"kb-gallery-image-contain\"><img decoding=\"async\" src=\"https:\/\/www.emco.mil.cl\/wp-content\/uploads\/2021\/10\/webUNTSO3.jpg\" width=\"1024\" height=\"488\" alt=\"\" data-full-image=\"https:\/\/www.emco.mil.cl\/wp-content\/uploads\/2021\/10\/webUNTSO3.jpg\" data-light-image=\"https:\/\/www.emco.mil.cl\/wp-content\/uploads\/2021\/10\/webUNTSO3.jpg\" data-id=\"7805\" data-link=\"https:\/\/www.emco.mil.cl\/index.php\/untso-medio-oriente\/webuntso3\/\" class=\"wp-image-7805 skip-lazy\" srcset=\"https:\/\/www.emco.mil.cl\/wp-content\/uploads\/2021\/10\/webUNTSO3.jpg 1024w, https:\/\/www.emco.mil.cl\/wp-content\/uploads\/2021\/10\/webUNTSO3-300x143.jpg 300w, https:\/\/www.emco.mil.cl\/wp-content\/uploads\/2021\/10\/webUNTSO3-768x366.jpg 768w, https:\/\/www.emco.mil.cl\/wp-content\/uploads\/2021\/10\/webUNTSO3-350x167.jpg 350w\" sizes=\"(max-width: 1024px) 100vw, 1024px\" \/><\/div><\/div><\/figure><\/div><\/div><\/div><div class=\"kb-slide-item kb-gallery-carousel-item\"><div class=\"kadence-blocks-gallery-item\"><div class=\"kadence-blocks-gallery-item-inner\"><figure class=\"kb-gallery-figure kadence-blocks-gallery-item-hide-caption\"><div class=\"kb-gal-image-radius\"><div class=\"kb-gallery-image-contain\"><img loading=\"lazy\" decoding=\"async\" src=\"https:\/\/www.emco.mil.cl\/wp-content\/uploads\/2021\/10\/webUNTSO4.jpg\" width=\"1024\" height=\"488\" alt=\"\" data-full-image=\"https:\/\/www.emco.mil.cl\/wp-content\/uploads\/2021\/10\/webUNTSO4.jpg\" data-light-image=\"https:\/\/www.emco.mil.cl\/wp-content\/uploads\/2021\/10\/webUNTSO4.jpg\" data-id=\"7806\" data-link=\"https:\/\/www.emco.mil.cl\/index.php\/untso-medio-oriente\/webuntso4\/\" class=\"wp-image-7806 skip-lazy\" srcset=\"https:\/\/www.emco.mil.cl\/wp-content\/uploads\/2021\/10\/webUNTSO4.jpg 1024w, https:\/\/www.emco.mil.cl\/wp-content\/uploads\/2021\/10\/webUNTSO4-300x143.jpg 300w, https:\/\/www.emco.mil.cl\/wp-content\/uploads\/2021\/10\/webUNTSO4-768x366.jpg 768w, https:\/\/www.emco.mil.cl\/wp-content\/uploads\/2021\/10\/webUNTSO4-350x167.jpg 350w\" sizes=\"(max-width: 1024px) 100vw, 1024px\" \/><\/div><\/div><\/figure><\/div><\/div><\/div><\/div><\/div><\/div><\/div>\n","protected":false},"excerpt":{"rendered":"<p>El Organismo de las Naciones Unidas para la Vigilancia de la Tregua (UNTSO) en Medio Oriente, se cre\u00f3 el 29 de mayo de 1948&nbsp;con el objeto de supervisar el alto el fuego buscando el cese en las hostilidades entre \u00c1rabes e Israel\u00edes. Se decidi\u00f3 que la tregua deb\u00eda ser supervisada por el mediador de las&#8230;<\/p>\n","protected":false},"author":4,"featured_media":0,"parent":0,"menu_order":0,"comment_status":"closed","ping_status":"closed","template":"","meta":{"_kad_post_transparent":"","_kad_post_title":"","_kad_post_layout":"","_kad_post_sidebar_id":"","_kad_post_content_style":"","_kad_post_vertical_padding":"","_kad_post_feature":"","_kad_post_feature_position":"","_kad_post_header":false,"_kad_post_footer":false,"footnotes":""},"class_list":["post-817","page","type-page","status-publish","hentry"],"_links":{"self":[{"href":"https:\/\/www.emco.mil.cl\/index.php\/wp-json\/wp\/v2\/pages\/817","targetHints":{"allow":["GET"]}}],"collection":[{"href":"https:\/\/www.emco.mil.cl\/index.php\/wp-json\/wp\/v2\/pages"}],"about":[{"href":"https:\/\/www.emco.mil.cl\/index.php\/wp-json\/wp\/v2\/types\/page"}],"author":[{"embeddable":true,"href":"https:\/\/www.emco.mil.cl\/index.php\/wp-json\/wp\/v2\/users\/4"}],"replies":[{"embeddable":true,"href":"https:\/\/www.emco.mil.cl\/index.php\/wp-json\/wp\/v2\/comments?post=817"}],"version-history":[{"count":5,"href":"https:\/\/www.emco.mil.cl\/index.php\/wp-json\/wp\/v2\/pages\/817\/revisions"}],"predecessor-version":[{"id":7903,"href":"https:\/\/www.emco.mil.cl\/index.php\/wp-json\/wp\/v2\/pages\/817\/revisions\/7903"}],"wp:attachment":[{"href":"https:\/\/www.emco.mil.cl\/index.php\/wp-json\/wp\/v2\/media?parent=817"}],"curies":[{"name":"wp","href":"https:\/\/api.w.org\/{rel}","templated":true}]}}