{"id":7792,"date":"2021-10-18T10:59:53","date_gmt":"2021-10-18T13:59:53","guid":{"rendered":"https:\/\/www2.emco.mil.cl\/?page_id=7792"},"modified":"2021-10-20T14:38:57","modified_gmt":"2021-10-20T17:38:57","slug":"fuerzas-de-paz-combinadas-cruz-del-sur-2","status":"publish","type":"page","link":"https:\/\/www.emco.mil.cl\/index.php\/fuerzas-de-paz-combinadas-cruz-del-sur-2\/","title":{"rendered":"FUERZA DE PAZ COMBINADA CRUZ DEL SUR"},"content":{"rendered":"\n<p>La Fuerza de Paz Combinada (FPC) \u201cCruz del Sur\u201d, es una iniciativa binacional de car\u00e1cter militar (chilena \u2013 argentina), que considera la conformaci\u00f3n de una fuerza militar, para ser empleada en misiones de operaciones de paz, bajo mandato de Naciones Unidas y que nace durante las conversaciones bilaterales desarrolladas entre los a\u00f1os 2005 y 2006. &nbsp;La composici\u00f3n, organizaci\u00f3n y dependencia de la FPC \u201cCruz del Sur\u201d est\u00e1 definida en el Memor\u00e1ndum de Entendimiento del a\u00f1o 2010, firmado por los Ministerios de Defensa de ambos pa\u00edses. Dicho Memor\u00e1ndum consolida el trabajo realizado en instancias pol\u00edticas de nivel bilateral, por los Estados Mayores Conjuntos y por las Instituciones de las Fuerzas Armadas.<\/p>\n\n\n\n<p>Por ello, esta FPC \u201cCruz del Sur\u201d est\u00e1 bajo la responsabilidad del Estado Mayor Conjunto, a trav\u00e9s de la Direcci\u00f3n de Operaciones Conjunta. Dicha FPC, al momento de ser desplegada, operar\u00e1 bajo el mando de la Autoridad Militar Binacional.<\/p>\n\n\n\n<p>Su actual conformaci\u00f3n considera tres componentes (componente terrestre, naval y a\u00e9reo), siendo independientes y complementarias entre s\u00ed. Para la conducci\u00f3n y control de la FPC, la Autoridad Militar Binacional cuenta con un Estado Mayor Conjunto y Combinado (EMCC); el cual, rotando anualmente entre ambos pa\u00edses, asesora al Jefe de Estado Mayor del pa\u00eds sede.<\/p>\n\n\n\n<p>Las componentes est\u00e1n conformadas por medios humanos y materiales de ambos pa\u00edses, y su aporte se caracteriza por ser equilibrado y complementario.&nbsp; Su empleo est\u00e1 circunscrito a ser desplegado bajo mandato de Naciones Unidas, previa aprobaci\u00f3n de ambos pa\u00edses, bajo los par\u00e1metros y procedimientos que sean establecidos por sus respectivas leyes.<\/p>\n\n\n\n<p>Su actual conformaci\u00f3n esta materializada por una componente terrestre que est\u00e1 compuesta por medios terrestres de los Ej\u00e9rcitos y Armadas de Chile y Argentina. Est\u00e1 constituida por dos batallones de infanter\u00eda mecanizada y su empleo considera el despliegue en forma completa o modular.<\/p>\n\n\n\n<p>A su vez, una componente naval que est\u00e1 compuesta por medios humanos y materiales de las Armadas de Chile y Argentina y constituida por una unidad de patrullaje oce\u00e1nico con un helic\u00f3ptero embarcado (Chile) y una corbeta (Argentina). Su empleo est\u00e1 concebido en forma completa.<\/p>\n\n\n\n<p>Asimismo, la componente a\u00e9rea est\u00e1 compuesta por medios de las Fuerzas a A\u00e9reas de Chile y Argentina y est\u00e1 constituida por 8 helic\u00f3pteros (4 por pa\u00eds) en su formato completo y 4 helic\u00f3pteros (2 por pa\u00eds) en su formato modular.<\/p>\n\n\n\n<p>Esta FPC se encuentra organizada, estructurada, con su equipamiento parcialmente completado, con entrenamiento de nivel b\u00e1sico y conjunto desarrollado y con la incorporaci\u00f3n al Sistema de Preparaci\u00f3n de Capacidades para el Mantenimiento de la Paz (PCRS) de ONU pendiente. Junto con lo anterior, se est\u00e1 trabajando en completar una unidad de ingenieros de construcci\u00f3n binacional para su incorporaci\u00f3n a la FPC y su posterior inscripci\u00f3n al Sistema PCRS de ONU.<\/p>\n\n\n<style>.kb-gallery-type-fluidcarousel.kb-gallery-id-_f598d1-50 .kt-blocks-carousel .kt-blocks-carousel-init .kb-slide-item{padding:4px 5px;}.kb-gallery-type-fluidcarousel.kb-gallery-id-_f598d1-50 .kt-blocks-carousel .kt-blocks-carousel-init.kb-carousel-mode-align-left .kb-slide-item{padding:4px 10px 4px 0;}.kb-gallery-id-_f598d1-50.kb-gallery-ul.kb-gallery-type-fluidcarousel .kt-blocks-carousel figure .kb-gal-image-radius, .kb-gallery-id-_f598d1-50.kb-gallery-ul.kb-gallery-type-fluidcarousel .kt-blocks-carousel figure .kb-gal-image-radius img{height:300px;}.kb-gallery-id-_f598d1-50 .kadence-blocks-gallery-item .kb-gal-image-radius, .kb-gallery-id-_f598d1-50 .kb-slide-item .kb-gal-image-radius img{border-radius:0px 0px 0px 0px;;}.kb-gallery-wrap-id-_f598d1-50.wp-block-kadence-advancedgallery{overflow:visible;}.kb-gallery-wrap-id-_f598d1-50.wp-block-kadence-advancedgallery .kt-blocks-carousel{overflow:visible;max-width:100%;}<\/style>\n<div class=\"wp-block-kadence-advancedgallery kb-gallery-wrap-id-_f598d1-50\"><div class=\"kb-gallery-ul kb-gallery-type-fluidcarousel kb-gallery-id-_f598d1-50 kb-gallery-caption-style-bottom-hover kb-gallery-filter-none\" data-image-filter=\"none\" data-lightbox-caption=\"true\"><div class=\"kt-blocks-carousel kt-carousel-container-dotstyle-dark\"><div class=\"kt-blocks-carousel-init kb-blocks-fluid-carousel kt-carousel-arrowstyle-whiteondark kt-carousel-dotstyle-dark\" data-slider-anim-speed=\"250\" data-slider-type=\"fluidcarousel\" data-slider-scroll=\"1\" data-slider-arrows=\"true\" data-slider-dots=\"true\" data-slider-hover-pause=\"false\" data-slider-auto=\"true\" data-slider-speed=\"3770\"><div class=\"kb-slide-item kb-gallery-carousel-item\"><div class=\"kadence-blocks-gallery-item\"><div class=\"kadence-blocks-gallery-item-inner\"><figure class=\"kb-gallery-figure kadence-blocks-gallery-item-hide-caption\"><div class=\"kb-gal-image-radius\"><div class=\"kb-gallery-image-contain\"><img fetchpriority=\"high\" decoding=\"async\" src=\"https:\/\/www.emco.mil.cl\/wp-content\/uploads\/2021\/10\/WEB-FCPC-2014.jpg\" width=\"1024\" height=\"488\" alt=\"\" data-full-image=\"https:\/\/www.emco.mil.cl\/wp-content\/uploads\/2021\/10\/WEB-FCPC-2014.jpg\" data-light-image=\"https:\/\/www.emco.mil.cl\/wp-content\/uploads\/2021\/10\/WEB-FCPC-2014.jpg\" data-id=\"7580\" data-link=\"https:\/\/www.emco.mil.cl\/index.php\/fuerzas-de-paz-combinadas-cruz-del-sur\/web-fcpc-2014\/\" class=\"wp-image-7580 skip-lazy\" srcset=\"https:\/\/www.emco.mil.cl\/wp-content\/uploads\/2021\/10\/WEB-FCPC-2014.jpg 1024w, https:\/\/www.emco.mil.cl\/wp-content\/uploads\/2021\/10\/WEB-FCPC-2014-300x143.jpg 300w, https:\/\/www.emco.mil.cl\/wp-content\/uploads\/2021\/10\/WEB-FCPC-2014-768x366.jpg 768w, https:\/\/www.emco.mil.cl\/wp-content\/uploads\/2021\/10\/WEB-FCPC-2014-350x167.jpg 350w\" sizes=\"(max-width: 1024px) 100vw, 1024px\" \/><\/div><\/div><\/figure><\/div><\/div><\/div><div class=\"kb-slide-item kb-gallery-carousel-item\"><div class=\"kadence-blocks-gallery-item\"><div class=\"kadence-blocks-gallery-item-inner\"><figure class=\"kb-gallery-figure kadence-blocks-gallery-item-hide-caption\"><div class=\"kb-gal-image-radius\"><div class=\"kb-gallery-image-contain\"><img decoding=\"async\" src=\"https:\/\/www.emco.mil.cl\/wp-content\/uploads\/2021\/10\/web1-2.jpg\" width=\"1024\" height=\"488\" alt=\"\" data-full-image=\"https:\/\/www.emco.mil.cl\/wp-content\/uploads\/2021\/10\/web1-2.jpg\" data-light-image=\"https:\/\/www.emco.mil.cl\/wp-content\/uploads\/2021\/10\/web1-2.jpg\" data-id=\"7939\" data-link=\"https:\/\/www.emco.mil.cl\/index.php\/fuerzas-de-paz-combinadas-cruz-del-sur-2\/web1-2\/\" class=\"wp-image-7939 skip-lazy\" srcset=\"https:\/\/www.emco.mil.cl\/wp-content\/uploads\/2021\/10\/web1-2.jpg 1024w, https:\/\/www.emco.mil.cl\/wp-content\/uploads\/2021\/10\/web1-2-300x143.jpg 300w, https:\/\/www.emco.mil.cl\/wp-content\/uploads\/2021\/10\/web1-2-768x366.jpg 768w, https:\/\/www.emco.mil.cl\/wp-content\/uploads\/2021\/10\/web1-2-350x167.jpg 350w\" sizes=\"(max-width: 1024px) 100vw, 1024px\" \/><\/div><\/div><\/figure><\/div><\/div><\/div><div class=\"kb-slide-item kb-gallery-carousel-item\"><div class=\"kadence-blocks-gallery-item\"><div class=\"kadence-blocks-gallery-item-inner\"><figure class=\"kb-gallery-figure kadence-blocks-gallery-item-hide-caption\"><div class=\"kb-gal-image-radius\"><div class=\"kb-gallery-image-contain\"><img decoding=\"async\" src=\"https:\/\/www.emco.mil.cl\/wp-content\/uploads\/2021\/10\/web2-2.jpg\" width=\"1024\" height=\"488\" alt=\"\" data-full-image=\"https:\/\/www.emco.mil.cl\/wp-content\/uploads\/2021\/10\/web2-2.jpg\" data-light-image=\"https:\/\/www.emco.mil.cl\/wp-content\/uploads\/2021\/10\/web2-2.jpg\" data-id=\"7940\" data-link=\"https:\/\/www.emco.mil.cl\/index.php\/fuerzas-de-paz-combinadas-cruz-del-sur-2\/web2-2\/\" class=\"wp-image-7940 skip-lazy\" srcset=\"https:\/\/www.emco.mil.cl\/wp-content\/uploads\/2021\/10\/web2-2.jpg 1024w, https:\/\/www.emco.mil.cl\/wp-content\/uploads\/2021\/10\/web2-2-300x143.jpg 300w, https:\/\/www.emco.mil.cl\/wp-content\/uploads\/2021\/10\/web2-2-768x366.jpg 768w, https:\/\/www.emco.mil.cl\/wp-content\/uploads\/2021\/10\/web2-2-350x167.jpg 350w\" sizes=\"(max-width: 1024px) 100vw, 1024px\" \/><\/div><\/div><\/figure><\/div><\/div><\/div><div class=\"kb-slide-item kb-gallery-carousel-item\"><div class=\"kadence-blocks-gallery-item\"><div class=\"kadence-blocks-gallery-item-inner\"><figure class=\"kb-gallery-figure kadence-blocks-gallery-item-hide-caption\"><div class=\"kb-gal-image-radius\"><div class=\"kb-gallery-image-contain\"><img loading=\"lazy\" decoding=\"async\" src=\"https:\/\/www.emco.mil.cl\/wp-content\/uploads\/2021\/10\/web3-2.jpg\" width=\"1024\" height=\"488\" alt=\"\" data-full-image=\"https:\/\/www.emco.mil.cl\/wp-content\/uploads\/2021\/10\/web3-2.jpg\" data-light-image=\"https:\/\/www.emco.mil.cl\/wp-content\/uploads\/2021\/10\/web3-2.jpg\" data-id=\"7941\" data-link=\"https:\/\/www.emco.mil.cl\/index.php\/fuerzas-de-paz-combinadas-cruz-del-sur-2\/web3-2\/\" class=\"wp-image-7941 skip-lazy\" srcset=\"https:\/\/www.emco.mil.cl\/wp-content\/uploads\/2021\/10\/web3-2.jpg 1024w, https:\/\/www.emco.mil.cl\/wp-content\/uploads\/2021\/10\/web3-2-300x143.jpg 300w, https:\/\/www.emco.mil.cl\/wp-content\/uploads\/2021\/10\/web3-2-768x366.jpg 768w, https:\/\/www.emco.mil.cl\/wp-content\/uploads\/2021\/10\/web3-2-350x167.jpg 350w\" sizes=\"(max-width: 1024px) 100vw, 1024px\" \/><\/div><\/div><\/figure><\/div><\/div><\/div><div class=\"kb-slide-item kb-gallery-carousel-item\"><div class=\"kadence-blocks-gallery-item\"><div class=\"kadence-blocks-gallery-item-inner\"><figure class=\"kb-gallery-figure kadence-blocks-gallery-item-hide-caption\"><div class=\"kb-gal-image-radius\"><div class=\"kb-gallery-image-contain\"><img loading=\"lazy\" decoding=\"async\" src=\"https:\/\/www.emco.mil.cl\/wp-content\/uploads\/2021\/10\/web4-2.jpg\" width=\"1024\" height=\"488\" alt=\"\" data-full-image=\"https:\/\/www.emco.mil.cl\/wp-content\/uploads\/2021\/10\/web4-2.jpg\" data-light-image=\"https:\/\/www.emco.mil.cl\/wp-content\/uploads\/2021\/10\/web4-2.jpg\" data-id=\"7942\" data-link=\"https:\/\/www.emco.mil.cl\/index.php\/fuerzas-de-paz-combinadas-cruz-del-sur-2\/web4-2\/\" class=\"wp-image-7942 skip-lazy\" srcset=\"https:\/\/www.emco.mil.cl\/wp-content\/uploads\/2021\/10\/web4-2.jpg 1024w, https:\/\/www.emco.mil.cl\/wp-content\/uploads\/2021\/10\/web4-2-300x143.jpg 300w, https:\/\/www.emco.mil.cl\/wp-content\/uploads\/2021\/10\/web4-2-768x366.jpg 768w, https:\/\/www.emco.mil.cl\/wp-content\/uploads\/2021\/10\/web4-2-350x167.jpg 350w\" sizes=\"(max-width: 1024px) 100vw, 1024px\" \/><\/div><\/div><\/figure><\/div><\/div><\/div><div class=\"kb-slide-item kb-gallery-carousel-item\"><div class=\"kadence-blocks-gallery-item\"><div class=\"kadence-blocks-gallery-item-inner\"><figure class=\"kb-gallery-figure kadence-blocks-gallery-item-hide-caption\"><div class=\"kb-gal-image-radius\"><div class=\"kb-gallery-image-contain\"><img loading=\"lazy\" decoding=\"async\" src=\"https:\/\/www.emco.mil.cl\/wp-content\/uploads\/2021\/10\/web5-2.jpg\" width=\"1024\" height=\"488\" alt=\"\" data-full-image=\"https:\/\/www.emco.mil.cl\/wp-content\/uploads\/2021\/10\/web5-2.jpg\" data-light-image=\"https:\/\/www.emco.mil.cl\/wp-content\/uploads\/2021\/10\/web5-2.jpg\" data-id=\"7943\" data-link=\"https:\/\/www.emco.mil.cl\/index.php\/fuerzas-de-paz-combinadas-cruz-del-sur-2\/web5-2\/\" class=\"wp-image-7943 skip-lazy\" srcset=\"https:\/\/www.emco.mil.cl\/wp-content\/uploads\/2021\/10\/web5-2.jpg 1024w, https:\/\/www.emco.mil.cl\/wp-content\/uploads\/2021\/10\/web5-2-300x143.jpg 300w, https:\/\/www.emco.mil.cl\/wp-content\/uploads\/2021\/10\/web5-2-768x366.jpg 768w, https:\/\/www.emco.mil.cl\/wp-content\/uploads\/2021\/10\/web5-2-350x167.jpg 350w\" sizes=\"(max-width: 1024px) 100vw, 1024px\" \/><\/div><\/div><\/figure><\/div><\/div><\/div><div class=\"kb-slide-item kb-gallery-carousel-item\"><div class=\"kadence-blocks-gallery-item\"><div class=\"kadence-blocks-gallery-item-inner\"><figure class=\"kb-gallery-figure kadence-blocks-gallery-item-hide-caption\"><div class=\"kb-gal-image-radius\"><div class=\"kb-gallery-image-contain\"><img loading=\"lazy\" decoding=\"async\" src=\"https:\/\/www.emco.mil.cl\/wp-content\/uploads\/2021\/10\/web6-2.jpg\" width=\"1024\" height=\"488\" alt=\"\" data-full-image=\"https:\/\/www.emco.mil.cl\/wp-content\/uploads\/2021\/10\/web6-2.jpg\" data-light-image=\"https:\/\/www.emco.mil.cl\/wp-content\/uploads\/2021\/10\/web6-2.jpg\" data-id=\"7944\" data-link=\"https:\/\/www.emco.mil.cl\/index.php\/fuerzas-de-paz-combinadas-cruz-del-sur-2\/web6-2\/\" class=\"wp-image-7944 skip-lazy\" srcset=\"https:\/\/www.emco.mil.cl\/wp-content\/uploads\/2021\/10\/web6-2.jpg 1024w, https:\/\/www.emco.mil.cl\/wp-content\/uploads\/2021\/10\/web6-2-300x143.jpg 300w, https:\/\/www.emco.mil.cl\/wp-content\/uploads\/2021\/10\/web6-2-768x366.jpg 768w, https:\/\/www.emco.mil.cl\/wp-content\/uploads\/2021\/10\/web6-2-350x167.jpg 350w\" sizes=\"(max-width: 1024px) 100vw, 1024px\" \/><\/div><\/div><\/figure><\/div><\/div><\/div><div class=\"kb-slide-item kb-gallery-carousel-item\"><div class=\"kadence-blocks-gallery-item\"><div class=\"kadence-blocks-gallery-item-inner\"><figure class=\"kb-gallery-figure kadence-blocks-gallery-item-hide-caption\"><div class=\"kb-gal-image-radius\"><div class=\"kb-gallery-image-contain\"><img loading=\"lazy\" decoding=\"async\" src=\"https:\/\/www.emco.mil.cl\/wp-content\/uploads\/2021\/10\/web7-2.jpg\" width=\"1024\" height=\"488\" alt=\"\" data-full-image=\"https:\/\/www.emco.mil.cl\/wp-content\/uploads\/2021\/10\/web7-2.jpg\" data-light-image=\"https:\/\/www.emco.mil.cl\/wp-content\/uploads\/2021\/10\/web7-2.jpg\" data-id=\"7945\" data-link=\"https:\/\/www.emco.mil.cl\/index.php\/fuerzas-de-paz-combinadas-cruz-del-sur-2\/web7-2\/\" class=\"wp-image-7945 skip-lazy\" srcset=\"https:\/\/www.emco.mil.cl\/wp-content\/uploads\/2021\/10\/web7-2.jpg 1024w, https:\/\/www.emco.mil.cl\/wp-content\/uploads\/2021\/10\/web7-2-300x143.jpg 300w, https:\/\/www.emco.mil.cl\/wp-content\/uploads\/2021\/10\/web7-2-768x366.jpg 768w, https:\/\/www.emco.mil.cl\/wp-content\/uploads\/2021\/10\/web7-2-350x167.jpg 350w\" sizes=\"(max-width: 1024px) 100vw, 1024px\" \/><\/div><\/div><\/figure><\/div><\/div><\/div><\/div><\/div><\/div><\/div>\n","protected":false},"excerpt":{"rendered":"<p>La Fuerza de Paz Combinada (FPC) \u201cCruz del Sur\u201d, es una iniciativa binacional de car\u00e1cter militar (chilena \u2013 argentina), que considera la conformaci\u00f3n de una fuerza militar, para ser empleada en misiones de operaciones de paz, bajo mandato de Naciones Unidas y que nace durante las conversaciones bilaterales desarrolladas entre los a\u00f1os 2005 y 2006&#8230;.<\/p>\n","protected":false},"author":4,"featured_media":0,"parent":0,"menu_order":0,"comment_status":"closed","ping_status":"closed","template":"","meta":{"_kad_post_transparent":"","_kad_post_title":"","_kad_post_layout":"","_kad_post_sidebar_id":"","_kad_post_content_style":"","_kad_post_vertical_padding":"default","_kad_post_feature":"","_kad_post_feature_position":"","_kad_post_header":false,"_kad_post_footer":false,"footnotes":""},"class_list":["post-7792","page","type-page","status-publish","hentry"],"_links":{"self":[{"href":"https:\/\/www.emco.mil.cl\/index.php\/wp-json\/wp\/v2\/pages\/7792","targetHints":{"allow":["GET"]}}],"collection":[{"href":"https:\/\/www.emco.mil.cl\/index.php\/wp-json\/wp\/v2\/pages"}],"about":[{"href":"https:\/\/www.emco.mil.cl\/index.php\/wp-json\/wp\/v2\/types\/page"}],"author":[{"embeddable":true,"href":"https:\/\/www.emco.mil.cl\/index.php\/wp-json\/wp\/v2\/users\/4"}],"replies":[{"embeddable":true,"href":"https:\/\/www.emco.mil.cl\/index.php\/wp-json\/wp\/v2\/comments?post=7792"}],"version-history":[{"count":6,"href":"https:\/\/www.emco.mil.cl\/index.php\/wp-json\/wp\/v2\/pages\/7792\/revisions"}],"predecessor-version":[{"id":7946,"href":"https:\/\/www.emco.mil.cl\/index.php\/wp-json\/wp\/v2\/pages\/7792\/revisions\/7946"}],"wp:attachment":[{"href":"https:\/\/www.emco.mil.cl\/index.php\/wp-json\/wp\/v2\/media?parent=7792"}],"curies":[{"name":"wp","href":"https:\/\/api.w.org\/{rel}","templated":true}]}}