{"id":7512,"date":"2021-10-12T14:19:24","date_gmt":"2021-10-12T17:19:24","guid":{"rendered":"http:\/\/www2.emco.mil.cl\/?page_id=7512"},"modified":"2025-02-27T12:20:43","modified_gmt":"2025-02-27T15:20:43","slug":"subjefatura","status":"publish","type":"page","link":"https:\/\/www.emco.mil.cl\/index.php\/subjefatura\/","title":{"rendered":"SUBJEFATURA"},"content":{"rendered":"\t\t<div data-elementor-type=\"wp-page\" data-elementor-id=\"7512\" class=\"elementor elementor-7512\">\n\t\t\t\t\t\t<section class=\"elementor-section elementor-top-section elementor-element elementor-element-0687f02 elementor-section-boxed elementor-section-height-default elementor-section-height-default\" data-id=\"0687f02\" data-element_type=\"section\">\n\t\t\t\t\t\t<div class=\"elementor-container elementor-column-gap-default\">\n\t\t\t\t\t<div class=\"elementor-column elementor-col-100 elementor-top-column elementor-element elementor-element-3396676\" data-id=\"3396676\" data-element_type=\"column\">\n\t\t\t<div class=\"elementor-widget-wrap elementor-element-populated\">\n\t\t\t\t\t\t<div class=\"elementor-element elementor-element-8b83bf2 elementor-widget elementor-widget-text-editor\" data-id=\"8b83bf2\" data-element_type=\"widget\" data-widget_type=\"text-editor.default\">\n\t\t\t\t<div class=\"elementor-widget-container\">\n\t\t\t\t\t\t\t\t\t<p>Subrogar al Jefe de Estado Mayor Conjunto en caso de ausencia o inhabilidad y deber\u00e1 pertenecer a una instituci\u00f3n de las Fuerzas Armadas distinta a la de \u00e9ste.<\/p>\n<p><!-- \/wp:paragraph --><!-- wp:paragraph --><\/p>\n<p>Desempe\u00f1arse como Secretario de la Junta de Comandantes en Jefe, como Comandante de la Unidad de Cuartel General del EMCO, dirigir y desarrollar la gesti\u00f3n y supervisi\u00f3n administrativa interna del Estado Mayor Conjunto, integrar los comit\u00e9s de trabajo y concejos del Ministerio que se dispongan, entre otras funciones.<\/p>\t\t\t\t\t\t\t\t<\/div>\n\t\t\t\t<\/div>\n\t\t\t\t\t<\/div>\n\t\t<\/div>\n\t\t\t\t\t<\/div>\n\t\t<\/section>\n\t\t\t\t<section class=\"elementor-section elementor-top-section elementor-element elementor-element-89c3c25 elementor-section-boxed elementor-section-height-default elementor-section-height-default\" data-id=\"89c3c25\" data-element_type=\"section\">\n\t\t\t\t\t\t<div class=\"elementor-container elementor-column-gap-default\">\n\t\t\t\t\t<div class=\"elementor-column elementor-col-100 elementor-top-column elementor-element elementor-element-49bb609\" data-id=\"49bb609\" data-element_type=\"column\">\n\t\t\t<div class=\"elementor-widget-wrap elementor-element-populated\">\n\t\t\t\t\t\t<div class=\"elementor-element elementor-element-060bfef elementor-widget elementor-widget-image\" data-id=\"060bfef\" data-element_type=\"widget\" data-widget_type=\"image.default\">\n\t\t\t\t<div class=\"elementor-widget-container\">\n\t\t\t\t\t\t\t\t\t\t\t\t\t\t\t<img fetchpriority=\"high\" decoding=\"async\" width=\"899\" height=\"500\" src=\"https:\/\/www.emco.mil.cl\/wp-content\/uploads\/2025\/02\/img-SUBJEFATURA.jpg\" class=\"attachment-large size-large wp-image-12407\" alt=\"\" srcset=\"https:\/\/www.emco.mil.cl\/wp-content\/uploads\/2025\/02\/img-SUBJEFATURA.jpg 899w, https:\/\/www.emco.mil.cl\/wp-content\/uploads\/2025\/02\/img-SUBJEFATURA-300x167.jpg 300w, https:\/\/www.emco.mil.cl\/wp-content\/uploads\/2025\/02\/img-SUBJEFATURA-768x427.jpg 768w\" sizes=\"(max-width: 899px) 100vw, 899px\" \/>\t\t\t\t\t\t\t\t\t\t\t\t\t\t\t<\/div>\n\t\t\t\t<\/div>\n\t\t\t\t\t<\/div>\n\t\t<\/div>\n\t\t\t\t\t<\/div>\n\t\t<\/section>\n\t\t\t\t<\/div>\n\t\t","protected":false},"excerpt":{"rendered":"<p>Subrogar al Jefe de Estado Mayor Conjunto en caso de ausencia o inhabilidad y deber\u00e1 pertenecer a una instituci\u00f3n de las Fuerzas Armadas distinta a la de \u00e9ste. Desempe\u00f1arse como Secretario de la Junta de Comandantes en Jefe, como Comandante de la Unidad de Cuartel General del EMCO, dirigir y desarrollar la gesti\u00f3n y supervisi\u00f3n&#8230;<\/p>\n","protected":false},"author":4,"featured_media":0,"parent":0,"menu_order":0,"comment_status":"closed","ping_status":"closed","template":"","meta":{"_kad_post_transparent":"","_kad_post_title":"","_kad_post_layout":"normal","_kad_post_sidebar_id":"","_kad_post_content_style":"","_kad_post_vertical_padding":"","_kad_post_feature":"","_kad_post_feature_position":"","_kad_post_header":false,"_kad_post_footer":false,"footnotes":""},"class_list":["post-7512","page","type-page","status-publish","hentry"],"_links":{"self":[{"href":"https:\/\/www.emco.mil.cl\/index.php\/wp-json\/wp\/v2\/pages\/7512","targetHints":{"allow":["GET"]}}],"collection":[{"href":"https:\/\/www.emco.mil.cl\/index.php\/wp-json\/wp\/v2\/pages"}],"about":[{"href":"https:\/\/www.emco.mil.cl\/index.php\/wp-json\/wp\/v2\/types\/page"}],"author":[{"embeddable":true,"href":"https:\/\/www.emco.mil.cl\/index.php\/wp-json\/wp\/v2\/users\/4"}],"replies":[{"embeddable":true,"href":"https:\/\/www.emco.mil.cl\/index.php\/wp-json\/wp\/v2\/comments?post=7512"}],"version-history":[{"count":9,"href":"https:\/\/www.emco.mil.cl\/index.php\/wp-json\/wp\/v2\/pages\/7512\/revisions"}],"predecessor-version":[{"id":12411,"href":"https:\/\/www.emco.mil.cl\/index.php\/wp-json\/wp\/v2\/pages\/7512\/revisions\/12411"}],"wp:attachment":[{"href":"https:\/\/www.emco.mil.cl\/index.php\/wp-json\/wp\/v2\/media?parent=7512"}],"curies":[{"name":"wp","href":"https:\/\/api.w.org\/{rel}","templated":true}]}}