{"id":7471,"date":"2021-10-12T09:06:33","date_gmt":"2021-10-12T12:06:33","guid":{"rendered":"http:\/\/www2.emco.mil.cl\/?page_id=7471"},"modified":"2026-02-25T08:45:21","modified_gmt":"2026-02-25T11:45:21","slug":"subjefe-estado-mayor-conjunto-2","status":"publish","type":"page","link":"https:\/\/www.emco.mil.cl\/index.php\/subjefe-estado-mayor-conjunto-2\/","title":{"rendered":"SUBJEFE ESTADO MAYOR CONJUNTO"},"content":{"rendered":"\t\t<div data-elementor-type=\"wp-page\" data-elementor-id=\"7471\" class=\"elementor elementor-7471\">\n\t\t\t\t\t\t<section class=\"elementor-section elementor-top-section elementor-element elementor-element-7a1fcfd9 elementor-section-boxed elementor-section-height-default elementor-section-height-default\" data-id=\"7a1fcfd9\" data-element_type=\"section\">\n\t\t\t\t\t\t<div class=\"elementor-container elementor-column-gap-default\">\n\t\t\t\t\t<div class=\"elementor-column elementor-col-100 elementor-top-column elementor-element elementor-element-327418b\" data-id=\"327418b\" data-element_type=\"column\">\n\t\t\t<div class=\"elementor-widget-wrap elementor-element-populated\">\n\t\t\t\t\t\t<div class=\"elementor-element elementor-element-497252af elementor-widget elementor-widget-text-editor\" data-id=\"497252af\" data-element_type=\"widget\" data-widget_type=\"text-editor.default\">\n\t\t\t\t<div class=\"elementor-widget-container\">\n\t\t\t\t\t\t\t\t\t<h1 style=\"box-sizing: inherit; margin-bottom: var(--global-md-spacing); color: #2d3748; font-size: 22px; font-weight: 400;\">Vicealmirante<strong style=\"box-sizing: inherit;\"><strong style=\"box-sizing: inherit;\"> Juan Pablo Mar\u00edn Fern\u00e1ndez&nbsp;<\/strong><\/strong><\/h1>\n<p><strong>DATOS PERSONALES:<\/strong><\/p>\n<p>Ingres\u00f3 a la Escuela Naval \u201cArturo Prat\u201d, gradu\u00e1ndose como Guardiamarina en diciembre de 1991.&nbsp;<\/p>\n<p>Sus mandos a flote incluyen el Buque M\u00e9dico dental \u201cCirujano Videla\u201d, la Lancha Misilera \u201cAngamos\u201d, Comando de Misileras Sur y la Fragata \u201cAlmirante Cochrane\u201d.<\/p>\n<p><img fetchpriority=\"high\" decoding=\"async\" src=\"https:\/\/www.emco.mil.cl\/wp-content\/uploads\/2025\/11\/SUBJEMCO-publicacion-251x300.jpg\" alt=\"\" width=\"251\" height=\"300\"><\/p>\n<p><strong>\u00daLTIMOS ASCENSOS Y DESTINACIONES:<\/strong><\/p>\n<div class=\"CUERPO\">&nbsp;<\/div>\n<p style=\"margin-left: 48.75pt; text-indent: -18pt; line-height: normal; background-image: initial; background-position: initial; background-size: initial; background-repeat: initial; background-attachment: initial; background-origin: initial; background-clip: initial;\"><b>2020<\/b> &nbsp;Se desempe\u00f1\u00f3 como Director de la Academia Polit\u00e9cnica Naval.<\/p>\n<p style=\"margin-left: 48.75pt; text-indent: -18pt; line-height: normal; background-image: initial; background-position: initial; background-size: initial; background-repeat: initial; background-attachment: initial; background-origin: initial; background-clip: initial;\"><b>2021 <\/b>Se desempe\u00f1\u00f3 como Director de Recuperaci\u00f3n de Unidades de la Armada.<\/p>\n<p style=\"margin-left: 48.75pt; text-indent: -18pt; line-height: normal; background-image: initial; background-position: initial; background-size: initial; background-repeat: initial; background-attachment: initial; background-origin: initial; background-clip: initial;\"><b>2021<\/b> El Comandante en Jefe de la Armada lo inviste como Comodoro.<\/p>\n<p style=\"margin-left: 48.75pt; text-indent: -18pt; line-height: normal; background-image: initial; background-position: initial; background-size: initial; background-repeat: initial; background-attachment: initial; background-origin: initial; background-clip: initial;\"><b>2022<\/b> El Supremo Gobierno le confiri\u00f3 el ascenso al grado de Contraalmirante.<\/p>\n<p style=\"margin-left: 48.75pt; text-indent: -18pt; line-height: normal; background-image: initial; background-position: initial; background-size: initial; background-repeat: initial; background-attachment: initial; background-origin: initial; background-clip: initial;\"><b>2024<\/b> Asume como Director de Operaciones y Conducci\u00f3n Conjunta del Estado Mayor Conjunto.<\/p>\n<p style=\"margin-left: 48.75pt; text-indent: -18pt; line-height: normal; background-image: initial; background-position: initial; background-size: initial; background-repeat: initial; background-attachment: initial; background-origin: initial; background-clip: initial;\"><b>2025<\/b> Asume como Subjefe del Estado Mayor General de la Armada.<\/p>\n<p style=\"margin-left: 48.75pt; text-indent: -18pt; line-height: normal; background-image: initial; background-position: initial; background-size: initial; background-repeat: initial; background-attachment: initial; background-origin: initial; background-clip: initial;\"><b>NOV 2025<\/b> Asume como Subjefe del Estado Mayor Conjunto, el 25 de Noviembre.<\/p>\n<p style=\"margin-left: 48.75pt; text-indent: -18pt; line-height: normal; background-image: initial; background-position: initial; background-size: initial; background-repeat: initial; background-attachment: initial; background-origin: initial; background-clip: initial;\"><b>2025<\/b>&nbsp;Asciende al grado de Vicealmirante<\/p>\n<p style=\"margin-left: 48.75pt; text-indent: -18pt; line-height: normal; background-image: initial; background-position: initial; background-size: initial; background-repeat: initial; background-attachment: initial; background-origin: initial; background-clip: initial;\"><strong>ANTECEDENTES ACAD\u00c9MICOS:<\/strong><\/p>\n<p style=\"margin-left: 48.75pt; text-indent: -18pt; line-height: normal; background-image: initial; background-position: initial; background-size: initial; background-repeat: initial; background-attachment: initial; background-origin: initial; background-clip: initial;\">\u00b7 <!--[endif]-->Especialista en Guerra Electr\u00f3nica y Estado Mayor.<\/p>\n<p style=\"margin-left: 48.75pt; text-indent: -18pt; line-height: normal; background-image: initial; background-position: initial; background-size: initial; background-repeat: initial; background-attachment: initial; background-origin: initial; background-clip: initial;\"><!-- [if !supportLists]-->\u00b7&nbsp;Ingeniero en Armas con menci\u00f3n en Guerra Electr\u00f3nica.<\/p>\n<p style=\"margin-left: 48.75pt; text-indent: -18pt; line-height: normal; background-image: initial; background-position: initial; background-size: initial; background-repeat: initial; background-attachment: initial; background-origin: initial; background-clip: initial;\"><!-- [if !supportLists]-->\u00b7 Diplomado en Alta Direcci\u00f3n.<\/p>\n<p style=\"margin-left: 48.75pt; text-indent: -18pt; line-height: normal; background-image: initial; background-position: initial; background-size: initial; background-repeat: initial; background-attachment: initial; background-origin: initial; background-clip: initial;\">\u00b7 Mag\u00edster en Ciencias Navales y Mar\u00edtimas y Mag\u00edster en Relaciones Internacionales.<\/p>\n<p style=\"margin-left: 48.75pt; text-indent: -18pt; line-height: normal; background-image: initial; background-position: initial; background-size: initial; background-repeat: initial; background-attachment: initial; background-origin: initial; background-clip: initial;\"><!-- [if !supportLists]-->\u00b7 Es graduado de la Academia de Guerra Naval de&nbsp;Chile y de la Academia de Guerra Naval de Estados Unidos.<\/p>\n<h6 style=\"margin-bottom: var(--global-md-spacing);\">&nbsp;<\/h6>\t\t\t\t\t\t\t\t<\/div>\n\t\t\t\t<\/div>\n\t\t\t\t\t<\/div>\n\t\t<\/div>\n\t\t\t\t\t<\/div>\n\t\t<\/section>\n\t\t\t\t<\/div>\n\t\t","protected":false},"excerpt":{"rendered":"<p>Vicealmirante Juan Pablo Mar\u00edn Fern\u00e1ndez&nbsp; DATOS PERSONALES: Ingres\u00f3 a la Escuela Naval \u201cArturo Prat\u201d, gradu\u00e1ndose como Guardiamarina en diciembre de 1991.&nbsp; Sus mandos a flote incluyen el Buque M\u00e9dico dental \u201cCirujano Videla\u201d, la Lancha Misilera \u201cAngamos\u201d, Comando de Misileras Sur y la Fragata \u201cAlmirante Cochrane\u201d. \u00daLTIMOS ASCENSOS Y DESTINACIONES: &nbsp; 2020 &nbsp;Se desempe\u00f1\u00f3 como Director&#8230;<\/p>\n","protected":false},"author":4,"featured_media":0,"parent":0,"menu_order":0,"comment_status":"closed","ping_status":"closed","template":"","meta":{"_kad_post_transparent":"","_kad_post_title":"","_kad_post_layout":"normal","_kad_post_sidebar_id":"","_kad_post_content_style":"","_kad_post_vertical_padding":"","_kad_post_feature":"","_kad_post_feature_position":"","_kad_post_header":false,"_kad_post_footer":false,"footnotes":""},"class_list":["post-7471","page","type-page","status-publish","hentry"],"_links":{"self":[{"href":"https:\/\/www.emco.mil.cl\/index.php\/wp-json\/wp\/v2\/pages\/7471","targetHints":{"allow":["GET"]}}],"collection":[{"href":"https:\/\/www.emco.mil.cl\/index.php\/wp-json\/wp\/v2\/pages"}],"about":[{"href":"https:\/\/www.emco.mil.cl\/index.php\/wp-json\/wp\/v2\/types\/page"}],"author":[{"embeddable":true,"href":"https:\/\/www.emco.mil.cl\/index.php\/wp-json\/wp\/v2\/users\/4"}],"replies":[{"embeddable":true,"href":"https:\/\/www.emco.mil.cl\/index.php\/wp-json\/wp\/v2\/comments?post=7471"}],"version-history":[{"count":62,"href":"https:\/\/www.emco.mil.cl\/index.php\/wp-json\/wp\/v2\/pages\/7471\/revisions"}],"predecessor-version":[{"id":14820,"href":"https:\/\/www.emco.mil.cl\/index.php\/wp-json\/wp\/v2\/pages\/7471\/revisions\/14820"}],"wp:attachment":[{"href":"https:\/\/www.emco.mil.cl\/index.php\/wp-json\/wp\/v2\/media?parent=7471"}],"curies":[{"name":"wp","href":"https:\/\/api.w.org\/{rel}","templated":true}]}}