{"id":73,"date":"2021-08-24T12:35:08","date_gmt":"2021-08-24T16:35:08","guid":{"rendered":"http:\/\/10.195.30.25\/?page_id=73"},"modified":"2021-08-26T16:46:14","modified_gmt":"2021-08-26T20:46:14","slug":"resena-historica-2010-actualidad","status":"publish","type":"page","link":"https:\/\/www.emco.mil.cl\/index.php\/resena-historica-2010-actualidad\/","title":{"rendered":"Rese\u00f1a hist\u00f3rica 2010-actualidad"},"content":{"rendered":"\n<p><strong>2010-actualidad<\/strong><\/p>\n\n\n\n<p>Con fecha 4 de febrero del 2010, entra en vigencia la Ley N\u00ba20.424 \u201cEstatuto Org\u00e1nico del Ministerio de Defensa Nacional\u201d que determina que el Presidente de la Rep\u00fablica tiene autoridad en todo cuanto tenga por objeto la seguridad externa de la Rep\u00fablica. Para el cumplimiento de tales fines, el Ministerio de Defensa Nacional es el \u00f3rgano superior de colaboraci\u00f3n del Presidente en funciones de gobierno y administraci\u00f3n de la Defensa Nacional; ya sea para conducirla, disponer las fuerzas de aire, mar y tierra, organizarlas y distribuirlas de conformidad a las necesidades de la seguridad nacional, en casos de crisis internacional que afecte la seguridad exterior del pa\u00eds o en caso de guerra externa.<\/p>\n\n\n\n<p>Con la promulgaci\u00f3n de la Ley N\u00b020.424 se crea el Estado Mayor Conjunto como organismo continuador del Estado Mayor Conjunto de la Defensa Nacional.&nbsp; Seg\u00fan esta norma, su tarea fundamental es el ser el organismo de trabajo y asesor\u00eda permanente del Ministro de Defensa Nacional en materias que tengan relaci\u00f3n con la preparaci\u00f3n y empleo conjunto de las Fuerzas Armadas.<\/p>\n","protected":false},"excerpt":{"rendered":"<p>2010-actualidad Con fecha 4 de febrero del 2010, entra en vigencia la Ley N\u00ba20.424 \u201cEstatuto Org\u00e1nico del Ministerio de Defensa Nacional\u201d que determina que el Presidente de la Rep\u00fablica tiene autoridad en todo cuanto tenga por objeto la seguridad externa de la Rep\u00fablica. Para el cumplimiento de tales fines, el Ministerio de Defensa Nacional es&#8230;<\/p>\n","protected":false},"author":4,"featured_media":0,"parent":0,"menu_order":0,"comment_status":"closed","ping_status":"closed","template":"","meta":{"_kad_post_transparent":"","_kad_post_title":"","_kad_post_layout":"","_kad_post_sidebar_id":"","_kad_post_content_style":"","_kad_post_vertical_padding":"","_kad_post_feature":"","_kad_post_feature_position":"","_kad_post_header":false,"_kad_post_footer":false,"footnotes":""},"class_list":["post-73","page","type-page","status-publish","hentry"],"_links":{"self":[{"href":"https:\/\/www.emco.mil.cl\/index.php\/wp-json\/wp\/v2\/pages\/73","targetHints":{"allow":["GET"]}}],"collection":[{"href":"https:\/\/www.emco.mil.cl\/index.php\/wp-json\/wp\/v2\/pages"}],"about":[{"href":"https:\/\/www.emco.mil.cl\/index.php\/wp-json\/wp\/v2\/types\/page"}],"author":[{"embeddable":true,"href":"https:\/\/www.emco.mil.cl\/index.php\/wp-json\/wp\/v2\/users\/4"}],"replies":[{"embeddable":true,"href":"https:\/\/www.emco.mil.cl\/index.php\/wp-json\/wp\/v2\/comments?post=73"}],"version-history":[{"count":1,"href":"https:\/\/www.emco.mil.cl\/index.php\/wp-json\/wp\/v2\/pages\/73\/revisions"}],"predecessor-version":[{"id":74,"href":"https:\/\/www.emco.mil.cl\/index.php\/wp-json\/wp\/v2\/pages\/73\/revisions\/74"}],"wp:attachment":[{"href":"https:\/\/www.emco.mil.cl\/index.php\/wp-json\/wp\/v2\/media?parent=73"}],"curies":[{"name":"wp","href":"https:\/\/api.w.org\/{rel}","templated":true}]}}