{"id":7226,"date":"2021-09-29T16:03:03","date_gmt":"2021-09-29T19:03:03","guid":{"rendered":"http:\/\/10.195.30.25\/?page_id=7226"},"modified":"2026-03-20T14:58:56","modified_gmt":"2026-03-20T17:58:56","slug":"registro-de-proveedores","status":"publish","type":"page","link":"https:\/\/www.emco.mil.cl\/index.php\/registro-de-proveedores\/","title":{"rendered":"Registro de Proveedores"},"content":{"rendered":"\t\t<div data-elementor-type=\"wp-page\" data-elementor-id=\"7226\" class=\"elementor elementor-7226\">\n\t\t\t\t\t\t<section class=\"elementor-section elementor-top-section elementor-element elementor-element-d389bc5 elementor-section-boxed elementor-section-height-default elementor-section-height-default\" data-id=\"d389bc5\" data-element_type=\"section\">\n\t\t\t\t\t\t<div class=\"elementor-container elementor-column-gap-default\">\n\t\t\t\t\t<div class=\"elementor-column elementor-col-100 elementor-top-column elementor-element elementor-element-3ce21159\" data-id=\"3ce21159\" data-element_type=\"column\">\n\t\t\t<div class=\"elementor-widget-wrap\">\n\t\t\t\t\t\t\t<\/div>\n\t\t<\/div>\n\t\t\t\t\t<\/div>\n\t\t<\/section>\n\t\t\t\t<section class=\"elementor-section elementor-top-section elementor-element elementor-element-d08d7b0 elementor-section-boxed elementor-section-height-default elementor-section-height-default\" data-id=\"d08d7b0\" data-element_type=\"section\">\n\t\t\t\t\t\t<div class=\"elementor-container elementor-column-gap-default\">\n\t\t\t\t\t<div class=\"elementor-column elementor-col-100 elementor-top-column elementor-element elementor-element-88d35f5\" data-id=\"88d35f5\" data-element_type=\"column\">\n\t\t\t<div class=\"elementor-widget-wrap elementor-element-populated\">\n\t\t\t\t\t\t<div class=\"elementor-element elementor-element-b763d14 elementor-widget elementor-widget-text-editor\" data-id=\"b763d14\" data-element_type=\"widget\" data-widget_type=\"text-editor.default\">\n\t\t\t\t<div class=\"elementor-widget-container\">\n\t\t\t\t\t\t\t\t\t<p>Las adquisiciones que realiza el Estado Mayor Conjunto, con fondos presupuestarios, se efect\u00faan a trav\u00e9s del Portal \u201cMercado P\u00fablico\u201d, con proveedores registrados en \u201cChile Proveedores\u201d.<\/p>\n<div class=\"wp-block-kadence-column kadence-column7226_26e3d3-b3 inner-column-2\">\n<div class=\"kt-inside-inner-col\"><!-- \/wp:paragraph --><!-- wp:paragraph -->\n<p>Trat\u00e1ndose de adquisiciones en el \u00e1mbito de la Defensa, se informa que se ha creado el Registro de Proveedores del sector Defensa del Estado Mayor Conjunto, conforme al Reglamento de \u201cRegistros Especiales de Proveedores del Sector Defensa\u201d, publicado por Diario Oficial del d\u00eda 22.MAY.2012, en consecuencia se invita a cualquier persona natural o jur\u00eddica, chilena o extranjera, p\u00fablica o privada, que cumpla con los requisitos establecidos en el citado Reglamento y no se encuentre incursa en alguna causal de inhabilidad, a formar parte del citado registro.<\/p>\n<!-- \/wp:paragraph --><!-- wp:paragraph -->\n<p>Para mayor informaci\u00f3n, ingresar a los link:<\/p>\n<!-- \/wp:paragraph --><!-- wp:paragraph -->\n<p><strong>REQUISITOS<\/strong><\/p>\n<!-- \/wp:paragraph --><!-- wp:paragraph -->\n<p><strong>&#8211;\u00a0<\/strong><strong><a href=\"https:\/\/www.emco.mil.cl\/wp-content\/uploads\/2025\/09\/01-DECRETO-746-22.MAY_.2012.pdf\" target=\"_blank\" rel=\"noreferrer noopener\">Reglamento Registros Especiales Proveedores Sector Defensa<\/a><\/strong><\/p>\n<!-- \/wp:paragraph --><!-- wp:paragraph -->\n<p><strong>&#8211;\u00a0<\/strong><strong><a href=\"https:\/\/www.emco.mil.cl\/wp-content\/uploads\/2025\/09\/02-PERSONAS-JURIDICAS.pdf\" target=\"_blank\" rel=\"noreferrer noopener\">Proveedores\u00a0 Personas Jur\u00eddicas<\/a><\/strong><\/p>\n<!-- \/wp:paragraph --><!-- wp:paragraph -->\n<p><strong>&#8211;\u00a0<\/strong><strong><a href=\"https:\/\/www.emco.mil.cl\/wp-content\/uploads\/2025\/09\/04-PROVEEDORES-EXTRANJEROS.pdf\" target=\"_blank\" rel=\"noreferrer noopener\">Proveedores Personas Naturales<\/a><\/strong><\/p>\n<!-- \/wp:paragraph --><!-- wp:paragraph -->\n<p><strong>&#8211;\u00a0<\/strong><strong><a href=\"https:\/\/www.emco.mil.cl\/wp-content\/uploads\/2025\/09\/04-PROVEEDORES-EXTRANJEROS.pdf\" target=\"_blank\" rel=\"noreferrer noopener\">Proveedores Extranjeros<\/a><\/strong><\/p>\n<!-- \/wp:paragraph --><!-- wp:paragraph -->\n<p><strong>&#8211; <\/strong><strong><a href=\"https:\/\/www.emco.mil.cl\/wp-content\/uploads\/2025\/09\/05-CONSIDERACIONES-ACTUALIZACION-RENOVACION.pdf\" target=\"_blank\" rel=\"noreferrer noopener\">Requisitos para Actualizaci\u00f3n y Renovaci\u00f3n<\/a><\/strong><\/p>\n<!-- \/wp:paragraph --><!-- wp:paragraph -->\n<p><strong>FORMATOS<\/strong><\/p>\n<!-- \/wp:paragraph --><!-- wp:paragraph -->\n<p><strong>&#8211; <a href=\"https:\/\/www.emco.mil.cl\/wp-content\/uploads\/2026\/03\/13-CARTA-INVITACION-DAG-FIRMADA-2026.pdf\" target=\"_blank\" rel=\"noreferrer noopener\">Formato de Carta Solicitud<\/a>\u00a0<\/strong><\/p>\n<!-- \/wp:paragraph --><!-- wp:paragraph -->\n<p><strong>&#8211;\u00a0<a href=\"https:\/\/www.emco.mil.cl\/wp-content\/uploads\/2025\/09\/07-CARTA-SOLICITUD-INSCRIPCION-RENOVACION-INGLES.pdf\" target=\"_blank\" rel=\"noreferrer noopener\" data-type=\"URL\">Formato de Carta Solicitud<\/a>\u00a0(versi\u00f3n ingl\u00e9s)<\/strong><\/p>\n<!-- \/wp:paragraph --><!-- wp:paragraph -->\n<p><strong>&#8211; <a href=\"https:\/\/www.emco.mil.cl\/wp-content\/uploads\/2025\/09\/08-FICHA-ANTECEDENTES-PROVEEDOR.pdf\" target=\"_blank\" rel=\"noreferrer noopener\">Formato Ficha del\u00a0Proveedor<\/a>\u00a0<\/strong><\/p>\n<!-- \/wp:paragraph --><!-- wp:paragraph -->\n<p><strong>&#8211;\u00a0<a href=\"https:\/\/www.emco.mil.cl\/wp-content\/uploads\/2025\/09\/09-FICHA-ANTECEDENTES-PROVEEDOR-EXT-INGLES.pdf\" target=\"_blank\" rel=\"noreferrer noopener\">Formato Ficha del\u00a0Proveedor<\/a>\u00a0(versi\u00f3n ingl\u00e9s)<\/strong><\/p>\n<!-- \/wp:paragraph --><!-- wp:paragraph -->\n<p><strong>&#8211; <a href=\"https:\/\/www.emco.mil.cl\/wp-content\/uploads\/2025\/09\/10-DECLARACION-JURADA-PERS-JURIDICA-FIRMA-NOTARIAL.pdf\" target=\"_blank\" rel=\"noreferrer noopener\">Declaraci\u00f3n Jurada para Personas Jur\u00eddicas<\/a><\/strong><\/p>\n<!-- \/wp:paragraph --><!-- wp:paragraph -->\n<p><strong>&#8211;\u00a0<a href=\"https:\/\/www.emco.mil.cl\/wp-content\/uploads\/2025\/09\/11-DECLARACION-JURADA-PERS-NATURAL-FIRMA-NOTARIAL.pdf\" target=\"_blank\" rel=\"noreferrer noopener\">Declaraci\u00f3n Jurada para Personas Naturales<\/a><\/strong><\/p>\n<!-- \/wp:paragraph --><!-- wp:paragraph -->\n<p><strong>&#8211;\u00a0<a href=\"https:\/\/www.emco.mil.cl\/wp-content\/uploads\/2025\/09\/12-FORMATO-AFFIDAVIT-EXT-INGLES.pdf\" target=\"_blank\" rel=\"noreferrer noopener\">AFFIDAVIT<\/a><\/strong><\/p>\n<!-- \/wp:paragraph --><!-- wp:paragraph -->\n<p><strong>INFORMACI\u00d3N<\/strong><\/p>\n<!-- \/wp:paragraph --><!-- wp:paragraph -->\n<p><strong>&#8211; <a href=\"https:\/\/www.emco.mil.cl\/wp-content\/uploads\/2026\/03\/13-CARTA-INVITACION-DAG-FIRMADA-2026.pdf\" target=\"_blank\" rel=\"noreferrer noopener\">Carta invitaci\u00f3n a los proveedores<\/a>\u00a0<\/strong><\/p>\n<!-- \/wp:paragraph --><!-- wp:paragraph -->\n<p><strong>REGISTRO ESPECIAL DE PROVEEDORES DEL EMCO<\/strong><\/p>\n<!-- \/wp:paragraph --><!-- wp:paragraph -->\n<p>El registro de Proveedores est\u00e1 en permanente proceso de actualizaci\u00f3n.<\/p>\n<!-- \/wp:paragraph --><!-- wp:heading {\"level\":4} -->\n<h4 class=\"wp-block-heading\"><a href=\"https:\/\/www.emco.mil.cl\/RP\/proveedores\/a.pdf\" target=\"_blank\" rel=\"noreferrer noopener\">A<\/a> <a href=\"https:\/\/www.emco.mil.cl\/RP\/proveedores\/b.pdf\" target=\"_blank\" rel=\"noreferrer noopener\">B<\/a> <a href=\"https:\/\/www.emco.mil.cl\/RP\/proveedores\/c.pdf\" target=\"_blank\" rel=\"noreferrer noopener\">C<\/a> <a href=\"https:\/\/www.emco.mil.cl\/RP\/proveedores\/d.pdf\" target=\"_blank\" rel=\"noreferrer noopener\">D<\/a> <a href=\"https:\/\/www.emco.mil.cl\/RP\/proveedores\/e.pdf\" target=\"_blank\" rel=\"noreferrer noopener\">E<\/a> <a href=\"https:\/\/www.emco.mil.cl\/RP\/proveedores\/f.pdf\" target=\"_blank\" rel=\"noreferrer noopener\">F<\/a> <a href=\"https:\/\/www.emco.mil.cl\/RP\/proveedores\/g.pdf\" target=\"_blank\" rel=\"noreferrer noopener\">G<\/a> <a href=\"https:\/\/www.emco.mil.cl\/RP\/proveedores\/h.pdf\" target=\"_blank\" rel=\"noreferrer noopener\">H<\/a> <a href=\"https:\/\/www.emco.mil.cl\/RP\/proveedores\/i.pdf\" target=\"_blank\" rel=\"noreferrer noopener\">I<\/a> <a href=\"https:\/\/www.emco.mil.cl\/RP\/proveedores\/j.pdf\" target=\"_blank\" rel=\"noreferrer noopener\">J<\/a> <a href=\"https:\/\/www.emco.mil.cl\/RP\/proveedores\/k.pdf\" target=\"_blank\" rel=\"noreferrer noopener\">K<\/a> <a href=\"https:\/\/www.emco.mil.cl\/RP\/proveedores\/l.pdf\" target=\"_blank\" rel=\"noreferrer noopener\">L<\/a> <a href=\"https:\/\/www.emco.mil.cl\/RP\/proveedores\/m.pdf\" target=\"_blank\" rel=\"noreferrer noopener\">M<\/a> <a href=\"https:\/\/www.emco.mil.cl\/RP\/proveedores\/n.pdf\" target=\"_blank\" rel=\"noreferrer noopener\">N<\/a> <a href=\"https:\/\/www.emco.mil.cl\/RP\/proveedores\/o.pdf\" target=\"_blank\" rel=\"noreferrer noopener\">O<\/a> <a href=\"https:\/\/www.emco.mil.cl\/RP\/proveedores\/p.pdf\" target=\"_blank\" rel=\"noreferrer noopener\">P<\/a> <a href=\"https:\/\/www.emco.mil.cl\/RP\/proveedores\/q.pdf\" target=\"_blank\" rel=\"noreferrer noopener\">Q<\/a> <a href=\"https:\/\/www.emco.mil.cl\/RP\/proveedores\/r.pdf\" target=\"_blank\" rel=\"noreferrer noopener\">R<\/a> <a href=\"https:\/\/www.emco.mil.cl\/RP\/proveedores\/s.pdf\" target=\"_blank\" rel=\"noreferrer noopener\">S<\/a> <a href=\"https:\/\/www.emco.mil.cl\/RP\/proveedores\/t.pdf\" target=\"_blank\" rel=\"noreferrer noopener\">T<\/a> <a href=\"https:\/\/www.emco.mil.cl\/RP\/proveedores\/u.pdf\" target=\"_blank\" rel=\"noreferrer noopener\">U<\/a> <a href=\"https:\/\/www.emco.mil.cl\/RP\/proveedores\/v.pdf\" target=\"_blank\" rel=\"noreferrer noopener\">V<\/a> <a href=\"https:\/\/www.emco.mil.cl\/RP\/proveedores\/w.pdf\" target=\"_blank\" rel=\"noreferrer noopener\">W<\/a> <a href=\"https:\/\/www.emco.mil.cl\/RP\/proveedores\/x.pdf\" target=\"_blank\" rel=\"noreferrer noopener\">X<\/a> <a href=\"https:\/\/www.emco.mil.cl\/RP\/proveedores\/y.pdf\" target=\"_blank\" rel=\"noreferrer noopener\">Y<\/a> <a href=\"https:\/\/www.emco.mil.cl\/RP\/proveedores\/z.pdf\" target=\"_blank\" rel=\"noreferrer noopener\">Z<\/a><\/h4>\n<!-- \/wp:heading --><!-- wp:paragraph -->\n<p>Consultas de Proveedores:<\/p>\n<!-- \/wp:paragraph --><!-- wp:paragraph -->\n<p><strong>correo electr\u00f3nico:<\/strong> \u00a0<strong><a href=\"mailto:registro.proveedores@emco.mil.cl\">registro.proveedores@emco.mil.cl<\/a><\/strong><strong>\u00a0 \u00a0<a href=\"mailto:emcoproveedores@gmail.com\">emcoproveedores@gmail.com<\/a><\/strong><\/p>\n<!-- \/wp:paragraph --><!-- wp:paragraph -->\n<p><strong>tel\u00e9fono: 2234 65378\/ 2234 65379<\/strong><\/p>\n<!-- \/wp:paragraph --><!-- wp:paragraph -->\n<p>Entrega de documentos previa coordinaci\u00f3n con encargado del Registro, en San Ignacio de Loyola 242, Santiago Centro\/ Lunes a viernes desde las 08:00 hasta las 16:00 horas.<\/p>\n<!-- \/wp:paragraph --><\/div>\n<\/div>\n<!-- \/wp:kadence\/column --><!-- wp:kadence\/column {\"id\":3,\"borderWidth\":[\"\",\"\",\"\",\"\"],\"uniqueID\":\"7226_0d117c-f6\",\"className\":\"inner-column-3\"} -->\n<div class=\"wp-block-kadence-column kadence-column7226_0d117c-f6 inner-column-3\">\n<div class=\"kt-inside-inner-col\">\u00a0<\/div>\n<\/div>\n<!-- \/wp:kadence\/column --><!-- \/wp:kadence\/rowlayout --><!-- wp:paragraph -->\n<p>\u00a0<\/p>\t\t\t\t\t\t\t\t<\/div>\n\t\t\t\t<\/div>\n\t\t\t\t\t<\/div>\n\t\t<\/div>\n\t\t\t\t\t<\/div>\n\t\t<\/section>\n\t\t\t\t<\/div>\n\t\t","protected":false},"excerpt":{"rendered":"<p>Las adquisiciones que realiza el Estado Mayor Conjunto, con fondos presupuestarios, se efect\u00faan a trav\u00e9s del Portal \u201cMercado P\u00fablico\u201d, con proveedores registrados en \u201cChile Proveedores\u201d. Trat\u00e1ndose de adquisiciones en el \u00e1mbito de la Defensa, se informa que se ha creado el Registro de Proveedores del sector Defensa del Estado Mayor Conjunto, conforme al Reglamento de&#8230;<\/p>\n","protected":false},"author":4,"featured_media":0,"parent":0,"menu_order":0,"comment_status":"closed","ping_status":"closed","template":"","meta":{"_kad_post_transparent":"","_kad_post_title":"","_kad_post_layout":"normal","_kad_post_sidebar_id":"","_kad_post_content_style":"","_kad_post_vertical_padding":"","_kad_post_feature":"","_kad_post_feature_position":"","_kad_post_header":false,"_kad_post_footer":false,"footnotes":""},"class_list":["post-7226","page","type-page","status-publish","hentry"],"_links":{"self":[{"href":"https:\/\/www.emco.mil.cl\/index.php\/wp-json\/wp\/v2\/pages\/7226","targetHints":{"allow":["GET"]}}],"collection":[{"href":"https:\/\/www.emco.mil.cl\/index.php\/wp-json\/wp\/v2\/pages"}],"about":[{"href":"https:\/\/www.emco.mil.cl\/index.php\/wp-json\/wp\/v2\/types\/page"}],"author":[{"embeddable":true,"href":"https:\/\/www.emco.mil.cl\/index.php\/wp-json\/wp\/v2\/users\/4"}],"replies":[{"embeddable":true,"href":"https:\/\/www.emco.mil.cl\/index.php\/wp-json\/wp\/v2\/comments?post=7226"}],"version-history":[{"count":53,"href":"https:\/\/www.emco.mil.cl\/index.php\/wp-json\/wp\/v2\/pages\/7226\/revisions"}],"predecessor-version":[{"id":14908,"href":"https:\/\/www.emco.mil.cl\/index.php\/wp-json\/wp\/v2\/pages\/7226\/revisions\/14908"}],"wp:attachment":[{"href":"https:\/\/www.emco.mil.cl\/index.php\/wp-json\/wp\/v2\/media?parent=7226"}],"curies":[{"name":"wp","href":"https:\/\/api.w.org\/{rel}","templated":true}]}}