{"id":7213,"date":"2021-09-29T15:33:18","date_gmt":"2021-09-29T18:33:18","guid":{"rendered":"http:\/\/10.195.30.25\/?page_id=7213"},"modified":"2026-03-05T15:22:27","modified_gmt":"2026-03-05T18:22:27","slug":"directores-del-estado-mayor-operacional","status":"publish","type":"page","link":"https:\/\/www.emco.mil.cl\/index.php\/directores-del-estado-mayor-operacional\/","title":{"rendered":"DIRECTORES DEL ESTADO MAYOR OPERACIONAL"},"content":{"rendered":"\t\t<div data-elementor-type=\"wp-page\" data-elementor-id=\"7213\" class=\"elementor elementor-7213\">\n\t\t\t\t\t\t<section class=\"elementor-section elementor-top-section elementor-element elementor-element-fa2b450 elementor-section-boxed elementor-section-height-default elementor-section-height-default\" data-id=\"fa2b450\" data-element_type=\"section\">\n\t\t\t\t\t\t<div class=\"elementor-container elementor-column-gap-default\">\n\t\t\t\t\t<div class=\"elementor-column elementor-col-20 elementor-top-column elementor-element elementor-element-cd71dd7\" data-id=\"cd71dd7\" data-element_type=\"column\">\n\t\t\t<div class=\"elementor-widget-wrap elementor-element-populated\">\n\t\t\t\t\t\t<div class=\"elementor-element elementor-element-17f83e1 elementor-widget elementor-widget-image\" data-id=\"17f83e1\" data-element_type=\"widget\" data-widget_type=\"image.default\">\n\t\t\t\t<div class=\"elementor-widget-container\">\n\t\t\t\t\t\t\t\t\t\t\t\t\t\t\t<img fetchpriority=\"high\" decoding=\"async\" width=\"670\" height=\"800\" src=\"https:\/\/www.emco.mil.cl\/wp-content\/uploads\/2025\/12\/DID-publicacion.jpg\" class=\"attachment-large size-large wp-image-14566\" alt=\"\" srcset=\"https:\/\/www.emco.mil.cl\/wp-content\/uploads\/2025\/12\/DID-publicacion.jpg 670w, https:\/\/www.emco.mil.cl\/wp-content\/uploads\/2025\/12\/DID-publicacion-251x300.jpg 251w\" sizes=\"(max-width: 670px) 100vw, 670px\" \/>\t\t\t\t\t\t\t\t\t\t\t\t\t\t\t<\/div>\n\t\t\t\t<\/div>\n\t\t\t\t\t<\/div>\n\t\t<\/div>\n\t\t\t\t<div class=\"elementor-column elementor-col-20 elementor-top-column elementor-element elementor-element-b78d36f\" data-id=\"b78d36f\" data-element_type=\"column\">\n\t\t\t<div class=\"elementor-widget-wrap elementor-element-populated\">\n\t\t\t\t\t\t<div class=\"elementor-element elementor-element-5abb3c7 elementor-widget elementor-widget-image\" data-id=\"5abb3c7\" data-element_type=\"widget\" data-widget_type=\"image.default\">\n\t\t\t\t<div class=\"elementor-widget-container\">\n\t\t\t\t\t\t\t\t\t\t\t\t\t\t\t<img decoding=\"async\" width=\"670\" height=\"800\" src=\"https:\/\/www.emco.mil.cl\/wp-content\/uploads\/2025\/12\/DOPCON-publicacion.jpg\" class=\"attachment-large size-large wp-image-14594\" alt=\"\" srcset=\"https:\/\/www.emco.mil.cl\/wp-content\/uploads\/2025\/12\/DOPCON-publicacion.jpg 670w, https:\/\/www.emco.mil.cl\/wp-content\/uploads\/2025\/12\/DOPCON-publicacion-251x300.jpg 251w\" sizes=\"(max-width: 670px) 100vw, 670px\" \/>\t\t\t\t\t\t\t\t\t\t\t\t\t\t\t<\/div>\n\t\t\t\t<\/div>\n\t\t\t\t\t<\/div>\n\t\t<\/div>\n\t\t\t\t<div class=\"elementor-column elementor-col-20 elementor-top-column elementor-element elementor-element-6a76cc1\" data-id=\"6a76cc1\" data-element_type=\"column\">\n\t\t\t<div class=\"elementor-widget-wrap elementor-element-populated\">\n\t\t\t\t\t\t<div class=\"elementor-element elementor-element-b119b19 elementor-widget elementor-widget-image\" data-id=\"b119b19\" data-element_type=\"widget\" data-widget_type=\"image.default\">\n\t\t\t\t<div class=\"elementor-widget-container\">\n\t\t\t\t\t\t\t\t\t\t\t\t\t\t\t<img decoding=\"async\" width=\"670\" height=\"800\" src=\"https:\/\/www.emco.mil.cl\/wp-content\/uploads\/2026\/02\/DIPLANCO-publicacion.jpg\" class=\"attachment-large size-large wp-image-14754\" alt=\"\" srcset=\"https:\/\/www.emco.mil.cl\/wp-content\/uploads\/2026\/02\/DIPLANCO-publicacion.jpg 670w, https:\/\/www.emco.mil.cl\/wp-content\/uploads\/2026\/02\/DIPLANCO-publicacion-251x300.jpg 251w\" sizes=\"(max-width: 670px) 100vw, 670px\" \/>\t\t\t\t\t\t\t\t\t\t\t\t\t\t\t<\/div>\n\t\t\t\t<\/div>\n\t\t\t\t\t<\/div>\n\t\t<\/div>\n\t\t\t\t<div class=\"elementor-column elementor-col-20 elementor-top-column elementor-element elementor-element-f0d10b8\" data-id=\"f0d10b8\" data-element_type=\"column\">\n\t\t\t<div class=\"elementor-widget-wrap elementor-element-populated\">\n\t\t\t\t\t\t<div class=\"elementor-element elementor-element-a228a55 elementor-widget elementor-widget-image\" data-id=\"a228a55\" data-element_type=\"widget\" data-widget_type=\"image.default\">\n\t\t\t\t<div class=\"elementor-widget-container\">\n\t\t\t\t\t\t\t\t\t\t\t\t\t\t\t<img loading=\"lazy\" decoding=\"async\" width=\"670\" height=\"800\" src=\"https:\/\/www.emco.mil.cl\/wp-content\/uploads\/2026\/03\/DIREDENCO-publicacion2.jpg\" class=\"attachment-large size-large wp-image-14839\" alt=\"\" srcset=\"https:\/\/www.emco.mil.cl\/wp-content\/uploads\/2026\/03\/DIREDENCO-publicacion2.jpg 670w, https:\/\/www.emco.mil.cl\/wp-content\/uploads\/2026\/03\/DIREDENCO-publicacion2-251x300.jpg 251w\" sizes=\"(max-width: 670px) 100vw, 670px\" \/>\t\t\t\t\t\t\t\t\t\t\t\t\t\t\t<\/div>\n\t\t\t\t<\/div>\n\t\t\t\t\t<\/div>\n\t\t<\/div>\n\t\t\t\t<div class=\"elementor-column elementor-col-20 elementor-top-column elementor-element elementor-element-a0724b5\" data-id=\"a0724b5\" data-element_type=\"column\">\n\t\t\t<div class=\"elementor-widget-wrap elementor-element-populated\">\n\t\t\t\t\t\t<div class=\"elementor-element elementor-element-4e94c9a elementor-widget elementor-widget-image\" data-id=\"4e94c9a\" data-element_type=\"widget\" data-widget_type=\"image.default\">\n\t\t\t\t<div class=\"elementor-widget-container\">\n\t\t\t\t\t\t\t\t\t\t\t\t\t\t\t<img loading=\"lazy\" decoding=\"async\" width=\"670\" height=\"800\" src=\"https:\/\/www.emco.mil.cl\/wp-content\/uploads\/2026\/02\/DIPERLOG-publicacion.jpg\" class=\"attachment-large size-large wp-image-14753\" alt=\"\" srcset=\"https:\/\/www.emco.mil.cl\/wp-content\/uploads\/2026\/02\/DIPERLOG-publicacion.jpg 670w, https:\/\/www.emco.mil.cl\/wp-content\/uploads\/2026\/02\/DIPERLOG-publicacion-251x300.jpg 251w\" sizes=\"(max-width: 670px) 100vw, 670px\" \/>\t\t\t\t\t\t\t\t\t\t\t\t\t\t\t<\/div>\n\t\t\t\t<\/div>\n\t\t\t\t\t<\/div>\n\t\t<\/div>\n\t\t\t\t\t<\/div>\n\t\t<\/section>\n\t\t\t\t<section class=\"elementor-section elementor-top-section elementor-element elementor-element-c7ef8b8 elementor-section-boxed elementor-section-height-default elementor-section-height-default\" data-id=\"c7ef8b8\" data-element_type=\"section\">\n\t\t\t\t\t\t<div class=\"elementor-container elementor-column-gap-default\">\n\t\t\t\t\t<div class=\"elementor-column elementor-col-20 elementor-top-column elementor-element elementor-element-ed11bd2\" data-id=\"ed11bd2\" data-element_type=\"column\">\n\t\t\t<div class=\"elementor-widget-wrap elementor-element-populated\">\n\t\t\t\t\t\t<div class=\"elementor-element elementor-element-296c30f elementor-widget elementor-widget-text-editor\" data-id=\"296c30f\" data-element_type=\"widget\" data-widget_type=\"text-editor.default\">\n\t\t\t\t<div class=\"elementor-widget-container\">\n\t\t\t\t\t\t\t\t\t<p style=\"text-align: center;\"><span style=\"color: #4b0b3e;\"><span style=\"color: #333333;\">General de Brigada<\/span><br \/><\/span><strong><span style=\"color: #4b0b3e;\">Mois\u00e9s de Pablo L\u00f3pez<br \/><\/span>Direcci\u00f3n de Inteligencia de Defensa<\/strong><\/p>\t\t\t\t\t\t\t\t<\/div>\n\t\t\t\t<\/div>\n\t\t\t\t\t<\/div>\n\t\t<\/div>\n\t\t\t\t<div class=\"elementor-column elementor-col-20 elementor-top-column elementor-element elementor-element-91f3368\" data-id=\"91f3368\" data-element_type=\"column\">\n\t\t\t<div class=\"elementor-widget-wrap elementor-element-populated\">\n\t\t\t\t\t\t<div class=\"elementor-element elementor-element-130f027 elementor-widget elementor-widget-text-editor\" data-id=\"130f027\" data-element_type=\"widget\" data-widget_type=\"text-editor.default\">\n\t\t\t\t<div class=\"elementor-widget-container\">\n\t\t\t\t\t\t\t\t\t<p style=\"text-align: center;\">Contraalmirante<br \/><strong><span style=\"color: #4b0b3e;\">Jos\u00e9 Miguel Rozas Flores<\/span><\/strong><br \/><strong>Direcci\u00f3n de Operaciones y Conducci\u00f3n Conjunta<\/strong><\/p>\t\t\t\t\t\t\t\t<\/div>\n\t\t\t\t<\/div>\n\t\t\t\t\t<\/div>\n\t\t<\/div>\n\t\t\t\t<div class=\"elementor-column elementor-col-20 elementor-top-column elementor-element elementor-element-ac9ca79\" data-id=\"ac9ca79\" data-element_type=\"column\">\n\t\t\t<div class=\"elementor-widget-wrap elementor-element-populated\">\n\t\t\t\t\t\t<div class=\"elementor-element elementor-element-ad5741f elementor-widget elementor-widget-text-editor\" data-id=\"ad5741f\" data-element_type=\"widget\" data-widget_type=\"text-editor.default\">\n\t\t\t\t<div class=\"elementor-widget-container\">\n\t\t\t\t\t\t\t\t\t<p style=\"text-align: center;\">General de Brigada A\u00e9rea (A)<br \/><strong><span style=\"color: #4b0b3e;\">Juan Jos\u00e9 Iglesis Larroquette<\/span><\/strong><br \/><strong>Direcci\u00f3n de Planificaci\u00f3n Conjunta<\/strong><\/p>\t\t\t\t\t\t\t\t<\/div>\n\t\t\t\t<\/div>\n\t\t\t\t\t<\/div>\n\t\t<\/div>\n\t\t\t\t<div class=\"elementor-column elementor-col-20 elementor-top-column elementor-element elementor-element-2866c3a\" data-id=\"2866c3a\" data-element_type=\"column\">\n\t\t\t<div class=\"elementor-widget-wrap elementor-element-populated\">\n\t\t\t\t\t\t<div class=\"elementor-element elementor-element-41ec6f6 elementor-widget elementor-widget-text-editor\" data-id=\"41ec6f6\" data-element_type=\"widget\" data-widget_type=\"text-editor.default\">\n\t\t\t\t<div class=\"elementor-widget-container\">\n\t\t\t\t\t\t\t\t\t<p style=\"text-align: center;\">General de Brigada<br \/><strong><span style=\"color: #4b0b3e;\">Ricardo Duarte Machuca<\/span><\/strong><br \/><strong>Direcci\u00f3n de Educaci\u00f3n, Doctrina y Entrenamiento Conjunto<\/strong><\/p>\t\t\t\t\t\t\t\t<\/div>\n\t\t\t\t<\/div>\n\t\t\t\t\t<\/div>\n\t\t<\/div>\n\t\t\t\t<div class=\"elementor-column elementor-col-20 elementor-top-column elementor-element elementor-element-67dcd1e\" data-id=\"67dcd1e\" data-element_type=\"column\">\n\t\t\t<div class=\"elementor-widget-wrap elementor-element-populated\">\n\t\t\t\t\t\t<div class=\"elementor-element elementor-element-a9a7a1c elementor-widget elementor-widget-text-editor\" data-id=\"a9a7a1c\" data-element_type=\"widget\" data-widget_type=\"text-editor.default\">\n\t\t\t\t<div class=\"elementor-widget-container\">\n\t\t\t\t\t\t\t\t\t<p style=\"text-align: center;\">Coronel<br \/><strong><span style=\"color: #4b0b3e;\">Eduardo Cereceda Truan<\/span><\/strong><br \/><strong>Direcci\u00f3n de Personal y Log\u00edstica Estrat\u00e9gica<\/strong><\/p>\t\t\t\t\t\t\t\t<\/div>\n\t\t\t\t<\/div>\n\t\t\t\t\t<\/div>\n\t\t<\/div>\n\t\t\t\t\t<\/div>\n\t\t<\/section>\n\t\t\t\t<section class=\"elementor-section elementor-top-section elementor-element elementor-element-8a1b10e elementor-section-boxed elementor-section-height-default elementor-section-height-default\" data-id=\"8a1b10e\" data-element_type=\"section\">\n\t\t\t\t\t\t<div class=\"elementor-container elementor-column-gap-default\">\n\t\t\t\t\t<div class=\"elementor-column elementor-col-100 elementor-top-column elementor-element elementor-element-e2bfa72\" data-id=\"e2bfa72\" data-element_type=\"column\">\n\t\t\t<div class=\"elementor-widget-wrap\">\n\t\t\t\t\t\t\t<\/div>\n\t\t<\/div>\n\t\t\t\t\t<\/div>\n\t\t<\/section>\n\t\t\t\t<section class=\"elementor-section elementor-top-section elementor-element elementor-element-f13314e elementor-section-boxed elementor-section-height-default elementor-section-height-default\" data-id=\"f13314e\" data-element_type=\"section\">\n\t\t\t\t\t\t<div class=\"elementor-container elementor-column-gap-default\">\n\t\t\t\t\t<div class=\"elementor-column elementor-col-20 elementor-top-column elementor-element elementor-element-4789547\" data-id=\"4789547\" data-element_type=\"column\">\n\t\t\t<div class=\"elementor-widget-wrap elementor-element-populated\">\n\t\t\t\t\t\t<div class=\"elementor-element elementor-element-8c57d0b elementor-widget elementor-widget-image\" data-id=\"8c57d0b\" data-element_type=\"widget\" data-widget_type=\"image.default\">\n\t\t\t\t<div class=\"elementor-widget-container\">\n\t\t\t\t\t\t\t\t\t\t\t\t\t\t\t<img loading=\"lazy\" decoding=\"async\" width=\"857\" height=\"1024\" src=\"https:\/\/www.emco.mil.cl\/wp-content\/uploads\/2024\/03\/DIFEMCO.jpg\" class=\"attachment-large size-large wp-image-11025\" alt=\"\" srcset=\"https:\/\/www.emco.mil.cl\/wp-content\/uploads\/2024\/03\/DIFEMCO.jpg 857w, https:\/\/www.emco.mil.cl\/wp-content\/uploads\/2024\/03\/DIFEMCO-251x300.jpg 251w, https:\/\/www.emco.mil.cl\/wp-content\/uploads\/2024\/03\/DIFEMCO-768x918.jpg 768w\" sizes=\"(max-width: 857px) 100vw, 857px\" \/>\t\t\t\t\t\t\t\t\t\t\t\t\t\t\t<\/div>\n\t\t\t\t<\/div>\n\t\t\t\t\t<\/div>\n\t\t<\/div>\n\t\t\t\t<div class=\"elementor-column elementor-col-20 elementor-top-column elementor-element elementor-element-7e99fe7\" data-id=\"7e99fe7\" data-element_type=\"column\">\n\t\t\t<div class=\"elementor-widget-wrap elementor-element-populated\">\n\t\t\t\t\t\t<div class=\"elementor-element elementor-element-4428107 elementor-widget elementor-widget-image\" data-id=\"4428107\" data-element_type=\"widget\" data-widget_type=\"image.default\">\n\t\t\t\t<div class=\"elementor-widget-container\">\n\t\t\t\t\t\t\t\t\t\t\t\t\t\t\t<img loading=\"lazy\" decoding=\"async\" width=\"670\" height=\"800\" src=\"https:\/\/www.emco.mil.cl\/wp-content\/uploads\/2026\/01\/DIPRO-publicacion2.jpg\" class=\"attachment-large size-large wp-image-14711\" alt=\"\" srcset=\"https:\/\/www.emco.mil.cl\/wp-content\/uploads\/2026\/01\/DIPRO-publicacion2.jpg 670w, https:\/\/www.emco.mil.cl\/wp-content\/uploads\/2026\/01\/DIPRO-publicacion2-251x300.jpg 251w\" sizes=\"(max-width: 670px) 100vw, 670px\" \/>\t\t\t\t\t\t\t\t\t\t\t\t\t\t\t<\/div>\n\t\t\t\t<\/div>\n\t\t\t\t\t<\/div>\n\t\t<\/div>\n\t\t\t\t<div class=\"elementor-column elementor-col-20 elementor-top-column elementor-element elementor-element-83c2558\" data-id=\"83c2558\" data-element_type=\"column\">\n\t\t\t<div class=\"elementor-widget-wrap elementor-element-populated\">\n\t\t\t\t\t\t<div class=\"elementor-element elementor-element-368d68f elementor-widget elementor-widget-image\" data-id=\"368d68f\" data-element_type=\"widget\" data-widget_type=\"image.default\">\n\t\t\t\t<div class=\"elementor-widget-container\">\n\t\t\t\t\t\t\t\t\t\t\t\t\t\t\t<img loading=\"lazy\" decoding=\"async\" width=\"670\" height=\"800\" src=\"https:\/\/www.emco.mil.cl\/wp-content\/uploads\/2026\/01\/DAG-publicacion2.jpg\" class=\"attachment-large size-large wp-image-14676\" alt=\"\" srcset=\"https:\/\/www.emco.mil.cl\/wp-content\/uploads\/2026\/01\/DAG-publicacion2.jpg 670w, https:\/\/www.emco.mil.cl\/wp-content\/uploads\/2026\/01\/DAG-publicacion2-251x300.jpg 251w\" sizes=\"(max-width: 670px) 100vw, 670px\" \/>\t\t\t\t\t\t\t\t\t\t\t\t\t\t\t<\/div>\n\t\t\t\t<\/div>\n\t\t\t\t\t<\/div>\n\t\t<\/div>\n\t\t\t\t<div class=\"elementor-column elementor-col-20 elementor-top-column elementor-element elementor-element-263b7b9\" data-id=\"263b7b9\" data-element_type=\"column\">\n\t\t\t<div class=\"elementor-widget-wrap elementor-element-populated\">\n\t\t\t\t\t\t<div class=\"elementor-element elementor-element-c975c4d elementor-widget elementor-widget-image\" data-id=\"c975c4d\" data-element_type=\"widget\" data-widget_type=\"image.default\">\n\t\t\t\t<div class=\"elementor-widget-container\">\n\t\t\t\t\t\t\t\t\t\t\t\t\t\t\t<img loading=\"lazy\" decoding=\"async\" width=\"670\" height=\"800\" src=\"https:\/\/www.emco.mil.cl\/wp-content\/uploads\/2025\/02\/DAI2025.jpg\" class=\"attachment-large size-large wp-image-12421\" alt=\"\" srcset=\"https:\/\/www.emco.mil.cl\/wp-content\/uploads\/2025\/02\/DAI2025.jpg 670w, https:\/\/www.emco.mil.cl\/wp-content\/uploads\/2025\/02\/DAI2025-251x300.jpg 251w\" sizes=\"(max-width: 670px) 100vw, 670px\" \/>\t\t\t\t\t\t\t\t\t\t\t\t\t\t\t<\/div>\n\t\t\t\t<\/div>\n\t\t\t\t\t<\/div>\n\t\t<\/div>\n\t\t\t\t<div class=\"elementor-column elementor-col-20 elementor-top-column elementor-element elementor-element-4af756b\" data-id=\"4af756b\" data-element_type=\"column\">\n\t\t\t<div class=\"elementor-widget-wrap elementor-element-populated\">\n\t\t\t\t\t\t<div class=\"elementor-element elementor-element-ca4ca1f elementor-widget elementor-widget-image\" data-id=\"ca4ca1f\" data-element_type=\"widget\" data-widget_type=\"image.default\">\n\t\t\t\t<div class=\"elementor-widget-container\">\n\t\t\t\t\t\t\t\t\t\t\t\t\t\t\t<img loading=\"lazy\" decoding=\"async\" width=\"670\" height=\"800\" src=\"https:\/\/www.emco.mil.cl\/wp-content\/uploads\/2026\/01\/CECOPAC-publicacion.jpg\" class=\"attachment-large size-large wp-image-14715\" alt=\"\" srcset=\"https:\/\/www.emco.mil.cl\/wp-content\/uploads\/2026\/01\/CECOPAC-publicacion.jpg 670w, https:\/\/www.emco.mil.cl\/wp-content\/uploads\/2026\/01\/CECOPAC-publicacion-251x300.jpg 251w\" sizes=\"(max-width: 670px) 100vw, 670px\" \/>\t\t\t\t\t\t\t\t\t\t\t\t\t\t\t<\/div>\n\t\t\t\t<\/div>\n\t\t\t\t\t<\/div>\n\t\t<\/div>\n\t\t\t\t\t<\/div>\n\t\t<\/section>\n\t\t\t\t<section class=\"elementor-section elementor-top-section elementor-element elementor-element-4b78a5b elementor-section-boxed elementor-section-height-default elementor-section-height-default\" data-id=\"4b78a5b\" data-element_type=\"section\">\n\t\t\t\t\t\t<div class=\"elementor-container elementor-column-gap-default\">\n\t\t\t\t\t<div class=\"elementor-column elementor-col-20 elementor-top-column elementor-element elementor-element-068ad1f\" data-id=\"068ad1f\" data-element_type=\"column\">\n\t\t\t<div class=\"elementor-widget-wrap elementor-element-populated\">\n\t\t\t\t\t\t<div class=\"elementor-element elementor-element-3cff86a elementor-widget elementor-widget-text-editor\" data-id=\"3cff86a\" data-element_type=\"widget\" data-widget_type=\"text-editor.default\">\n\t\t\t\t<div class=\"elementor-widget-container\">\n\t\t\t\t\t\t\t\t\t<p style=\"text-align: center;\">Coronel de Aviaci\u00f3n (AD)<br \/><strong><span style=\"color: #4b0b3e;\">Emilio Herrera General<\/span><\/strong><br \/><strong>Direcci\u00f3n de Finanzas del EMCO<\/strong><\/p>\t\t\t\t\t\t\t\t<\/div>\n\t\t\t\t<\/div>\n\t\t\t\t\t<\/div>\n\t\t<\/div>\n\t\t\t\t<div class=\"elementor-column elementor-col-20 elementor-top-column elementor-element elementor-element-c958a48\" data-id=\"c958a48\" data-element_type=\"column\">\n\t\t\t<div class=\"elementor-widget-wrap elementor-element-populated\">\n\t\t\t\t\t\t<div class=\"elementor-element elementor-element-83f259e elementor-widget elementor-widget-text-editor\" data-id=\"83f259e\" data-element_type=\"widget\" data-widget_type=\"text-editor.default\">\n\t\t\t\t<div class=\"elementor-widget-container\">\n\t\t\t\t\t\t\t\t\t<p style=\"text-align: center;\">General de Brigada A\u00e9rea (I)<br \/><span style=\"color: #4b0b3e;\"><b>Fernando Mondaca Rodr\u00edguez<\/b><\/span><br \/><strong>Direcci\u00f3n de Proyectos y Tecnolog\u00edas Estrat\u00e9gicas<\/strong><\/p>\t\t\t\t\t\t\t\t<\/div>\n\t\t\t\t<\/div>\n\t\t\t\t\t<\/div>\n\t\t<\/div>\n\t\t\t\t<div class=\"elementor-column elementor-col-20 elementor-top-column elementor-element elementor-element-334f56e\" data-id=\"334f56e\" data-element_type=\"column\">\n\t\t\t<div class=\"elementor-widget-wrap elementor-element-populated\">\n\t\t\t\t\t\t<div class=\"elementor-element elementor-element-45d0e24 elementor-widget elementor-widget-text-editor\" data-id=\"45d0e24\" data-element_type=\"widget\" data-widget_type=\"text-editor.default\">\n\t\t\t\t<div class=\"elementor-widget-container\">\n\t\t\t\t\t\t\t\t\t<p style=\"text-align: center;\">Coronel de Aviaci\u00f3n (AD)<br \/><strong><span style=\"color: #4b0b3e;\">Carlos Crawford S\u00e1ez<\/span><br \/>Direcci\u00f3n de Apoyo General<\/strong><\/p>\t\t\t\t\t\t\t\t<\/div>\n\t\t\t\t<\/div>\n\t\t\t\t\t<\/div>\n\t\t<\/div>\n\t\t\t\t<div class=\"elementor-column elementor-col-20 elementor-top-column elementor-element elementor-element-38c41e2\" data-id=\"38c41e2\" data-element_type=\"column\">\n\t\t\t<div class=\"elementor-widget-wrap elementor-element-populated\">\n\t\t\t\t\t\t<div class=\"elementor-element elementor-element-cdaeb4f elementor-widget elementor-widget-text-editor\" data-id=\"cdaeb4f\" data-element_type=\"widget\" data-widget_type=\"text-editor.default\">\n\t\t\t\t<div class=\"elementor-widget-container\">\n\t\t\t\t\t\t\t\t\t<p style=\"text-align: center;\">Coronel<br \/><strong><span style=\"color: #4b0b3e;\">Claudio Araya Melo<\/span><br \/>Direcci\u00f3n de Asuntos Internacionales<\/strong><\/p>\t\t\t\t\t\t\t\t<\/div>\n\t\t\t\t<\/div>\n\t\t\t\t\t<\/div>\n\t\t<\/div>\n\t\t\t\t<div class=\"elementor-column elementor-col-20 elementor-top-column elementor-element elementor-element-7ab7366\" data-id=\"7ab7366\" data-element_type=\"column\">\n\t\t\t<div class=\"elementor-widget-wrap elementor-element-populated\">\n\t\t\t\t\t\t<div class=\"elementor-element elementor-element-2657e3d elementor-widget elementor-widget-text-editor\" data-id=\"2657e3d\" data-element_type=\"widget\" data-widget_type=\"text-editor.default\">\n\t\t\t\t<div class=\"elementor-widget-container\">\n\t\t\t\t\t\t\t\t\t<p style=\"text-align: center;\">Coronel de Aviaci\u00f3n (A)<br \/><strong><span style=\"color: #4b0b3e;\">Luis D\u00edaz S\u00e1nchez<\/span><br \/>Director del Centro Conjunto para Operaciones de Paz de Chile<\/strong><\/p>\t\t\t\t\t\t\t\t<\/div>\n\t\t\t\t<\/div>\n\t\t\t\t\t<\/div>\n\t\t<\/div>\n\t\t\t\t\t<\/div>\n\t\t<\/section>\n\t\t\t\t<\/div>\n\t\t","protected":false},"excerpt":{"rendered":"<p>General de BrigadaMois\u00e9s de Pablo L\u00f3pezDirecci\u00f3n de Inteligencia de Defensa ContraalmiranteJos\u00e9 Miguel Rozas FloresDirecci\u00f3n de Operaciones y Conducci\u00f3n Conjunta General de Brigada A\u00e9rea (A)Juan Jos\u00e9 Iglesis LarroquetteDirecci\u00f3n de Planificaci\u00f3n Conjunta General de BrigadaRicardo Duarte MachucaDirecci\u00f3n de Educaci\u00f3n, Doctrina y Entrenamiento Conjunto CoronelEduardo Cereceda TruanDirecci\u00f3n de Personal y Log\u00edstica Estrat\u00e9gica Coronel de Aviaci\u00f3n (AD)Emilio Herrera GeneralDirecci\u00f3n&#8230;<\/p>\n","protected":false},"author":5,"featured_media":0,"parent":0,"menu_order":0,"comment_status":"closed","ping_status":"closed","template":"","meta":{"_kad_post_transparent":"","_kad_post_title":"","_kad_post_layout":"normal","_kad_post_sidebar_id":"","_kad_post_content_style":"","_kad_post_vertical_padding":"","_kad_post_feature":"","_kad_post_feature_position":"","_kad_post_header":false,"_kad_post_footer":false,"footnotes":""},"class_list":["post-7213","page","type-page","status-publish","hentry"],"_links":{"self":[{"href":"https:\/\/www.emco.mil.cl\/index.php\/wp-json\/wp\/v2\/pages\/7213","targetHints":{"allow":["GET"]}}],"collection":[{"href":"https:\/\/www.emco.mil.cl\/index.php\/wp-json\/wp\/v2\/pages"}],"about":[{"href":"https:\/\/www.emco.mil.cl\/index.php\/wp-json\/wp\/v2\/types\/page"}],"author":[{"embeddable":true,"href":"https:\/\/www.emco.mil.cl\/index.php\/wp-json\/wp\/v2\/users\/5"}],"replies":[{"embeddable":true,"href":"https:\/\/www.emco.mil.cl\/index.php\/wp-json\/wp\/v2\/comments?post=7213"}],"version-history":[{"count":145,"href":"https:\/\/www.emco.mil.cl\/index.php\/wp-json\/wp\/v2\/pages\/7213\/revisions"}],"predecessor-version":[{"id":14842,"href":"https:\/\/www.emco.mil.cl\/index.php\/wp-json\/wp\/v2\/pages\/7213\/revisions\/14842"}],"wp:attachment":[{"href":"https:\/\/www.emco.mil.cl\/index.php\/wp-json\/wp\/v2\/media?parent=7213"}],"curies":[{"name":"wp","href":"https:\/\/api.w.org\/{rel}","templated":true}]}}