{"id":69,"date":"2021-08-24T12:29:54","date_gmt":"2021-08-24T16:29:54","guid":{"rendered":"http:\/\/10.195.30.25\/?page_id=69"},"modified":"2021-08-26T16:55:13","modified_gmt":"2021-08-26T20:55:13","slug":"resena-historica-1960-1970","status":"publish","type":"page","link":"https:\/\/www.emco.mil.cl\/index.php\/resena-historica-1960-1970\/","title":{"rendered":"Rese\u00f1a hist\u00f3rica 1960-1970"},"content":{"rendered":"\n<p><strong>1960-1970<\/strong><\/p>\n\n\n\n<p>Estudios y an\u00e1lisis llevaron a establecer que las atribuciones y alcances de las tareas y misiones del Estado Mayor de las Fuerzas Armadas no abarcaban todos los aspectos relacionados con la Defensa Nacional, afectando con ello el procedimiento de planificaci\u00f3n y trabajos referentes a la Seguridad Nacional.&nbsp;&nbsp; Por lo anterior, se hace necesario crear un cuerpo colegiado que fuese asesor del Ministro de Defensa Nacional en temas que tuviesen relaci\u00f3n con las instituciones armadas, asunto que se concret\u00f3 mediante el Decreto con fuerza de Ley N\u00ba 181 del 23 de marzo de 1960 que dispuso la creaci\u00f3n del Consejo Superior de Seguridad Nacional, entidad encargada de asesorar al Presidente de la Rep\u00fablica en todo lo concerniente a la Seguridad de la Naci\u00f3n y mantenimiento de su integridad territorial.<\/p>\n\n\n\n<p>El 13 de abril de 1960 se public\u00f3 el Decreto N\u00ba 373 que remplaza la denominaci\u00f3n de \u201cEstado Mayor de las Fuerzas Armadas\u201d por el de \u201cEstado Mayor de la Defensa Nacional\u201d, EMDN. El aspecto fundamental que motiv\u00f3 el cambio, fue la ampliaci\u00f3n del campo de acci\u00f3n del Estado Mayor de la Defensa Nacional hacia la Seguridad Nacional, abri\u00e9ndose un sector en el cual no se hab\u00eda incursionado.&nbsp; Como requisito adicional, el Jefe del EMDN deb\u00eda ser la segunda antig\u00fcedad de su Instituci\u00f3n y, en lo posible, ser m\u00e1s antiguo que los Jefes de Estado Mayor de \u00e9stas; en tanto, conservar\u00eda su derecho a voz y voto en el denominado Consejo Superior de Seguridad Nacional, CONSUSENA.<\/p>\n","protected":false},"excerpt":{"rendered":"<p>1960-1970 Estudios y an\u00e1lisis llevaron a establecer que las atribuciones y alcances de las tareas y misiones del Estado Mayor de las Fuerzas Armadas no abarcaban todos los aspectos relacionados con la Defensa Nacional, afectando con ello el procedimiento de planificaci\u00f3n y trabajos referentes a la Seguridad Nacional.&nbsp;&nbsp; Por lo anterior, se hace necesario crear&#8230;<\/p>\n","protected":false},"author":4,"featured_media":0,"parent":0,"menu_order":0,"comment_status":"closed","ping_status":"closed","template":"","meta":{"_kad_post_transparent":"","_kad_post_title":"","_kad_post_layout":"","_kad_post_sidebar_id":"","_kad_post_content_style":"","_kad_post_vertical_padding":"","_kad_post_feature":"","_kad_post_feature_position":"","_kad_post_header":false,"_kad_post_footer":false,"footnotes":""},"class_list":["post-69","page","type-page","status-publish","hentry"],"_links":{"self":[{"href":"https:\/\/www.emco.mil.cl\/index.php\/wp-json\/wp\/v2\/pages\/69","targetHints":{"allow":["GET"]}}],"collection":[{"href":"https:\/\/www.emco.mil.cl\/index.php\/wp-json\/wp\/v2\/pages"}],"about":[{"href":"https:\/\/www.emco.mil.cl\/index.php\/wp-json\/wp\/v2\/types\/page"}],"author":[{"embeddable":true,"href":"https:\/\/www.emco.mil.cl\/index.php\/wp-json\/wp\/v2\/users\/4"}],"replies":[{"embeddable":true,"href":"https:\/\/www.emco.mil.cl\/index.php\/wp-json\/wp\/v2\/comments?post=69"}],"version-history":[{"count":1,"href":"https:\/\/www.emco.mil.cl\/index.php\/wp-json\/wp\/v2\/pages\/69\/revisions"}],"predecessor-version":[{"id":70,"href":"https:\/\/www.emco.mil.cl\/index.php\/wp-json\/wp\/v2\/pages\/69\/revisions\/70"}],"wp:attachment":[{"href":"https:\/\/www.emco.mil.cl\/index.php\/wp-json\/wp\/v2\/media?parent=69"}],"curies":[{"name":"wp","href":"https:\/\/api.w.org\/{rel}","templated":true}]}}