{"id":64,"date":"2021-08-24T12:20:08","date_gmt":"2021-08-24T16:20:08","guid":{"rendered":"http:\/\/10.195.30.25\/?page_id=64"},"modified":"2025-02-25T15:11:23","modified_gmt":"2025-02-25T18:11:23","slug":"mision","status":"publish","type":"page","link":"https:\/\/www.emco.mil.cl\/index.php\/mision\/","title":{"rendered":"MISI\u00d3N\/VISI\u00d3N"},"content":{"rendered":"\t\t<div data-elementor-type=\"wp-page\" data-elementor-id=\"64\" class=\"elementor elementor-64\">\n\t\t\t\t\t\t<section class=\"elementor-section elementor-top-section elementor-element elementor-element-f2a2828 elementor-section-boxed elementor-section-height-default elementor-section-height-default\" data-id=\"f2a2828\" data-element_type=\"section\">\n\t\t\t\t\t\t<div class=\"elementor-container elementor-column-gap-default\">\n\t\t\t\t\t<div class=\"elementor-column elementor-col-100 elementor-top-column elementor-element elementor-element-2367763\" data-id=\"2367763\" data-element_type=\"column\">\n\t\t\t<div class=\"elementor-widget-wrap elementor-element-populated\">\n\t\t\t\t\t\t<div class=\"elementor-element elementor-element-6129227 elementor-widget elementor-widget-text-editor\" data-id=\"6129227\" data-element_type=\"widget\" data-widget_type=\"text-editor.default\">\n\t\t\t\t<div class=\"elementor-widget-container\">\n\t\t\t\t\t\t\t\t\t<h2>MISI\u00d3N<\/h2>\n<div class=\"elementor-element elementor-element-255d0960 e-con-full e-flex wpr-particle-no wpr-jarallax-no wpr-parallax-no wpr-sticky-section-no e-con e-child\" data-id=\"255d0960\" data-element_type=\"container\">\n<div class=\"elementor-element elementor-element-523b6cd8 elementor-widget__width-initial elementor-widget elementor-widget-text-editor\" data-id=\"523b6cd8\" data-element_type=\"widget\" data-widget_type=\"text-editor.default\">\n<div class=\"elementor-widget-container\">\n<p>El Estado Mayor Conjunto es el organismo de trabajo y asesor\u00eda permanente del Ministro de Defensa Nacional en materias que tengan relaci\u00f3n con la preparaci\u00f3n y empleo conjunto de las Fuerzas Armadas, tales como la conducci\u00f3n estrat\u00e9gica en estados de excepci\u00f3n constitucional, guerra externa o crisis internacional que afecten la seguridad de la Rep\u00fablica. As\u00ed tambi\u00e9n, es el encargado de la planificaci\u00f3n, coordinaci\u00f3n y conducci\u00f3n de operaciones internacionales y actividades de los medios chilenos que participen en misiones de paz y entrenamiento conjunto.<\/p>\n<p><span style=\"font-size: 28px; font-weight: bold;\">VISI\u00d3N<\/span><\/p>\n<\/div>\n<\/div>\n<\/div>\n<p>Ser una organizaci\u00f3n militar conjunta, eficiente, eficaz en el empleo estrat\u00e9gico de fuerzas militares en el \u00e1mbito nacional e internacional.\u00a0<\/p>\t\t\t\t\t\t\t\t<\/div>\n\t\t\t\t<\/div>\n\t\t\t\t\t<\/div>\n\t\t<\/div>\n\t\t\t\t\t<\/div>\n\t\t<\/section>\n\t\t\t\t<section class=\"elementor-section elementor-top-section elementor-element elementor-element-5900752 elementor-section-boxed elementor-section-height-default elementor-section-height-default\" data-id=\"5900752\" data-element_type=\"section\">\n\t\t\t\t\t\t<div class=\"elementor-container elementor-column-gap-default\">\n\t\t\t\t\t<div class=\"elementor-column elementor-col-100 elementor-top-column elementor-element elementor-element-d0b6f9b\" data-id=\"d0b6f9b\" data-element_type=\"column\">\n\t\t\t<div class=\"elementor-widget-wrap elementor-element-populated\">\n\t\t\t\t\t\t<div class=\"elementor-element elementor-element-10b5b41 elementor-widget elementor-widget-image\" data-id=\"10b5b41\" data-element_type=\"widget\" data-widget_type=\"image.default\">\n\t\t\t\t<div class=\"elementor-widget-container\">\n\t\t\t\t\t\t\t\t\t\t\t\t\t\t\t<img fetchpriority=\"high\" decoding=\"async\" width=\"1123\" height=\"358\" src=\"https:\/\/www.emco.mil.cl\/wp-content\/uploads\/2025\/02\/MSN-VSN-250225.jpg\" class=\"attachment-full size-full wp-image-12351\" alt=\"\" srcset=\"https:\/\/www.emco.mil.cl\/wp-content\/uploads\/2025\/02\/MSN-VSN-250225.jpg 1123w, https:\/\/www.emco.mil.cl\/wp-content\/uploads\/2025\/02\/MSN-VSN-250225-300x96.jpg 300w, https:\/\/www.emco.mil.cl\/wp-content\/uploads\/2025\/02\/MSN-VSN-250225-1024x326.jpg 1024w, https:\/\/www.emco.mil.cl\/wp-content\/uploads\/2025\/02\/MSN-VSN-250225-768x245.jpg 768w\" sizes=\"(max-width: 1123px) 100vw, 1123px\" \/>\t\t\t\t\t\t\t\t\t\t\t\t\t\t\t<\/div>\n\t\t\t\t<\/div>\n\t\t\t\t\t<\/div>\n\t\t<\/div>\n\t\t\t\t\t<\/div>\n\t\t<\/section>\n\t\t\t\t<\/div>\n\t\t","protected":false},"excerpt":{"rendered":"<p>MISI\u00d3N El Estado Mayor Conjunto es el organismo de trabajo y asesor\u00eda permanente del Ministro de Defensa Nacional en materias que tengan relaci\u00f3n con la preparaci\u00f3n y empleo conjunto de las Fuerzas Armadas, tales como la conducci\u00f3n estrat\u00e9gica en estados de excepci\u00f3n constitucional, guerra externa o crisis internacional que afecten la seguridad de la Rep\u00fablica&#8230;.<\/p>\n","protected":false},"author":4,"featured_media":0,"parent":0,"menu_order":0,"comment_status":"closed","ping_status":"closed","template":"","meta":{"_kad_post_transparent":"","_kad_post_title":"","_kad_post_layout":"normal","_kad_post_sidebar_id":"","_kad_post_content_style":"","_kad_post_vertical_padding":"","_kad_post_feature":"","_kad_post_feature_position":"","_kad_post_header":false,"_kad_post_footer":false,"footnotes":""},"class_list":["post-64","page","type-page","status-publish","hentry"],"_links":{"self":[{"href":"https:\/\/www.emco.mil.cl\/index.php\/wp-json\/wp\/v2\/pages\/64","targetHints":{"allow":["GET"]}}],"collection":[{"href":"https:\/\/www.emco.mil.cl\/index.php\/wp-json\/wp\/v2\/pages"}],"about":[{"href":"https:\/\/www.emco.mil.cl\/index.php\/wp-json\/wp\/v2\/types\/page"}],"author":[{"embeddable":true,"href":"https:\/\/www.emco.mil.cl\/index.php\/wp-json\/wp\/v2\/users\/4"}],"replies":[{"embeddable":true,"href":"https:\/\/www.emco.mil.cl\/index.php\/wp-json\/wp\/v2\/comments?post=64"}],"version-history":[{"count":23,"href":"https:\/\/www.emco.mil.cl\/index.php\/wp-json\/wp\/v2\/pages\/64\/revisions"}],"predecessor-version":[{"id":12354,"href":"https:\/\/www.emco.mil.cl\/index.php\/wp-json\/wp\/v2\/pages\/64\/revisions\/12354"}],"wp:attachment":[{"href":"https:\/\/www.emco.mil.cl\/index.php\/wp-json\/wp\/v2\/media?parent=64"}],"curies":[{"name":"wp","href":"https:\/\/api.w.org\/{rel}","templated":true}]}}