{"id":622,"date":"2021-09-02T11:41:22","date_gmt":"2021-09-02T15:41:22","guid":{"rendered":"http:\/\/10.195.30.25\/?page_id=622"},"modified":"2021-10-20T15:30:33","modified_gmt":"2021-10-20T18:30:33","slug":"votaciones-censo","status":"publish","type":"page","link":"https:\/\/www.emco.mil.cl\/index.php\/votaciones-censo\/","title":{"rendered":"ASESOR\u00cdA MILITAR EN LOS PROCESOS DE VOTACI\u00d3N\/CENSO"},"content":{"rendered":"\n<p>En el \u00e1mbito de los procesos electorales, a trav\u00e9s de la Direcci\u00f3n de Planificaci\u00f3n Conjunta (DIPLANCO) coordina todas las actividades con los Organismos Dependientes del Ministerios de Defensa Nacional, con las Instituciones de las Fuerzas Armadas y organismos gubernamentales involucrados (Servicio Electoral, Ministerio del Interior y Fuerzas de Orden y Seguridad).<\/p>\n\n\n\n<p>De lo anterior, se derivan las siguientes tareas:<\/p>\n\n\n\n<ul class=\"wp-block-list\"><li>Elaboraci\u00f3n de la Directiva del Ministro de Defensa para el empleo de las Fuerzas Armadas en el proceso eleccionario.<\/li><li>Proposici\u00f3n de Decretos de nombramiento de los Jefes de Fuerza Regional.<\/li><li>Conformar el Grupo de Planificaci\u00f3n de elecciones, junto a oficiales delegados de las FF.AA. para ejecutar las coordinaciones correspondientes.<\/li><li>Coordinaci\u00f3n del transporte estrat\u00e9gico de fuerzas, de ser necesario, para completar los efectivos de regiones para empleo en locales de votaci\u00f3n.<\/li><li>Supervisar y coordinar el apoyo de las FF.AA., al proceso eleccionario activando la c\u00e9lula \u201cElecciones\u201d en el Centro de Operaciones de la Defensa (COD), de manera de apoyar en la conducci\u00f3n de las operaciones, a partir del despliegue de las fuerzas, durante el acto eleccionario y finalizando con el repliegue a sus unidades de origen.<\/li><\/ul>\n\n\n\n<p>De igual forma, en el \u00e1mbito de los procesos de Censo Nacional, coordina las actividades relacionadas al censo, tanto con los organismos dependientes del EMCO, como de las Fuerzas Armadas y organismos gubernamentales, realizando en dicho caso las siguientes tareas:<\/p>\n\n\n\n<ul class=\"wp-block-list\"><li>Elaboraci\u00f3n de la Directiva del Ministro de Defensa para el empleo de las Fuerzas Armadas en el censo.<\/li><li>Elaboraci\u00f3n de las disposiciones internas del EMCO.<\/li><li>Coordinar el nombramiento de la Autoridad Militar en cada Regi\u00f3n del pa\u00eds.<\/li><li>Oficiar como delegado ante los organismos involucrados en el Censo.<\/li><li>Supervisar y coordinar el apoyo de las FF.AA., al proceso del censo activando la c\u00e9lula \u201cCenso\u201d en el Centro de Operaciones de la Defensa (COD), de manera de apoyar en la conducci\u00f3n de las operaciones, a partir del despliegue de las fuerzas, durante el acto eleccionario y finalizando con el repliegue a sus unidades de origen.<\/li><\/ul>\n\n\n<style>.kb-gallery-type-fluidcarousel.kb-gallery-id-_32d569-4d .kt-blocks-carousel .kt-blocks-carousel-init .kb-slide-item{padding:4px 5px;}.kb-gallery-type-fluidcarousel.kb-gallery-id-_32d569-4d .kt-blocks-carousel .kt-blocks-carousel-init.kb-carousel-mode-align-left .kb-slide-item{padding:4px 10px 4px 0;}.kb-gallery-id-_32d569-4d.kb-gallery-ul.kb-gallery-type-fluidcarousel .kt-blocks-carousel figure .kb-gal-image-radius, .kb-gallery-id-_32d569-4d.kb-gallery-ul.kb-gallery-type-fluidcarousel .kt-blocks-carousel figure .kb-gal-image-radius img{height:300px;}.kb-gallery-id-_32d569-4d .kadence-blocks-gallery-item .kb-gal-image-radius, .kb-gallery-id-_32d569-4d .kb-slide-item .kb-gal-image-radius img{border-radius:0px 0px 0px 0px;;}.kb-gallery-wrap-id-_32d569-4d.wp-block-kadence-advancedgallery{overflow:visible;}.kb-gallery-wrap-id-_32d569-4d.wp-block-kadence-advancedgallery .kt-blocks-carousel{overflow:visible;max-width:100%;}<\/style>\n<div class=\"wp-block-kadence-advancedgallery kb-gallery-wrap-id-_32d569-4d\"><div class=\"kb-gallery-ul kb-gallery-type-fluidcarousel kb-gallery-id-_32d569-4d kb-gallery-caption-style-bottom-hover kb-gallery-filter-none\" data-image-filter=\"none\" data-lightbox-caption=\"true\"><div class=\"kt-blocks-carousel kt-carousel-container-dotstyle-dark\"><div class=\"kt-blocks-carousel-init kb-blocks-fluid-carousel kt-carousel-arrowstyle-whiteondark kt-carousel-dotstyle-dark\" data-slider-anim-speed=\"250\" data-slider-type=\"fluidcarousel\" data-slider-scroll=\"1\" data-slider-arrows=\"true\" data-slider-dots=\"true\" data-slider-hover-pause=\"false\" data-slider-auto=\"true\" data-slider-speed=\"3770\"><div class=\"kb-slide-item kb-gallery-carousel-item\"><div class=\"kadence-blocks-gallery-item\"><div class=\"kadence-blocks-gallery-item-inner\"><figure class=\"kb-gallery-figure kadence-blocks-gallery-item-hide-caption\"><div class=\"kb-gal-image-radius\"><div class=\"kb-gallery-image-contain\"><img fetchpriority=\"high\" decoding=\"async\" src=\"https:\/\/www.emco.mil.cl\/wp-content\/uploads\/2021\/10\/Censo.jpg\" width=\"1024\" height=\"488\" alt=\"\" data-full-image=\"https:\/\/www.emco.mil.cl\/wp-content\/uploads\/2021\/10\/Censo.jpg\" data-light-image=\"https:\/\/www.emco.mil.cl\/wp-content\/uploads\/2021\/10\/Censo.jpg\" data-id=\"7548\" data-link=\"https:\/\/www.emco.mil.cl\/index.php\/direccion-de-planificacion-conjunta\/censo\/\" class=\"wp-image-7548 skip-lazy\" srcset=\"https:\/\/www.emco.mil.cl\/wp-content\/uploads\/2021\/10\/Censo.jpg 1024w, https:\/\/www.emco.mil.cl\/wp-content\/uploads\/2021\/10\/Censo-300x143.jpg 300w, https:\/\/www.emco.mil.cl\/wp-content\/uploads\/2021\/10\/Censo-768x366.jpg 768w, https:\/\/www.emco.mil.cl\/wp-content\/uploads\/2021\/10\/Censo-350x167.jpg 350w\" sizes=\"(max-width: 1024px) 100vw, 1024px\" \/><\/div><\/div><\/figure><\/div><\/div><\/div><div class=\"kb-slide-item kb-gallery-carousel-item\"><div class=\"kadence-blocks-gallery-item\"><div class=\"kadence-blocks-gallery-item-inner\"><figure class=\"kb-gallery-figure kadence-blocks-gallery-item-hide-caption\"><div class=\"kb-gal-image-radius\"><div class=\"kb-gallery-image-contain\"><img decoding=\"async\" src=\"https:\/\/www.emco.mil.cl\/wp-content\/uploads\/2021\/10\/Votaciones.jpg\" width=\"1024\" height=\"488\" alt=\"\" data-full-image=\"https:\/\/www.emco.mil.cl\/wp-content\/uploads\/2021\/10\/Votaciones.jpg\" data-light-image=\"https:\/\/www.emco.mil.cl\/wp-content\/uploads\/2021\/10\/Votaciones.jpg\" data-id=\"7549\" data-link=\"https:\/\/www.emco.mil.cl\/index.php\/direccion-de-planificacion-conjunta\/votaciones\/\" class=\"wp-image-7549 skip-lazy\" srcset=\"https:\/\/www.emco.mil.cl\/wp-content\/uploads\/2021\/10\/Votaciones.jpg 1024w, https:\/\/www.emco.mil.cl\/wp-content\/uploads\/2021\/10\/Votaciones-300x143.jpg 300w, https:\/\/www.emco.mil.cl\/wp-content\/uploads\/2021\/10\/Votaciones-768x366.jpg 768w, https:\/\/www.emco.mil.cl\/wp-content\/uploads\/2021\/10\/Votaciones-350x167.jpg 350w\" sizes=\"(max-width: 1024px) 100vw, 1024px\" \/><\/div><\/div><\/figure><\/div><\/div><\/div><div class=\"kb-slide-item kb-gallery-carousel-item\"><div class=\"kadence-blocks-gallery-item\"><div class=\"kadence-blocks-gallery-item-inner\"><figure class=\"kb-gallery-figure kadence-blocks-gallery-item-hide-caption\"><div class=\"kb-gal-image-radius\"><div class=\"kb-gallery-image-contain\"><img decoding=\"async\" src=\"https:\/\/www.emco.mil.cl\/wp-content\/uploads\/2021\/10\/web1-Vot-CENSO.jpg\" width=\"1024\" height=\"488\" alt=\"\" data-full-image=\"https:\/\/www.emco.mil.cl\/wp-content\/uploads\/2021\/10\/web1-Vot-CENSO.jpg\" data-light-image=\"https:\/\/www.emco.mil.cl\/wp-content\/uploads\/2021\/10\/web1-Vot-CENSO.jpg\" data-id=\"7949\" data-link=\"https:\/\/www.emco.mil.cl\/index.php\/votaciones-censo\/web1-vot-censo\/\" class=\"wp-image-7949 skip-lazy\" srcset=\"https:\/\/www.emco.mil.cl\/wp-content\/uploads\/2021\/10\/web1-Vot-CENSO.jpg 1024w, https:\/\/www.emco.mil.cl\/wp-content\/uploads\/2021\/10\/web1-Vot-CENSO-300x143.jpg 300w, https:\/\/www.emco.mil.cl\/wp-content\/uploads\/2021\/10\/web1-Vot-CENSO-768x366.jpg 768w, https:\/\/www.emco.mil.cl\/wp-content\/uploads\/2021\/10\/web1-Vot-CENSO-350x167.jpg 350w\" sizes=\"(max-width: 1024px) 100vw, 1024px\" \/><\/div><\/div><\/figure><\/div><\/div><\/div><div class=\"kb-slide-item kb-gallery-carousel-item\"><div class=\"kadence-blocks-gallery-item\"><div class=\"kadence-blocks-gallery-item-inner\"><figure class=\"kb-gallery-figure kadence-blocks-gallery-item-hide-caption\"><div class=\"kb-gal-image-radius\"><div class=\"kb-gallery-image-contain\"><img loading=\"lazy\" decoding=\"async\" src=\"https:\/\/www.emco.mil.cl\/wp-content\/uploads\/2021\/10\/web2-Vot-CENSO.jpg\" width=\"1024\" height=\"488\" alt=\"\" data-full-image=\"https:\/\/www.emco.mil.cl\/wp-content\/uploads\/2021\/10\/web2-Vot-CENSO.jpg\" data-light-image=\"https:\/\/www.emco.mil.cl\/wp-content\/uploads\/2021\/10\/web2-Vot-CENSO.jpg\" data-id=\"7950\" data-link=\"https:\/\/www.emco.mil.cl\/index.php\/votaciones-censo\/web2-vot-censo\/\" class=\"wp-image-7950 skip-lazy\" srcset=\"https:\/\/www.emco.mil.cl\/wp-content\/uploads\/2021\/10\/web2-Vot-CENSO.jpg 1024w, https:\/\/www.emco.mil.cl\/wp-content\/uploads\/2021\/10\/web2-Vot-CENSO-300x143.jpg 300w, https:\/\/www.emco.mil.cl\/wp-content\/uploads\/2021\/10\/web2-Vot-CENSO-768x366.jpg 768w, https:\/\/www.emco.mil.cl\/wp-content\/uploads\/2021\/10\/web2-Vot-CENSO-350x167.jpg 350w\" sizes=\"(max-width: 1024px) 100vw, 1024px\" \/><\/div><\/div><\/figure><\/div><\/div><\/div><div class=\"kb-slide-item kb-gallery-carousel-item\"><div class=\"kadence-blocks-gallery-item\"><div class=\"kadence-blocks-gallery-item-inner\"><figure class=\"kb-gallery-figure kadence-blocks-gallery-item-hide-caption\"><div class=\"kb-gal-image-radius\"><div class=\"kb-gallery-image-contain\"><img loading=\"lazy\" decoding=\"async\" src=\"https:\/\/www.emco.mil.cl\/wp-content\/uploads\/2021\/10\/web3-Vot-CENSO.jpg\" width=\"1024\" height=\"488\" alt=\"\" data-full-image=\"https:\/\/www.emco.mil.cl\/wp-content\/uploads\/2021\/10\/web3-Vot-CENSO.jpg\" data-light-image=\"https:\/\/www.emco.mil.cl\/wp-content\/uploads\/2021\/10\/web3-Vot-CENSO.jpg\" data-id=\"7951\" data-link=\"https:\/\/www.emco.mil.cl\/index.php\/votaciones-censo\/web3-vot-censo\/\" class=\"wp-image-7951 skip-lazy\" srcset=\"https:\/\/www.emco.mil.cl\/wp-content\/uploads\/2021\/10\/web3-Vot-CENSO.jpg 1024w, https:\/\/www.emco.mil.cl\/wp-content\/uploads\/2021\/10\/web3-Vot-CENSO-300x143.jpg 300w, https:\/\/www.emco.mil.cl\/wp-content\/uploads\/2021\/10\/web3-Vot-CENSO-768x366.jpg 768w, https:\/\/www.emco.mil.cl\/wp-content\/uploads\/2021\/10\/web3-Vot-CENSO-350x167.jpg 350w\" sizes=\"(max-width: 1024px) 100vw, 1024px\" \/><\/div><\/div><\/figure><\/div><\/div><\/div><div class=\"kb-slide-item kb-gallery-carousel-item\"><div class=\"kadence-blocks-gallery-item\"><div class=\"kadence-blocks-gallery-item-inner\"><figure class=\"kb-gallery-figure kadence-blocks-gallery-item-hide-caption\"><div class=\"kb-gal-image-radius\"><div class=\"kb-gallery-image-contain\"><img loading=\"lazy\" decoding=\"async\" src=\"https:\/\/www.emco.mil.cl\/wp-content\/uploads\/2021\/10\/web4-Vot-CENSO.jpg\" width=\"1024\" height=\"488\" alt=\"\" data-full-image=\"https:\/\/www.emco.mil.cl\/wp-content\/uploads\/2021\/10\/web4-Vot-CENSO.jpg\" data-light-image=\"https:\/\/www.emco.mil.cl\/wp-content\/uploads\/2021\/10\/web4-Vot-CENSO.jpg\" data-id=\"7952\" data-link=\"https:\/\/www.emco.mil.cl\/index.php\/votaciones-censo\/web4-vot-censo\/\" class=\"wp-image-7952 skip-lazy\" srcset=\"https:\/\/www.emco.mil.cl\/wp-content\/uploads\/2021\/10\/web4-Vot-CENSO.jpg 1024w, https:\/\/www.emco.mil.cl\/wp-content\/uploads\/2021\/10\/web4-Vot-CENSO-300x143.jpg 300w, https:\/\/www.emco.mil.cl\/wp-content\/uploads\/2021\/10\/web4-Vot-CENSO-768x366.jpg 768w, https:\/\/www.emco.mil.cl\/wp-content\/uploads\/2021\/10\/web4-Vot-CENSO-350x167.jpg 350w\" sizes=\"(max-width: 1024px) 100vw, 1024px\" \/><\/div><\/div><\/figure><\/div><\/div><\/div><div class=\"kb-slide-item kb-gallery-carousel-item\"><div class=\"kadence-blocks-gallery-item\"><div class=\"kadence-blocks-gallery-item-inner\"><figure class=\"kb-gallery-figure kadence-blocks-gallery-item-hide-caption\"><div class=\"kb-gal-image-radius\"><div class=\"kb-gallery-image-contain\"><img loading=\"lazy\" decoding=\"async\" src=\"https:\/\/www.emco.mil.cl\/wp-content\/uploads\/2021\/10\/web5-Vot-CENSO.jpg\" width=\"1024\" height=\"488\" alt=\"\" data-full-image=\"https:\/\/www.emco.mil.cl\/wp-content\/uploads\/2021\/10\/web5-Vot-CENSO.jpg\" data-light-image=\"https:\/\/www.emco.mil.cl\/wp-content\/uploads\/2021\/10\/web5-Vot-CENSO.jpg\" data-id=\"7953\" data-link=\"https:\/\/www.emco.mil.cl\/index.php\/votaciones-censo\/web5-vot-censo\/\" class=\"wp-image-7953 skip-lazy\" srcset=\"https:\/\/www.emco.mil.cl\/wp-content\/uploads\/2021\/10\/web5-Vot-CENSO.jpg 1024w, https:\/\/www.emco.mil.cl\/wp-content\/uploads\/2021\/10\/web5-Vot-CENSO-300x143.jpg 300w, https:\/\/www.emco.mil.cl\/wp-content\/uploads\/2021\/10\/web5-Vot-CENSO-768x366.jpg 768w, https:\/\/www.emco.mil.cl\/wp-content\/uploads\/2021\/10\/web5-Vot-CENSO-350x167.jpg 350w\" sizes=\"(max-width: 1024px) 100vw, 1024px\" \/><\/div><\/div><\/figure><\/div><\/div><\/div><div class=\"kb-slide-item kb-gallery-carousel-item\"><div class=\"kadence-blocks-gallery-item\"><div class=\"kadence-blocks-gallery-item-inner\"><figure class=\"kb-gallery-figure kadence-blocks-gallery-item-hide-caption\"><div class=\"kb-gal-image-radius\"><div class=\"kb-gallery-image-contain\"><img loading=\"lazy\" decoding=\"async\" src=\"https:\/\/www.emco.mil.cl\/wp-content\/uploads\/2021\/10\/web6-Vot-CENSO.jpg\" width=\"1024\" height=\"488\" alt=\"\" data-full-image=\"https:\/\/www.emco.mil.cl\/wp-content\/uploads\/2021\/10\/web6-Vot-CENSO.jpg\" data-light-image=\"https:\/\/www.emco.mil.cl\/wp-content\/uploads\/2021\/10\/web6-Vot-CENSO.jpg\" data-id=\"7954\" data-link=\"https:\/\/www.emco.mil.cl\/index.php\/votaciones-censo\/web6-vot-censo\/\" class=\"wp-image-7954 skip-lazy\" srcset=\"https:\/\/www.emco.mil.cl\/wp-content\/uploads\/2021\/10\/web6-Vot-CENSO.jpg 1024w, https:\/\/www.emco.mil.cl\/wp-content\/uploads\/2021\/10\/web6-Vot-CENSO-300x143.jpg 300w, https:\/\/www.emco.mil.cl\/wp-content\/uploads\/2021\/10\/web6-Vot-CENSO-768x366.jpg 768w, https:\/\/www.emco.mil.cl\/wp-content\/uploads\/2021\/10\/web6-Vot-CENSO-350x167.jpg 350w\" sizes=\"(max-width: 1024px) 100vw, 1024px\" \/><\/div><\/div><\/figure><\/div><\/div><\/div><div class=\"kb-slide-item kb-gallery-carousel-item\"><div class=\"kadence-blocks-gallery-item\"><div class=\"kadence-blocks-gallery-item-inner\"><figure class=\"kb-gallery-figure kadence-blocks-gallery-item-hide-caption\"><div class=\"kb-gal-image-radius\"><div class=\"kb-gallery-image-contain\"><img loading=\"lazy\" decoding=\"async\" src=\"https:\/\/www.emco.mil.cl\/wp-content\/uploads\/2021\/10\/web7-Vot-CENSO.jpg\" width=\"1024\" height=\"488\" alt=\"\" data-full-image=\"https:\/\/www.emco.mil.cl\/wp-content\/uploads\/2021\/10\/web7-Vot-CENSO.jpg\" data-light-image=\"https:\/\/www.emco.mil.cl\/wp-content\/uploads\/2021\/10\/web7-Vot-CENSO.jpg\" data-id=\"7955\" data-link=\"https:\/\/www.emco.mil.cl\/index.php\/votaciones-censo\/web7-vot-censo\/\" class=\"wp-image-7955 skip-lazy\" srcset=\"https:\/\/www.emco.mil.cl\/wp-content\/uploads\/2021\/10\/web7-Vot-CENSO.jpg 1024w, https:\/\/www.emco.mil.cl\/wp-content\/uploads\/2021\/10\/web7-Vot-CENSO-300x143.jpg 300w, https:\/\/www.emco.mil.cl\/wp-content\/uploads\/2021\/10\/web7-Vot-CENSO-768x366.jpg 768w, https:\/\/www.emco.mil.cl\/wp-content\/uploads\/2021\/10\/web7-Vot-CENSO-350x167.jpg 350w\" sizes=\"(max-width: 1024px) 100vw, 1024px\" \/><\/div><\/div><\/figure><\/div><\/div><\/div><\/div><\/div><\/div><\/div>\n","protected":false},"excerpt":{"rendered":"<p>En el \u00e1mbito de los procesos electorales, a trav\u00e9s de la Direcci\u00f3n de Planificaci\u00f3n Conjunta (DIPLANCO) coordina todas las actividades con los Organismos Dependientes del Ministerios de Defensa Nacional, con las Instituciones de las Fuerzas Armadas y organismos gubernamentales involucrados (Servicio Electoral, Ministerio del Interior y Fuerzas de Orden y Seguridad). De lo anterior, se&#8230;<\/p>\n","protected":false},"author":4,"featured_media":0,"parent":0,"menu_order":0,"comment_status":"closed","ping_status":"closed","template":"","meta":{"_kad_post_transparent":"","_kad_post_title":"","_kad_post_layout":"","_kad_post_sidebar_id":"","_kad_post_content_style":"","_kad_post_vertical_padding":"","_kad_post_feature":"","_kad_post_feature_position":"","_kad_post_header":false,"_kad_post_footer":false,"footnotes":""},"class_list":["post-622","page","type-page","status-publish","hentry"],"_links":{"self":[{"href":"https:\/\/www.emco.mil.cl\/index.php\/wp-json\/wp\/v2\/pages\/622","targetHints":{"allow":["GET"]}}],"collection":[{"href":"https:\/\/www.emco.mil.cl\/index.php\/wp-json\/wp\/v2\/pages"}],"about":[{"href":"https:\/\/www.emco.mil.cl\/index.php\/wp-json\/wp\/v2\/types\/page"}],"author":[{"embeddable":true,"href":"https:\/\/www.emco.mil.cl\/index.php\/wp-json\/wp\/v2\/users\/4"}],"replies":[{"embeddable":true,"href":"https:\/\/www.emco.mil.cl\/index.php\/wp-json\/wp\/v2\/comments?post=622"}],"version-history":[{"count":7,"href":"https:\/\/www.emco.mil.cl\/index.php\/wp-json\/wp\/v2\/pages\/622\/revisions"}],"predecessor-version":[{"id":7956,"href":"https:\/\/www.emco.mil.cl\/index.php\/wp-json\/wp\/v2\/pages\/622\/revisions\/7956"}],"wp:attachment":[{"href":"https:\/\/www.emco.mil.cl\/index.php\/wp-json\/wp\/v2\/media?parent=622"}],"curies":[{"name":"wp","href":"https:\/\/api.w.org\/{rel}","templated":true}]}}