{"id":557,"date":"2021-09-01T16:23:17","date_gmt":"2021-09-01T20:23:17","guid":{"rendered":"http:\/\/10.195.30.25\/?page_id=557"},"modified":"2025-02-17T10:35:58","modified_gmt":"2025-02-17T13:35:58","slug":"departamento-de-asuntos-internacionales-y-especiales","status":"publish","type":"page","link":"https:\/\/www.emco.mil.cl\/index.php\/departamento-de-asuntos-internacionales-y-especiales\/","title":{"rendered":"DEPARTAMENTO DE ASUNTOS INTERNACIONALES"},"content":{"rendered":"<style>.kb-row-layout-id557_728019-b0 > .kt-row-column-wrap{align-content:start;}:where(.kb-row-layout-id557_728019-b0 > .kt-row-column-wrap) > .wp-block-kadence-column{justify-content:start;}.kb-row-layout-id557_728019-b0 > .kt-row-column-wrap{column-gap:var(--global-kb-gap-md, 2rem);row-gap:var(--global-kb-gap-md, 2rem);padding-top:var(--global-kb-spacing-sm, 1.5rem);padding-bottom:var(--global-kb-spacing-sm, 1.5rem);grid-template-columns:minmax(0, calc(10% - ((var(--global-kb-gap-md, 2rem) * 2 )\/3)))minmax(0, calc(80% - ((var(--global-kb-gap-md, 2rem) * 2 )\/3)))minmax(0, calc(10% - ((var(--global-kb-gap-md, 2rem) * 2 )\/3)));}.kb-row-layout-id557_728019-b0 > .kt-row-layout-overlay{opacity:0.30;}@media all and (max-width: 1024px){.kb-row-layout-id557_728019-b0 > .kt-row-column-wrap > div:not(.added-for-specificity){grid-column:initial;}}@media all and (max-width: 1024px){.kb-row-layout-id557_728019-b0 > .kt-row-column-wrap{grid-template-columns:minmax(0, 1fr) minmax(0, 2fr) minmax(0, 1fr);}}@media all and (max-width: 767px){.kb-row-layout-id557_728019-b0 > .kt-row-column-wrap > div:not(.added-for-specificity){grid-column:initial;}.kb-row-layout-id557_728019-b0 > .kt-row-column-wrap{grid-template-columns:minmax(0, 1fr);}}<\/style><div class=\"kb-row-layout-wrap kb-row-layout-id557_728019-b0 alignnone wp-block-kadence-rowlayout\"><div class=\"kt-row-column-wrap kt-has-3-columns kt-row-layout-center-half kt-tab-layout-inherit kt-mobile-layout-row kt-row-valign-top\">\n<style>.kadence-column557_b3c8ee-1a > .kt-inside-inner-col,.kadence-column557_b3c8ee-1a > .kt-inside-inner-col:before{border-top-left-radius:0px;border-top-right-radius:0px;border-bottom-right-radius:0px;border-bottom-left-radius:0px;}.kadence-column557_b3c8ee-1a > .kt-inside-inner-col{column-gap:var(--global-kb-gap-sm, 1rem);}.kadence-column557_b3c8ee-1a > .kt-inside-inner-col{flex-direction:column;}.kadence-column557_b3c8ee-1a > .kt-inside-inner-col > .aligncenter{width:100%;}.kadence-column557_b3c8ee-1a > .kt-inside-inner-col:before{opacity:0.3;}.kadence-column557_b3c8ee-1a{position:relative;}@media all and (max-width: 1024px){.kadence-column557_b3c8ee-1a > .kt-inside-inner-col{flex-direction:column;justify-content:center;}}@media all and (max-width: 767px){.kadence-column557_b3c8ee-1a > .kt-inside-inner-col{flex-direction:column;justify-content:center;}}<\/style>\n<div class=\"wp-block-kadence-column kadence-column557_b3c8ee-1a inner-column-1\"><div class=\"kt-inside-inner-col\"><\/div><\/div>\n\n\n<style>.kadence-column557_a62700-35 > .kt-inside-inner-col,.kadence-column557_a62700-35 > .kt-inside-inner-col:before{border-top-left-radius:0px;border-top-right-radius:0px;border-bottom-right-radius:0px;border-bottom-left-radius:0px;}.kadence-column557_a62700-35 > .kt-inside-inner-col{column-gap:var(--global-kb-gap-sm, 1rem);}.kadence-column557_a62700-35 > .kt-inside-inner-col{flex-direction:column;}.kadence-column557_a62700-35 > .kt-inside-inner-col > .aligncenter{width:100%;}.kadence-column557_a62700-35 > .kt-inside-inner-col:before{opacity:0.3;}.kadence-column557_a62700-35{position:relative;}@media all and (max-width: 1024px){.kadence-column557_a62700-35 > .kt-inside-inner-col{flex-direction:column;justify-content:center;}}@media all and (max-width: 767px){.kadence-column557_a62700-35 > .kt-inside-inner-col{flex-direction:column;justify-content:center;}}<\/style>\n<div class=\"wp-block-kadence-column kadence-column557_a62700-35 inner-column-2\"><div class=\"kt-inside-inner-col\">\n<p>Asesorar al JEMCO en la preparaci\u00f3n, planificaci\u00f3n, coordinaci\u00f3n y administraci\u00f3n de las actividades de car\u00e1cter internacional, llevadas a cabo en territorio nacional como en el extranjero, monitoreado la agenda del total de tareas realizadas, en desarrollo y por realizar, que le corresponda al EMCO.<\/p>\n\n\n<style>.kb-gallery-id-557_a31d83-a2 .kadence-blocks-gallery-item .kb-gal-image-radius, .kb-gallery-id-557_a31d83-a2 .kb-slide-item .kb-gal-image-radius img{border-radius:0px 0px 0px 0px;;}.kb-gallery-wrap-id-557_a31d83-a2.wp-block-kadence-advancedgallery{overflow:visible;}.kb-gallery-wrap-id-557_a31d83-a2.wp-block-kadence-advancedgallery .kt-blocks-carousel{overflow:visible;}<\/style><div class=\"kb-gallery-wrap-id-557_a31d83-a2 alignnone wp-block-kadence-advancedgallery\"><div class=\"kb-gallery-ul kb-gallery-non-static kb-gallery-type-slider kb-gallery-id-557_a31d83-a2 kb-gallery-caption-style-bottom-hover kb-gallery-filter-none\" data-image-filter=\"none\" data-lightbox-caption=\"true\"><div class=\"kt-blocks-carousel kt-carousel-container-dotstyle-dark\"><div class=\"kt-blocks-carousel-init kb-blocks-slider kt-carousel-arrowstyle-none kt-carousel-dotstyle-dark kb-slider-group-arrow kb-slider-arrow-position-center\" data-slider-anim-speed=\"250\" data-slider-scroll=\"1\" data-slider-arrows=\"false\" data-slider-fade=\"true\" data-slider-dots=\"true\"data-slider-type=\"slider\"  data-slider-hover-pause=\"false\" data-slider-auto=\"1\" data-slider-speed=\"3770\" data-show-pause-button=\"false\"><li class=\"kb-slide-item kb-gallery-slide-item\"><div class=\"kadence-blocks-gallery-item\"><div class=\"kadence-blocks-gallery-item-inner\"><figure class=\"kb-gallery-figure kadence-blocks-gallery-item-hide-caption\"><div class=\"kb-gal-image-radius\"><div class=\"kb-gallery-image-contain kadence-blocks-gallery-intrinsic kb-gallery-image-ratio-land21 kb-has-image-ratio-land21\" ><img fetchpriority=\"high\" decoding=\"async\" src=\"https:\/\/www.emco.mil.cl\/wp-content\/uploads\/2021\/10\/DAI.jpg\" width=\"1024\" height=\"488\" alt=\"\" data-full-image=\"https:\/\/www.emco.mil.cl\/wp-content\/uploads\/2021\/10\/DAI.jpg\" data-light-image=\"https:\/\/www.emco.mil.cl\/wp-content\/uploads\/2021\/10\/DAI.jpg\" data-id=\"7487\" class=\"wp-image-7487 skip-lazy\" srcset=\"https:\/\/www.emco.mil.cl\/wp-content\/uploads\/2021\/10\/DAI.jpg 1024w, https:\/\/www.emco.mil.cl\/wp-content\/uploads\/2021\/10\/DAI-300x143.jpg 300w, https:\/\/www.emco.mil.cl\/wp-content\/uploads\/2021\/10\/DAI-768x366.jpg 768w, https:\/\/www.emco.mil.cl\/wp-content\/uploads\/2021\/10\/DAI-350x167.jpg 350w\" sizes=\"(max-width: 1024px) 100vw, 1024px\" \/><\/div><\/div><\/figure><\/div><\/div><\/li><\/div><\/div><\/div><\/div><\/div><\/div>\n\n\n<style>.kadence-column557_bb6208-12 > .kt-inside-inner-col,.kadence-column557_bb6208-12 > .kt-inside-inner-col:before{border-top-left-radius:0px;border-top-right-radius:0px;border-bottom-right-radius:0px;border-bottom-left-radius:0px;}.kadence-column557_bb6208-12 > .kt-inside-inner-col{column-gap:var(--global-kb-gap-sm, 1rem);}.kadence-column557_bb6208-12 > .kt-inside-inner-col{flex-direction:column;}.kadence-column557_bb6208-12 > .kt-inside-inner-col > .aligncenter{width:100%;}.kadence-column557_bb6208-12 > .kt-inside-inner-col:before{opacity:0.3;}.kadence-column557_bb6208-12{position:relative;}@media all and (max-width: 1024px){.kadence-column557_bb6208-12 > .kt-inside-inner-col{flex-direction:column;justify-content:center;}}@media all and (max-width: 767px){.kadence-column557_bb6208-12 > .kt-inside-inner-col{flex-direction:column;justify-content:center;}}<\/style>\n<div class=\"wp-block-kadence-column kadence-column557_bb6208-12 inner-column-3\"><div class=\"kt-inside-inner-col\"><\/div><\/div>\n\n<\/div><\/div>","protected":false},"excerpt":{"rendered":"<p>Asesorar al JEMCO en la preparaci\u00f3n, planificaci\u00f3n, coordinaci\u00f3n y administraci\u00f3n de las actividades de car\u00e1cter internacional, llevadas a cabo en territorio nacional como en el extranjero, monitoreado la agenda del total de tareas realizadas, en desarrollo y por realizar, que le corresponda al EMCO.<\/p>\n","protected":false},"author":4,"featured_media":0,"parent":0,"menu_order":0,"comment_status":"closed","ping_status":"closed","template":"","meta":{"_kad_post_transparent":"","_kad_post_title":"","_kad_post_layout":"normal","_kad_post_sidebar_id":"","_kad_post_content_style":"","_kad_post_vertical_padding":"","_kad_post_feature":"","_kad_post_feature_position":"","_kad_post_header":false,"_kad_post_footer":false,"footnotes":""},"class_list":["post-557","page","type-page","status-publish","hentry"],"_links":{"self":[{"href":"https:\/\/www.emco.mil.cl\/index.php\/wp-json\/wp\/v2\/pages\/557","targetHints":{"allow":["GET"]}}],"collection":[{"href":"https:\/\/www.emco.mil.cl\/index.php\/wp-json\/wp\/v2\/pages"}],"about":[{"href":"https:\/\/www.emco.mil.cl\/index.php\/wp-json\/wp\/v2\/types\/page"}],"author":[{"embeddable":true,"href":"https:\/\/www.emco.mil.cl\/index.php\/wp-json\/wp\/v2\/users\/4"}],"replies":[{"embeddable":true,"href":"https:\/\/www.emco.mil.cl\/index.php\/wp-json\/wp\/v2\/comments?post=557"}],"version-history":[{"count":5,"href":"https:\/\/www.emco.mil.cl\/index.php\/wp-json\/wp\/v2\/pages\/557\/revisions"}],"predecessor-version":[{"id":12317,"href":"https:\/\/www.emco.mil.cl\/index.php\/wp-json\/wp\/v2\/pages\/557\/revisions\/12317"}],"wp:attachment":[{"href":"https:\/\/www.emco.mil.cl\/index.php\/wp-json\/wp\/v2\/media?parent=557"}],"curies":[{"name":"wp","href":"https:\/\/api.w.org\/{rel}","templated":true}]}}