{"id":537,"date":"2021-09-01T15:48:06","date_gmt":"2021-09-01T19:48:06","guid":{"rendered":"http:\/\/10.195.30.25\/?page_id=537"},"modified":"2021-10-13T09:36:49","modified_gmt":"2021-10-13T12:36:49","slug":"direccion-operaciones-y-conduccion-conjunta","status":"publish","type":"page","link":"https:\/\/www.emco.mil.cl\/index.php\/direccion-operaciones-y-conduccion-conjunta\/","title":{"rendered":"Direcci\u00f3n Operaciones y Conducci\u00f3n Conjunta"},"content":{"rendered":"<style>#kt-layout-id_aedf5c-dd > .kt-row-column-wrap{align-content:start;}:where(#kt-layout-id_aedf5c-dd > .kt-row-column-wrap) > .wp-block-kadence-column{justify-content:start;}#kt-layout-id_aedf5c-dd > .kt-row-column-wrap{column-gap:var(--global-kb-gap-md, 2rem);row-gap:var(--global-kb-gap-md, 2rem);padding-top:var( --global-kb-row-default-top, 25px );padding-bottom:var( --global-kb-row-default-bottom, 25px );padding-top:var(--global-kb-spacing-sm, 1.5rem);padding-bottom:var(--global-kb-spacing-sm, 1.5rem);grid-template-columns:minmax(0, calc(10% - ((var(--global-kb-gap-md, 2rem) * 2 )\/3)))minmax(0, calc(80% - ((var(--global-kb-gap-md, 2rem) * 2 )\/3)))minmax(0, calc(10% - ((var(--global-kb-gap-md, 2rem) * 2 )\/3)));}#kt-layout-id_aedf5c-dd > .kt-row-layout-overlay{opacity:0.30;}@media all and (max-width: 1024px){#kt-layout-id_aedf5c-dd > .kt-row-column-wrap > div:not(.added-for-specificity){grid-column:initial;}}@media all and (max-width: 1024px){#kt-layout-id_aedf5c-dd > .kt-row-column-wrap{grid-template-columns:minmax(0, 1fr) minmax(0, 2fr) minmax(0, 1fr);}}@media all and (max-width: 767px){#kt-layout-id_aedf5c-dd > .kt-row-column-wrap > div:not(.added-for-specificity){grid-column:initial;}#kt-layout-id_aedf5c-dd > .kt-row-column-wrap{grid-template-columns:minmax(0, 1fr);}}<\/style>\n<div class=\"wp-block-kadence-rowlayout alignnone\"><div id=\"kt-layout-id_aedf5c-dd\" class=\"kt-row-layout-inner kt-layout-id_aedf5c-dd\"><div class=\"kt-row-column-wrap kt-has-3-columns kt-gutter-default kt-v-gutter-default kt-row-valign-top kt-row-layout-center-half kt-tab-layout-inherit kt-m-colapse-left-to-right kt-mobile-layout-row  kt-custom-first-width-10  kt-custom-second-width-80  kt-custom-third-width-10\"><style>.kadence-column_fe49a9-72 > .kt-inside-inner-col{border-top-width:0px;border-right-width:0px;border-bottom-width:0px;border-left-width:0px;}.kadence-column_fe49a9-72 > .kt-inside-inner-col,.kadence-column_fe49a9-72 > .kt-inside-inner-col:before{border-top-left-radius:0px;border-top-right-radius:0px;border-bottom-right-radius:0px;border-bottom-left-radius:0px;}.kadence-column_fe49a9-72 > .kt-inside-inner-col{column-gap:var(--global-kb-gap-sm, 1rem);}.kadence-column_fe49a9-72 > .kt-inside-inner-col{flex-direction:column;}.kadence-column_fe49a9-72 > .kt-inside-inner-col > .aligncenter{width:100%;}.kadence-column_fe49a9-72 > .kt-inside-inner-col:before{opacity:0.3;}.kadence-column_fe49a9-72{position:relative;}@media all and (max-width: 1024px){.kadence-column_fe49a9-72 > .kt-inside-inner-col{flex-direction:column;justify-content:center;}}@media all and (max-width: 767px){.kadence-column_fe49a9-72 > .kt-inside-inner-col{flex-direction:column;justify-content:center;}}<\/style>\n<div class=\"wp-block-kadence-column inner-column-1 kadence-column_fe49a9-72\"><div class=\"kt-inside-inner-col\"><\/div><\/div>\n\n\n<style>.kadence-column_851473-b8 > .kt-inside-inner-col{border-top-width:0px;border-right-width:0px;border-bottom-width:0px;border-left-width:0px;}.kadence-column_851473-b8 > .kt-inside-inner-col,.kadence-column_851473-b8 > .kt-inside-inner-col:before{border-top-left-radius:0px;border-top-right-radius:0px;border-bottom-right-radius:0px;border-bottom-left-radius:0px;}.kadence-column_851473-b8 > .kt-inside-inner-col{column-gap:var(--global-kb-gap-sm, 1rem);}.kadence-column_851473-b8 > .kt-inside-inner-col{flex-direction:column;}.kadence-column_851473-b8 > .kt-inside-inner-col > .aligncenter{width:100%;}.kadence-column_851473-b8 > .kt-inside-inner-col:before{opacity:0.3;}.kadence-column_851473-b8{position:relative;}@media all and (max-width: 1024px){.kadence-column_851473-b8 > .kt-inside-inner-col{flex-direction:column;justify-content:center;}}@media all and (max-width: 767px){.kadence-column_851473-b8 > .kt-inside-inner-col{flex-direction:column;justify-content:center;}}<\/style>\n<div class=\"wp-block-kadence-column inner-column-2 kadence-column_851473-b8\"><div class=\"kt-inside-inner-col\">\n<p>\u00d3rgano consultivo del al Jefe del Estado Mayor Conjunto en la conducci\u00f3n estrat\u00e9gica para enfrentar las situaciones que puedan demandar los estados de excepci\u00f3n constitucional y en particular, los casos de guerra externa o crisis internacional que afecte a la seguridad exterior de la Rep\u00fablica, y aquellas operaciones o acciones que impliquen el empleo de las fuerzas en otras operaciones espec\u00edficas y situaciones de emergencias, cat\u00e1strofes, desastres naturales y ayuda humanitaria, sean de car\u00e1cter nacional o internacional, entre otras funciones de su competencia.<\/p>\n\n\n\n<p>Encargado de tripular y operar el Centro de Operaciones de Defensa (COD), de la Defensa Nacional, a trav\u00e9s del cual el JEMCO ejercer\u00e1 la conducci\u00f3n de las fuerzas asignadas a las operaciones.<\/p>\n\n\n<style>.kb-gallery-id-_49f073-55 .kadence-blocks-gallery-item .kb-gal-image-radius, .kb-gallery-id-_49f073-55 .kb-slide-item .kb-gal-image-radius img{border-radius:0px 0px 0px 0px;;}.kb-gallery-wrap-id-_49f073-55.wp-block-kadence-advancedgallery{overflow:visible;}.kb-gallery-wrap-id-_49f073-55.wp-block-kadence-advancedgallery .kt-blocks-carousel{overflow:visible;}<\/style>\n<div class=\"wp-block-kadence-advancedgallery kb-gallery-wrap-id-_49f073-55\"><div class=\"kb-gallery-ul kb-gallery-type-slider kb-gallery-id-_49f073-55 kb-gallery-caption-style-bottom-hover kb-gallery-filter-none\" data-image-filter=\"none\" data-lightbox-caption=\"true\"><div class=\"kt-blocks-carousel kt-carousel-container-dotstyle-dark\"><div class=\"kt-blocks-carousel-init kb-blocks-slider kt-carousel-arrowstyle-whiteondark kt-carousel-dotstyle-dark\" data-slider-anim-speed=\"250\" data-slider-type=\"slider\" data-slider-scroll=\"1\" data-slider-arrows=\"true\" data-slider-dots=\"true\" data-slider-hover-pause=\"false\" data-slider-auto=\"true\" data-slider-speed=\"3770\"><div class=\"kb-slide-item kb-gallery-slide-item\"><div class=\"kadence-blocks-gallery-item\"><div class=\"kadence-blocks-gallery-item-inner\"><figure class=\"kb-gallery-figure kadence-blocks-gallery-item-hide-caption kb-has-image-ratio-land21\"><div class=\"kb-gal-image-radius\"><div class=\"kb-gallery-image-contain kadence-blocks-gallery-intrinsic kb-gallery-image-ratio-land21\"><img fetchpriority=\"high\" decoding=\"async\" src=\"https:\/\/www.emco.mil.cl\/wp-content\/uploads\/2021\/10\/web-OMP-Americas-2012.jpg\" width=\"1024\" height=\"488\" alt=\"\" data-full-image=\"https:\/\/www.emco.mil.cl\/wp-content\/uploads\/2021\/10\/web-OMP-Americas-2012.jpg\" data-light-image=\"https:\/\/www.emco.mil.cl\/wp-content\/uploads\/2021\/10\/web-OMP-Americas-2012.jpg\" data-id=\"7564\" data-link=\"https:\/\/www.emco.mil.cl\/index.php\/direccion-operaciones-y-conduccion-conjunta\/web-omp-americas-2012\/\" class=\"wp-image-7564 skip-lazy\" srcset=\"https:\/\/www.emco.mil.cl\/wp-content\/uploads\/2021\/10\/web-OMP-Americas-2012.jpg 1024w, https:\/\/www.emco.mil.cl\/wp-content\/uploads\/2021\/10\/web-OMP-Americas-2012-300x143.jpg 300w, https:\/\/www.emco.mil.cl\/wp-content\/uploads\/2021\/10\/web-OMP-Americas-2012-768x366.jpg 768w, https:\/\/www.emco.mil.cl\/wp-content\/uploads\/2021\/10\/web-OMP-Americas-2012-350x167.jpg 350w\" sizes=\"(max-width: 1024px) 100vw, 1024px\" \/><\/div><\/div><\/figure><\/div><\/div><\/div><div class=\"kb-slide-item kb-gallery-slide-item\"><div class=\"kadence-blocks-gallery-item\"><div class=\"kadence-blocks-gallery-item-inner\"><figure class=\"kb-gallery-figure kadence-blocks-gallery-item-hide-caption kb-has-image-ratio-land21\"><div class=\"kb-gal-image-radius\"><div class=\"kb-gallery-image-contain kadence-blocks-gallery-intrinsic kb-gallery-image-ratio-land21\"><img decoding=\"async\" src=\"https:\/\/www.emco.mil.cl\/wp-content\/uploads\/2021\/10\/web-Seminario-Antofagasta-2016.jpg\" width=\"1024\" height=\"488\" alt=\"\" data-full-image=\"https:\/\/www.emco.mil.cl\/wp-content\/uploads\/2021\/10\/web-Seminario-Antofagasta-2016.jpg\" data-light-image=\"https:\/\/www.emco.mil.cl\/wp-content\/uploads\/2021\/10\/web-Seminario-Antofagasta-2016.jpg\" data-id=\"7565\" data-link=\"https:\/\/www.emco.mil.cl\/index.php\/direccion-operaciones-y-conduccion-conjunta\/web-seminario-antofagasta-2016\/\" class=\"wp-image-7565 skip-lazy\" srcset=\"https:\/\/www.emco.mil.cl\/wp-content\/uploads\/2021\/10\/web-Seminario-Antofagasta-2016.jpg 1024w, https:\/\/www.emco.mil.cl\/wp-content\/uploads\/2021\/10\/web-Seminario-Antofagasta-2016-300x143.jpg 300w, https:\/\/www.emco.mil.cl\/wp-content\/uploads\/2021\/10\/web-Seminario-Antofagasta-2016-768x366.jpg 768w, https:\/\/www.emco.mil.cl\/wp-content\/uploads\/2021\/10\/web-Seminario-Antofagasta-2016-350x167.jpg 350w\" sizes=\"(max-width: 1024px) 100vw, 1024px\" \/><\/div><\/div><\/figure><\/div><\/div><\/div><div class=\"kb-slide-item kb-gallery-slide-item\"><div class=\"kadence-blocks-gallery-item\"><div class=\"kadence-blocks-gallery-item-inner\"><figure class=\"kb-gallery-figure kadence-blocks-gallery-item-hide-caption kb-has-image-ratio-land21\"><div class=\"kb-gal-image-radius\"><div class=\"kb-gallery-image-contain kadence-blocks-gallery-intrinsic kb-gallery-image-ratio-land21\"><img decoding=\"async\" src=\"https:\/\/www.emco.mil.cl\/wp-content\/uploads\/2021\/10\/web-CHILFOR31-2019.jpg\" width=\"1024\" height=\"488\" alt=\"\" data-full-image=\"https:\/\/www.emco.mil.cl\/wp-content\/uploads\/2021\/10\/web-CHILFOR31-2019.jpg\" data-light-image=\"https:\/\/www.emco.mil.cl\/wp-content\/uploads\/2021\/10\/web-CHILFOR31-2019.jpg\" data-id=\"7566\" data-link=\"https:\/\/www.emco.mil.cl\/index.php\/direccion-operaciones-y-conduccion-conjunta\/web-chilfor31-2019\/\" class=\"wp-image-7566 skip-lazy\" srcset=\"https:\/\/www.emco.mil.cl\/wp-content\/uploads\/2021\/10\/web-CHILFOR31-2019.jpg 1024w, https:\/\/www.emco.mil.cl\/wp-content\/uploads\/2021\/10\/web-CHILFOR31-2019-300x143.jpg 300w, https:\/\/www.emco.mil.cl\/wp-content\/uploads\/2021\/10\/web-CHILFOR31-2019-768x366.jpg 768w, https:\/\/www.emco.mil.cl\/wp-content\/uploads\/2021\/10\/web-CHILFOR31-2019-350x167.jpg 350w\" sizes=\"(max-width: 1024px) 100vw, 1024px\" \/><\/div><\/div><\/figure><\/div><\/div><\/div><\/div><\/div><\/div><\/div>\n<\/div><\/div>\n\n\n<style>.kadence-column_69a97d-5c > .kt-inside-inner-col{border-top-width:0px;border-right-width:0px;border-bottom-width:0px;border-left-width:0px;}.kadence-column_69a97d-5c > .kt-inside-inner-col,.kadence-column_69a97d-5c > .kt-inside-inner-col:before{border-top-left-radius:0px;border-top-right-radius:0px;border-bottom-right-radius:0px;border-bottom-left-radius:0px;}.kadence-column_69a97d-5c > .kt-inside-inner-col{column-gap:var(--global-kb-gap-sm, 1rem);}.kadence-column_69a97d-5c > .kt-inside-inner-col{flex-direction:column;}.kadence-column_69a97d-5c > .kt-inside-inner-col > .aligncenter{width:100%;}.kadence-column_69a97d-5c > .kt-inside-inner-col:before{opacity:0.3;}.kadence-column_69a97d-5c{position:relative;}@media all and (max-width: 1024px){.kadence-column_69a97d-5c > .kt-inside-inner-col{flex-direction:column;justify-content:center;}}@media all and (max-width: 767px){.kadence-column_69a97d-5c > .kt-inside-inner-col{flex-direction:column;justify-content:center;}}<\/style>\n<div class=\"wp-block-kadence-column inner-column-3 kadence-column_69a97d-5c\"><div class=\"kt-inside-inner-col\"><\/div><\/div>\n<\/div><\/div><\/div>\n\n\n\n<p><\/p>\n","protected":false},"excerpt":{"rendered":"<p>\u00d3rgano consultivo del al Jefe del Estado Mayor Conjunto en la conducci\u00f3n estrat\u00e9gica para enfrentar las situaciones que puedan demandar los estados de excepci\u00f3n constitucional y en particular, los casos de guerra externa o crisis internacional que afecte a la seguridad exterior de la Rep\u00fablica, y aquellas operaciones o acciones que impliquen el empleo de&#8230;<\/p>\n","protected":false},"author":4,"featured_media":0,"parent":0,"menu_order":0,"comment_status":"closed","ping_status":"closed","template":"","meta":{"_kad_post_transparent":"","_kad_post_title":"","_kad_post_layout":"normal","_kad_post_sidebar_id":"","_kad_post_content_style":"","_kad_post_vertical_padding":"","_kad_post_feature":"","_kad_post_feature_position":"","_kad_post_header":false,"_kad_post_footer":false,"footnotes":""},"class_list":["post-537","page","type-page","status-publish","hentry"],"_links":{"self":[{"href":"https:\/\/www.emco.mil.cl\/index.php\/wp-json\/wp\/v2\/pages\/537","targetHints":{"allow":["GET"]}}],"collection":[{"href":"https:\/\/www.emco.mil.cl\/index.php\/wp-json\/wp\/v2\/pages"}],"about":[{"href":"https:\/\/www.emco.mil.cl\/index.php\/wp-json\/wp\/v2\/types\/page"}],"author":[{"embeddable":true,"href":"https:\/\/www.emco.mil.cl\/index.php\/wp-json\/wp\/v2\/users\/4"}],"replies":[{"embeddable":true,"href":"https:\/\/www.emco.mil.cl\/index.php\/wp-json\/wp\/v2\/comments?post=537"}],"version-history":[{"count":4,"href":"https:\/\/www.emco.mil.cl\/index.php\/wp-json\/wp\/v2\/pages\/537\/revisions"}],"predecessor-version":[{"id":7567,"href":"https:\/\/www.emco.mil.cl\/index.php\/wp-json\/wp\/v2\/pages\/537\/revisions\/7567"}],"wp:attachment":[{"href":"https:\/\/www.emco.mil.cl\/index.php\/wp-json\/wp\/v2\/media?parent=537"}],"curies":[{"name":"wp","href":"https:\/\/api.w.org\/{rel}","templated":true}]}}