{"id":535,"date":"2021-09-01T15:47:05","date_gmt":"2021-09-01T19:47:05","guid":{"rendered":"http:\/\/10.195.30.25\/?page_id=535"},"modified":"2021-10-28T09:14:28","modified_gmt":"2021-10-28T12:14:28","slug":"direccion-de-inteligencia-de-defensa","status":"publish","type":"page","link":"https:\/\/www.emco.mil.cl\/index.php\/direccion-de-inteligencia-de-defensa\/","title":{"rendered":"DIRECCI\u00d3N DE INTELIGENCIA DE DEFENSA"},"content":{"rendered":"<style>#kt-layout-id_9e0ec6-7b > .kt-row-column-wrap{align-content:start;}:where(#kt-layout-id_9e0ec6-7b > .kt-row-column-wrap) > .wp-block-kadence-column{justify-content:start;}#kt-layout-id_9e0ec6-7b > .kt-row-column-wrap{column-gap:var(--global-kb-gap-md, 2rem);row-gap:var(--global-kb-gap-md, 2rem);padding-top:var( --global-kb-row-default-top, 25px );padding-bottom:var( --global-kb-row-default-bottom, 25px );padding-top:var(--global-kb-spacing-sm, 1.5rem);padding-bottom:var(--global-kb-spacing-sm, 1.5rem);grid-template-columns:minmax(0, calc(10% - ((var(--global-kb-gap-md, 2rem) * 2 )\/3)))minmax(0, calc(80% - ((var(--global-kb-gap-md, 2rem) * 2 )\/3)))minmax(0, calc(10% - ((var(--global-kb-gap-md, 2rem) * 2 )\/3)));}#kt-layout-id_9e0ec6-7b > .kt-row-layout-overlay{opacity:0.30;}@media all and (max-width: 1024px){#kt-layout-id_9e0ec6-7b > .kt-row-column-wrap > div:not(.added-for-specificity){grid-column:initial;}}@media all and (max-width: 1024px){#kt-layout-id_9e0ec6-7b > .kt-row-column-wrap{grid-template-columns:minmax(0, 1fr) minmax(0, 2fr) minmax(0, 1fr);}}@media all and (max-width: 767px){#kt-layout-id_9e0ec6-7b > .kt-row-column-wrap > div:not(.added-for-specificity){grid-column:initial;}#kt-layout-id_9e0ec6-7b > .kt-row-column-wrap{grid-template-columns:minmax(0, 1fr);}}<\/style>\n<div class=\"wp-block-kadence-rowlayout alignnone\"><div id=\"kt-layout-id_9e0ec6-7b\" class=\"kt-row-layout-inner kt-layout-id_9e0ec6-7b\"><div class=\"kt-row-column-wrap kt-has-3-columns kt-gutter-default kt-v-gutter-default kt-row-valign-top kt-row-layout-center-half kt-tab-layout-inherit kt-m-colapse-left-to-right kt-mobile-layout-row  kt-custom-first-width-10  kt-custom-second-width-80  kt-custom-third-width-10\"><style>.kadence-column_832e3b-1e > .kt-inside-inner-col{border-top-width:0px;border-right-width:0px;border-bottom-width:0px;border-left-width:0px;}.kadence-column_832e3b-1e > .kt-inside-inner-col,.kadence-column_832e3b-1e > .kt-inside-inner-col:before{border-top-left-radius:0px;border-top-right-radius:0px;border-bottom-right-radius:0px;border-bottom-left-radius:0px;}.kadence-column_832e3b-1e > .kt-inside-inner-col{column-gap:var(--global-kb-gap-sm, 1rem);}.kadence-column_832e3b-1e > .kt-inside-inner-col{flex-direction:column;}.kadence-column_832e3b-1e > .kt-inside-inner-col > .aligncenter{width:100%;}.kadence-column_832e3b-1e > .kt-inside-inner-col:before{opacity:0.3;}.kadence-column_832e3b-1e{position:relative;}@media all and (max-width: 1024px){.kadence-column_832e3b-1e > .kt-inside-inner-col{flex-direction:column;justify-content:center;}}@media all and (max-width: 767px){.kadence-column_832e3b-1e > .kt-inside-inner-col{flex-direction:column;justify-content:center;}}<\/style>\n<div class=\"wp-block-kadence-column inner-column-1 kadence-column_832e3b-1e\"><div class=\"kt-inside-inner-col\"><\/div><\/div>\n\n\n<style>.kadence-column_8471a9-d4 > .kt-inside-inner-col{border-top-width:0px;border-right-width:0px;border-bottom-width:0px;border-left-width:0px;}.kadence-column_8471a9-d4 > .kt-inside-inner-col,.kadence-column_8471a9-d4 > .kt-inside-inner-col:before{border-top-left-radius:0px;border-top-right-radius:0px;border-bottom-right-radius:0px;border-bottom-left-radius:0px;}.kadence-column_8471a9-d4 > .kt-inside-inner-col{column-gap:var(--global-kb-gap-sm, 1rem);}.kadence-column_8471a9-d4 > .kt-inside-inner-col{flex-direction:column;}.kadence-column_8471a9-d4 > .kt-inside-inner-col > .aligncenter{width:100%;}.kadence-column_8471a9-d4 > .kt-inside-inner-col:before{opacity:0.3;}.kadence-column_8471a9-d4{position:relative;}@media all and (max-width: 1024px){.kadence-column_8471a9-d4 > .kt-inside-inner-col{flex-direction:column;justify-content:center;}}@media all and (max-width: 767px){.kadence-column_8471a9-d4 > .kt-inside-inner-col{flex-direction:column;justify-content:center;}}<\/style>\n<div class=\"wp-block-kadence-column inner-column-2 kadence-column_8471a9-d4\"><div class=\"kt-inside-inner-col\">\n<p>Asesorar y proveer de inteligencia estrat\u00e9gica al Jefe del Estado Mayor Conjunto, as\u00ed como tambi\u00e9n a la&nbsp; Subsecretar\u00eda de Defensa y a los \u00f3rganos de maniobra operacionales conjuntos para efectos de la planificaci\u00f3n, conducci\u00f3n y preparaci\u00f3n de las fuerzas.<\/p>\n\n\n<style>.kb-gallery-id-_0cb312-dc .kadence-blocks-gallery-item .kb-gal-image-radius, .kb-gallery-id-_0cb312-dc .kb-slide-item .kb-gal-image-radius img{border-radius:0px 0px 0px 0px;;}.kb-gallery-wrap-id-_0cb312-dc.wp-block-kadence-advancedgallery{overflow:visible;}.kb-gallery-wrap-id-_0cb312-dc.wp-block-kadence-advancedgallery .kt-blocks-carousel{overflow:visible;}<\/style>\n<div class=\"wp-block-kadence-advancedgallery kb-gallery-wrap-id-_0cb312-dc\"><div class=\"kb-gallery-ul kb-gallery-type-slider kb-gallery-id-_0cb312-dc kb-gallery-caption-style-bottom-hover kb-gallery-filter-none\" data-image-filter=\"none\" data-lightbox-caption=\"true\"><div class=\"kt-blocks-carousel kt-carousel-container-dotstyle-dark\"><div class=\"kt-blocks-carousel-init kb-blocks-slider kt-carousel-arrowstyle-whiteondark kt-carousel-dotstyle-dark\" data-slider-anim-speed=\"250\" data-slider-type=\"slider\" data-slider-scroll=\"1\" data-slider-arrows=\"true\" data-slider-dots=\"true\" data-slider-hover-pause=\"false\" data-slider-auto=\"true\" data-slider-speed=\"3770\"><div class=\"kb-slide-item kb-gallery-slide-item\"><div class=\"kadence-blocks-gallery-item\"><div class=\"kadence-blocks-gallery-item-inner\"><figure class=\"kb-gallery-figure kadence-blocks-gallery-item-hide-caption kb-has-image-ratio-land21\"><div class=\"kb-gal-image-radius\"><div class=\"kb-gallery-image-contain kadence-blocks-gallery-intrinsic kb-gallery-image-ratio-land21\"><img fetchpriority=\"high\" decoding=\"async\" src=\"https:\/\/www.emco.mil.cl\/wp-content\/uploads\/2021\/10\/inteligencia.jpg\" width=\"1024\" height=\"488\" alt=\"\" data-full-image=\"https:\/\/www.emco.mil.cl\/wp-content\/uploads\/2021\/10\/inteligencia.jpg\" data-light-image=\"https:\/\/www.emco.mil.cl\/wp-content\/uploads\/2021\/10\/inteligencia.jpg\" data-id=\"7552\" data-link=\"https:\/\/www.emco.mil.cl\/index.php\/direccion-de-inteligencia-de-defensa\/inteligencia\/\" class=\"wp-image-7552 skip-lazy\" srcset=\"https:\/\/www.emco.mil.cl\/wp-content\/uploads\/2021\/10\/inteligencia.jpg 1024w, https:\/\/www.emco.mil.cl\/wp-content\/uploads\/2021\/10\/inteligencia-300x143.jpg 300w, https:\/\/www.emco.mil.cl\/wp-content\/uploads\/2021\/10\/inteligencia-768x366.jpg 768w, https:\/\/www.emco.mil.cl\/wp-content\/uploads\/2021\/10\/inteligencia-350x167.jpg 350w\" sizes=\"(max-width: 1024px) 100vw, 1024px\" \/><\/div><\/div><\/figure><\/div><\/div><\/div><\/div><\/div><\/div><\/div>\n<\/div><\/div>\n\n\n<style>.kadence-column_6aab41-79 > .kt-inside-inner-col{border-top-width:0px;border-right-width:0px;border-bottom-width:0px;border-left-width:0px;}.kadence-column_6aab41-79 > .kt-inside-inner-col,.kadence-column_6aab41-79 > .kt-inside-inner-col:before{border-top-left-radius:0px;border-top-right-radius:0px;border-bottom-right-radius:0px;border-bottom-left-radius:0px;}.kadence-column_6aab41-79 > .kt-inside-inner-col{column-gap:var(--global-kb-gap-sm, 1rem);}.kadence-column_6aab41-79 > .kt-inside-inner-col{flex-direction:column;}.kadence-column_6aab41-79 > .kt-inside-inner-col > .aligncenter{width:100%;}.kadence-column_6aab41-79 > .kt-inside-inner-col:before{opacity:0.3;}.kadence-column_6aab41-79{position:relative;}@media all and (max-width: 1024px){.kadence-column_6aab41-79 > .kt-inside-inner-col{flex-direction:column;justify-content:center;}}@media all and (max-width: 767px){.kadence-column_6aab41-79 > .kt-inside-inner-col{flex-direction:column;justify-content:center;}}<\/style>\n<div class=\"wp-block-kadence-column inner-column-3 kadence-column_6aab41-79\"><div class=\"kt-inside-inner-col\"><\/div><\/div>\n<\/div><\/div><\/div>\n","protected":false},"excerpt":{"rendered":"<p>Asesorar y proveer de inteligencia estrat\u00e9gica al Jefe del Estado Mayor Conjunto, as\u00ed como tambi\u00e9n a la&nbsp; Subsecretar\u00eda de Defensa y a los \u00f3rganos de maniobra operacionales conjuntos para efectos de la planificaci\u00f3n, conducci\u00f3n y preparaci\u00f3n de las fuerzas.<\/p>\n","protected":false},"author":4,"featured_media":0,"parent":0,"menu_order":0,"comment_status":"closed","ping_status":"closed","template":"","meta":{"_kad_post_transparent":"","_kad_post_title":"","_kad_post_layout":"normal","_kad_post_sidebar_id":"","_kad_post_content_style":"","_kad_post_vertical_padding":"","_kad_post_feature":"","_kad_post_feature_position":"","_kad_post_header":false,"_kad_post_footer":false,"footnotes":""},"class_list":["post-535","page","type-page","status-publish","hentry"],"_links":{"self":[{"href":"https:\/\/www.emco.mil.cl\/index.php\/wp-json\/wp\/v2\/pages\/535","targetHints":{"allow":["GET"]}}],"collection":[{"href":"https:\/\/www.emco.mil.cl\/index.php\/wp-json\/wp\/v2\/pages"}],"about":[{"href":"https:\/\/www.emco.mil.cl\/index.php\/wp-json\/wp\/v2\/types\/page"}],"author":[{"embeddable":true,"href":"https:\/\/www.emco.mil.cl\/index.php\/wp-json\/wp\/v2\/users\/4"}],"replies":[{"embeddable":true,"href":"https:\/\/www.emco.mil.cl\/index.php\/wp-json\/wp\/v2\/comments?post=535"}],"version-history":[{"count":5,"href":"https:\/\/www.emco.mil.cl\/index.php\/wp-json\/wp\/v2\/pages\/535\/revisions"}],"predecessor-version":[{"id":8071,"href":"https:\/\/www.emco.mil.cl\/index.php\/wp-json\/wp\/v2\/pages\/535\/revisions\/8071"}],"wp:attachment":[{"href":"https:\/\/www.emco.mil.cl\/index.php\/wp-json\/wp\/v2\/media?parent=535"}],"curies":[{"name":"wp","href":"https:\/\/api.w.org\/{rel}","templated":true}]}}