{"id":490,"date":"2021-09-01T12:42:19","date_gmt":"2021-09-01T16:42:19","guid":{"rendered":"http:\/\/10.195.30.25\/?page_id=490"},"modified":"2025-02-26T10:07:39","modified_gmt":"2025-02-26T13:07:39","slug":"resena-historica","status":"publish","type":"page","link":"https:\/\/www.emco.mil.cl\/index.php\/resena-historica\/","title":{"rendered":"RESE\u00d1A HIST\u00d3RICA"},"content":{"rendered":"\t\t<div data-elementor-type=\"wp-page\" data-elementor-id=\"490\" class=\"elementor elementor-490\">\n\t\t\t\t\t\t<section class=\"elementor-section elementor-top-section elementor-element elementor-element-910892e elementor-section-boxed elementor-section-height-default elementor-section-height-default\" data-id=\"910892e\" data-element_type=\"section\">\n\t\t\t\t\t\t<div class=\"elementor-container elementor-column-gap-default\">\n\t\t\t\t\t<div class=\"elementor-column elementor-col-100 elementor-top-column elementor-element elementor-element-43403a4\" data-id=\"43403a4\" data-element_type=\"column\">\n\t\t\t<div class=\"elementor-widget-wrap elementor-element-populated\">\n\t\t\t\t\t\t<div class=\"elementor-element elementor-element-a721e0e elementor-widget elementor-widget-toggle\" data-id=\"a721e0e\" data-element_type=\"widget\" data-widget_type=\"toggle.default\">\n\t\t\t\t<div class=\"elementor-widget-container\">\n\t\t\t\t\t\t\t<div class=\"elementor-toggle\">\n\t\t\t\t\t\t\t<div class=\"elementor-toggle-item\">\n\t\t\t\t\t<div id=\"elementor-tab-title-1751\" class=\"elementor-tab-title\" data-tab=\"1\" role=\"button\" aria-controls=\"elementor-tab-content-1751\" aria-expanded=\"false\">\n\t\t\t\t\t\t\t\t\t\t\t\t<span class=\"elementor-toggle-icon elementor-toggle-icon-left\" aria-hidden=\"true\">\n\t\t\t\t\t\t\t\t\t\t\t\t\t\t\t<span class=\"elementor-toggle-icon-closed\"><i class=\"fas fa-caret-right\"><\/i><\/span>\n\t\t\t\t\t\t\t\t<span class=\"elementor-toggle-icon-opened\"><i class=\"elementor-toggle-icon-opened fas fa-caret-up\"><\/i><\/span>\n\t\t\t\t\t\t\t\t\t\t\t\t\t<\/span>\n\t\t\t\t\t\t\t\t\t\t\t\t<a class=\"elementor-toggle-title\" tabindex=\"0\">2010 - actualidad<\/a>\n\t\t\t\t\t<\/div>\n\n\t\t\t\t\t<div id=\"elementor-tab-content-1751\" class=\"elementor-tab-content elementor-clearfix\" data-tab=\"1\" role=\"region\" aria-labelledby=\"elementor-tab-title-1751\"><p>Con fecha 4 de febrero del 2010, entra en vigencia la Ley N\u00ba20.424 \u201cEstatuto Org\u00e1nico del Ministerio de Defensa Nacional\u201d que determina que el Presidente de la Rep\u00fablica tiene autoridad en todo cuanto tenga por objeto la seguridad externa de la Rep\u00fablica. Para el cumplimiento de tales fines, el Ministerio de Defensa Nacional es el \u00f3rgano superior de colaboraci\u00f3n del Presidente en funciones de gobierno y administraci\u00f3n de la Defensa Nacional; ya sea para conducirla, disponer las fuerzas de aire, mar y tierra, organizarlas y distribuirlas de conformidad a las necesidades de la seguridad nacional, en casos de crisis internacional que afecte la seguridad exterior del pa\u00eds o en caso de guerra externa.<\/p>\n<p>Con la promulgaci\u00f3n de la Ley N\u00b020.424 se crea el Estado Mayor Conjunto como organismo continuador del Estado Mayor Conjunto de la Defensa Nacional.\u00a0 Seg\u00fan esta norma, su tarea fundamental es el ser el organismo de trabajo y asesor\u00eda permanente del Ministro de Defensa Nacional en materias que tengan relaci\u00f3n con la preparaci\u00f3n y empleo conjunto de las Fuerzas Armadas.<\/p>\n<p><img fetchpriority=\"high\" decoding=\"async\" class=\"aligncenter wp-image-7301 size-large\" src=\"https:\/\/www.emco.mil.cl\/wp-content\/uploads\/2021\/10\/Frontis-Ministerio-2016-1024x683.jpg\" alt=\"\" width=\"1024\" height=\"683\" srcset=\"https:\/\/www.emco.mil.cl\/wp-content\/uploads\/2021\/10\/Frontis-Ministerio-2016-1024x683.jpg 1024w, https:\/\/www.emco.mil.cl\/wp-content\/uploads\/2021\/10\/Frontis-Ministerio-2016-300x200.jpg 300w, https:\/\/www.emco.mil.cl\/wp-content\/uploads\/2021\/10\/Frontis-Ministerio-2016-768x512.jpg 768w, https:\/\/www.emco.mil.cl\/wp-content\/uploads\/2021\/10\/Frontis-Ministerio-2016-1536x1024.jpg 1536w, https:\/\/www.emco.mil.cl\/wp-content\/uploads\/2021\/10\/Frontis-Ministerio-2016-2048x1366.jpg 2048w, https:\/\/www.emco.mil.cl\/wp-content\/uploads\/2021\/10\/Frontis-Ministerio-2016-350x233.jpg 350w\" sizes=\"(max-width: 1024px) 100vw, 1024px\" \/><\/p><\/div>\n\t\t\t\t<\/div>\n\t\t\t\t\t\t\t<div class=\"elementor-toggle-item\">\n\t\t\t\t\t<div id=\"elementor-tab-title-1752\" class=\"elementor-tab-title\" data-tab=\"2\" role=\"button\" aria-controls=\"elementor-tab-content-1752\" aria-expanded=\"false\">\n\t\t\t\t\t\t\t\t\t\t\t\t<span class=\"elementor-toggle-icon elementor-toggle-icon-left\" aria-hidden=\"true\">\n\t\t\t\t\t\t\t\t\t\t\t\t\t\t\t<span class=\"elementor-toggle-icon-closed\"><i class=\"fas fa-caret-right\"><\/i><\/span>\n\t\t\t\t\t\t\t\t<span class=\"elementor-toggle-icon-opened\"><i class=\"elementor-toggle-icon-opened fas fa-caret-up\"><\/i><\/span>\n\t\t\t\t\t\t\t\t\t\t\t\t\t<\/span>\n\t\t\t\t\t\t\t\t\t\t\t\t<a class=\"elementor-toggle-title\" tabindex=\"0\">1970 - 2010<\/a>\n\t\t\t\t\t<\/div>\n\n\t\t\t\t\t<div id=\"elementor-tab-content-1752\" class=\"elementor-tab-content elementor-clearfix\" data-tab=\"2\" role=\"region\" aria-labelledby=\"elementor-tab-title-1752\"><p>En el per\u00edodo 1970 -1971 concluy\u00f3, despu\u00e9s de un largo per\u00edodo de apreciaciones y reuniones, la totalidad de la Planificaci\u00f3n Secundaria con el trabajo coordinado del EMDN, Estados Mayores de cada Instituci\u00f3n, la Junta de Comandantes en Jefe y el Ministro de Defensa Nacional.<\/p>\n<p>En el a\u00f1o 1978 la situaci\u00f3n vecinal de Chile en el campo pol\u00edtico-estrat\u00e9gico era preocupante.<\/p>\n<p>Las relaciones diplom\u00e1ticas con Bolivia se hab\u00edan roto; se estaba en v\u00edsperas del Centenario de la Guerra del Pac\u00edfico y se viv\u00eda con Argentina un per\u00edodo de tensi\u00f3n derivado del fallo de S.M. Brit\u00e1nica por las diferencias lim\u00edtrofes en la zona del canal Beagle.\u00a0 Durante dicho per\u00edodo, el EMDN particip\u00f3 en el sistema permanente de consultas con el Jefe del Estado Mayor Conjunto argentino e integr\u00f3 las comisiones de distensi\u00f3n, y un comit\u00e9 que se organiz\u00f3 al m\u00e1s alto nivel nacional para estudio y an\u00e1lisis de la crisis. A nivel de las FF.AA. se actualizaron todos los planes del nivel primario y secundario; se perfeccion\u00f3 el Centro de Operaciones de las FF.AA. y se coordinaron otras series de materias que permitieron que el pa\u00eds y las FF.AA. alcanzaran una preparaci\u00f3n que permitir\u00eda apoyar la diplomacia y, ante una eventual guerra, enfrentarla conforme a las tradiciones castrenses y del pueblo chileno.<\/p>\n<p>En julio de 1980 se dispuso una nueva organizaci\u00f3n general que ampli\u00f3 las atribuciones del Estado Mayor de la Defensa para abarcar materias de nivel nacional propias de las Fuerzas Armadas, a trav\u00e9s de la Direcci\u00f3n de Planificaci\u00f3n Primaria, como tambi\u00e9n en el \u00e1rea de Inteligencia de Defensa Nacional.\u00a0 Dentro de las materias que correspond\u00eda al EMDN, en su labor de coordinaci\u00f3n, se estableci\u00f3 que deb\u00eda regular un per\u00edodo conjunto que efectuaran las Academias de Guerra de las Instituciones de las FF.AA., lo que se materializ\u00f3 en 1979. A partir de entonces, el EMDN emitir\u00eda anualmente la Directiva Ministerial para la ejecuci\u00f3n de todos los ejercicios conjuntos que se realizan durante el a\u00f1o en diversas zonas del territorio nacional como, asimismo, con los ejercicios combinados.<\/p>\n<p><img decoding=\"async\" class=\"wp-image-7302 size-full aligncenter\" src=\"https:\/\/www.emco.mil.cl\/wp-content\/uploads\/2021\/10\/Frontis-Ministerio-1929.png\" alt=\"\" width=\"1000\" height=\"610\" srcset=\"https:\/\/www.emco.mil.cl\/wp-content\/uploads\/2021\/10\/Frontis-Ministerio-1929.png 1000w, https:\/\/www.emco.mil.cl\/wp-content\/uploads\/2021\/10\/Frontis-Ministerio-1929-300x183.png 300w, https:\/\/www.emco.mil.cl\/wp-content\/uploads\/2021\/10\/Frontis-Ministerio-1929-768x468.png 768w, https:\/\/www.emco.mil.cl\/wp-content\/uploads\/2021\/10\/Frontis-Ministerio-1929-350x214.png 350w\" sizes=\"(max-width: 1000px) 100vw, 1000px\" \/><\/p><\/div>\n\t\t\t\t<\/div>\n\t\t\t\t\t\t\t<div class=\"elementor-toggle-item\">\n\t\t\t\t\t<div id=\"elementor-tab-title-1753\" class=\"elementor-tab-title\" data-tab=\"3\" role=\"button\" aria-controls=\"elementor-tab-content-1753\" aria-expanded=\"false\">\n\t\t\t\t\t\t\t\t\t\t\t\t<span class=\"elementor-toggle-icon elementor-toggle-icon-left\" aria-hidden=\"true\">\n\t\t\t\t\t\t\t\t\t\t\t\t\t\t\t<span class=\"elementor-toggle-icon-closed\"><i class=\"fas fa-caret-right\"><\/i><\/span>\n\t\t\t\t\t\t\t\t<span class=\"elementor-toggle-icon-opened\"><i class=\"elementor-toggle-icon-opened fas fa-caret-up\"><\/i><\/span>\n\t\t\t\t\t\t\t\t\t\t\t\t\t<\/span>\n\t\t\t\t\t\t\t\t\t\t\t\t<a class=\"elementor-toggle-title\" tabindex=\"0\">1960 - 1970<\/a>\n\t\t\t\t\t<\/div>\n\n\t\t\t\t\t<div id=\"elementor-tab-content-1753\" class=\"elementor-tab-content elementor-clearfix\" data-tab=\"3\" role=\"region\" aria-labelledby=\"elementor-tab-title-1753\"><p>Estudios y an\u00e1lisis llevaron a establecer que las atribuciones y alcances de las tareas y misiones del Estado Mayor de las Fuerzas Armadas no abarcaban todos los aspectos relacionados con la Defensa Nacional, afectando con ello el procedimiento de planificaci\u00f3n y trabajos referentes a la Seguridad Nacional.\u00a0\u00a0 Por lo anterior, se hace necesario crear un cuerpo colegiado que fuese asesor del Ministro de Defensa Nacional en temas que tuviesen relaci\u00f3n con las instituciones armadas, asunto que se concret\u00f3 mediante el Decreto con fuerza de Ley N\u00ba 181 del 23 de marzo de 1960 que dispuso la creaci\u00f3n del Consejo Superior de Seguridad Nacional, entidad encargada de asesorar al Presidente de la Rep\u00fablica en todo lo concerniente a la Seguridad de la Naci\u00f3n y mantenimiento de su integridad territorial.<\/p>\n<p>El 13 de abril de 1960 se public\u00f3 el Decreto N\u00ba 373 que remplaza la denominaci\u00f3n de \u201cEstado Mayor de las Fuerzas Armadas\u201d por el de \u201cEstado Mayor de la Defensa Nacional\u201d, EMDN. El aspecto fundamental que motiv\u00f3 el cambio, fue la ampliaci\u00f3n del campo de acci\u00f3n del Estado Mayor de la Defensa Nacional hacia la Seguridad Nacional, abri\u00e9ndose un sector en el cual no se hab\u00eda incursionado.\u00a0 Como requisito adicional, el Jefe del EMDN deb\u00eda ser la segunda antig\u00fcedad de su Instituci\u00f3n y, en lo posible, ser m\u00e1s antiguo que los Jefes de Estado Mayor de \u00e9stas; en tanto, conservar\u00eda su derecho a voz y voto en el denominado Consejo Superior de Seguridad Nacional, CONSUSENA.<\/p>\n<p><img decoding=\"async\" class=\"wp-image-7300 size-full aligncenter\" src=\"https:\/\/www.emco.mil.cl\/wp-content\/uploads\/2021\/10\/Frontis-Ministerio-1945.jpg\" alt=\"\" width=\"633\" height=\"628\" srcset=\"https:\/\/www.emco.mil.cl\/wp-content\/uploads\/2021\/10\/Frontis-Ministerio-1945.jpg 633w, https:\/\/www.emco.mil.cl\/wp-content\/uploads\/2021\/10\/Frontis-Ministerio-1945-300x298.jpg 300w, https:\/\/www.emco.mil.cl\/wp-content\/uploads\/2021\/10\/Frontis-Ministerio-1945-150x150.jpg 150w, https:\/\/www.emco.mil.cl\/wp-content\/uploads\/2021\/10\/Frontis-Ministerio-1945-272x270.jpg 272w\" sizes=\"(max-width: 633px) 100vw, 633px\" \/><\/p><\/div>\n\t\t\t\t<\/div>\n\t\t\t\t\t\t\t\t<\/div>\n\t\t\t\t\t\t<\/div>\n\t\t\t\t<\/div>\n\t\t\t\t\t<\/div>\n\t\t<\/div>\n\t\t\t\t\t<\/div>\n\t\t<\/section>\n\t\t\t\t<\/div>\n\t\t","protected":false},"excerpt":{"rendered":"<p>2010 &#8211; actualidad Con fecha 4 de febrero del 2010, entra en vigencia la Ley N\u00ba20.424 \u201cEstatuto Org\u00e1nico del Ministerio de Defensa Nacional\u201d que determina que el Presidente de la Rep\u00fablica tiene autoridad en todo cuanto tenga por objeto la seguridad externa de la Rep\u00fablica. Para el cumplimiento de tales fines, el Ministerio de Defensa&#8230;<\/p>\n","protected":false},"author":4,"featured_media":0,"parent":0,"menu_order":0,"comment_status":"closed","ping_status":"closed","template":"","meta":{"_kad_post_transparent":"","_kad_post_title":"","_kad_post_layout":"normal","_kad_post_sidebar_id":"","_kad_post_content_style":"","_kad_post_vertical_padding":"","_kad_post_feature":"","_kad_post_feature_position":"","_kad_post_header":false,"_kad_post_footer":false,"footnotes":""},"class_list":["post-490","page","type-page","status-publish","hentry"],"_links":{"self":[{"href":"https:\/\/www.emco.mil.cl\/index.php\/wp-json\/wp\/v2\/pages\/490","targetHints":{"allow":["GET"]}}],"collection":[{"href":"https:\/\/www.emco.mil.cl\/index.php\/wp-json\/wp\/v2\/pages"}],"about":[{"href":"https:\/\/www.emco.mil.cl\/index.php\/wp-json\/wp\/v2\/types\/page"}],"author":[{"embeddable":true,"href":"https:\/\/www.emco.mil.cl\/index.php\/wp-json\/wp\/v2\/users\/4"}],"replies":[{"embeddable":true,"href":"https:\/\/www.emco.mil.cl\/index.php\/wp-json\/wp\/v2\/comments?post=490"}],"version-history":[{"count":21,"href":"https:\/\/www.emco.mil.cl\/index.php\/wp-json\/wp\/v2\/pages\/490\/revisions"}],"predecessor-version":[{"id":12358,"href":"https:\/\/www.emco.mil.cl\/index.php\/wp-json\/wp\/v2\/pages\/490\/revisions\/12358"}],"wp:attachment":[{"href":"https:\/\/www.emco.mil.cl\/index.php\/wp-json\/wp\/v2\/media?parent=490"}],"curies":[{"name":"wp","href":"https:\/\/api.w.org\/{rel}","templated":true}]}}