{"id":481,"date":"2021-09-01T12:22:25","date_gmt":"2021-09-01T16:22:25","guid":{"rendered":"http:\/\/10.195.30.25\/?page_id=481"},"modified":"2025-11-27T09:34:51","modified_gmt":"2025-11-27T12:34:51","slug":"ex-subjemcos","status":"publish","type":"page","link":"https:\/\/www.emco.mil.cl\/index.php\/ex-subjemcos\/","title":{"rendered":"Ex SUBJEMCO"},"content":{"rendered":"\t\t<div data-elementor-type=\"wp-page\" data-elementor-id=\"481\" class=\"elementor elementor-481\">\n\t\t\t\t\t\t<section class=\"elementor-section elementor-top-section elementor-element elementor-element-ee94552 elementor-section-boxed elementor-section-height-default elementor-section-height-default\" data-id=\"ee94552\" data-element_type=\"section\">\n\t\t\t\t\t\t<div class=\"elementor-container elementor-column-gap-default\">\n\t\t\t\t\t<div class=\"elementor-column elementor-col-25 elementor-top-column elementor-element elementor-element-3e07eba\" data-id=\"3e07eba\" data-element_type=\"column\">\n\t\t\t<div class=\"elementor-widget-wrap elementor-element-populated\">\n\t\t\t\t\t\t<div class=\"elementor-element elementor-element-f3265ed elementor-widget elementor-widget-image\" data-id=\"f3265ed\" data-element_type=\"widget\" data-widget_type=\"image.default\">\n\t\t\t\t<div class=\"elementor-widget-container\">\n\t\t\t\t\t\t\t\t\t\t\t\t\t\t\t<img fetchpriority=\"high\" decoding=\"async\" width=\"502\" height=\"600\" src=\"https:\/\/www.emco.mil.cl\/wp-content\/uploads\/2021\/10\/1-GBA-Espinoza.jpg\" class=\"attachment-large size-large wp-image-7372\" alt=\"\" srcset=\"https:\/\/www.emco.mil.cl\/wp-content\/uploads\/2021\/10\/1-GBA-Espinoza.jpg 502w, https:\/\/www.emco.mil.cl\/wp-content\/uploads\/2021\/10\/1-GBA-Espinoza-251x300.jpg 251w, https:\/\/www.emco.mil.cl\/wp-content\/uploads\/2021\/10\/1-GBA-Espinoza-226x270.jpg 226w\" sizes=\"(max-width: 502px) 100vw, 502px\" \/>\t\t\t\t\t\t\t\t\t\t\t\t\t\t\t<\/div>\n\t\t\t\t<\/div>\n\t\t\t\t<div class=\"elementor-element elementor-element-64b86ff elementor-widget elementor-widget-text-editor\" data-id=\"64b86ff\" data-element_type=\"widget\" data-widget_type=\"text-editor.default\">\n\t\t\t\t<div class=\"elementor-widget-container\">\n\t\t\t\t\t\t\t\t\t<p style=\"text-align: center;\"><strong>General de Brigada A\u00e9rea<\/strong><br \/><span style=\"color: #4b0b3e;\"><strong>LEONARDO ESPINOZA DIDIER<\/strong><\/span><br \/>FEB 2010 \u2013 DIC 2010<\/p>\t\t\t\t\t\t\t\t<\/div>\n\t\t\t\t<\/div>\n\t\t\t\t<div class=\"elementor-element elementor-element-42d521f elementor-widget-divider--view-line elementor-widget elementor-widget-divider\" data-id=\"42d521f\" data-element_type=\"widget\" data-widget_type=\"divider.default\">\n\t\t\t\t<div class=\"elementor-widget-container\">\n\t\t\t\t\t\t\t<div class=\"elementor-divider\">\n\t\t\t<span class=\"elementor-divider-separator\">\n\t\t\t\t\t\t<\/span>\n\t\t<\/div>\n\t\t\t\t\t\t<\/div>\n\t\t\t\t<\/div>\n\t\t\t\t<div class=\"elementor-element elementor-element-27e5f01 elementor-widget elementor-widget-image\" data-id=\"27e5f01\" data-element_type=\"widget\" data-widget_type=\"image.default\">\n\t\t\t\t<div class=\"elementor-widget-container\">\n\t\t\t\t\t\t\t\t\t\t\t\t\t\t\t<img decoding=\"async\" width=\"502\" height=\"600\" src=\"https:\/\/www.emco.mil.cl\/wp-content\/uploads\/2021\/10\/5-VA-Alvarez.jpg\" class=\"attachment-large size-large wp-image-7376\" alt=\"\" srcset=\"https:\/\/www.emco.mil.cl\/wp-content\/uploads\/2021\/10\/5-VA-Alvarez.jpg 502w, https:\/\/www.emco.mil.cl\/wp-content\/uploads\/2021\/10\/5-VA-Alvarez-251x300.jpg 251w, https:\/\/www.emco.mil.cl\/wp-content\/uploads\/2021\/10\/5-VA-Alvarez-226x270.jpg 226w\" sizes=\"(max-width: 502px) 100vw, 502px\" \/>\t\t\t\t\t\t\t\t\t\t\t\t\t\t\t<\/div>\n\t\t\t\t<\/div>\n\t\t\t\t<div class=\"elementor-element elementor-element-d274297 elementor-widget elementor-widget-text-editor\" data-id=\"d274297\" data-element_type=\"widget\" data-widget_type=\"text-editor.default\">\n\t\t\t\t<div class=\"elementor-widget-container\">\n\t\t\t\t\t\t\t\t\t<p style=\"text-align: center;\"><strong>Vicealmirante<\/strong><br \/><span style=\"color: #4b0b3e;\"><strong>RODRIGO \u00c1LVAREZ AGUIRRE<\/strong><\/span><br \/>DIC 2015 \u2013 OCT 2018<\/p>\t\t\t\t\t\t\t\t<\/div>\n\t\t\t\t<\/div>\n\t\t\t\t<div class=\"elementor-element elementor-element-8a2d51a elementor-widget-divider--view-line elementor-widget elementor-widget-divider\" data-id=\"8a2d51a\" data-element_type=\"widget\" data-widget_type=\"divider.default\">\n\t\t\t\t<div class=\"elementor-widget-container\">\n\t\t\t\t\t\t\t<div class=\"elementor-divider\">\n\t\t\t<span class=\"elementor-divider-separator\">\n\t\t\t\t\t\t<\/span>\n\t\t<\/div>\n\t\t\t\t\t\t<\/div>\n\t\t\t\t<\/div>\n\t\t\t\t<div class=\"elementor-element elementor-element-b34dae1 elementor-widget elementor-widget-image\" data-id=\"b34dae1\" data-element_type=\"widget\" data-widget_type=\"image.default\">\n\t\t\t\t<div class=\"elementor-widget-container\">\n\t\t\t\t\t\t\t\t\t\t\t\t\t\t\t<img decoding=\"async\" width=\"857\" height=\"1024\" src=\"https:\/\/www.emco.mil.cl\/wp-content\/uploads\/2023\/11\/2023-SUBJEMCO-857x1024.jpg\" class=\"attachment-large size-large wp-image-10684\" alt=\"\" srcset=\"https:\/\/www.emco.mil.cl\/wp-content\/uploads\/2023\/11\/2023-SUBJEMCO-857x1024.jpg 857w, https:\/\/www.emco.mil.cl\/wp-content\/uploads\/2023\/11\/2023-SUBJEMCO-251x300.jpg 251w, https:\/\/www.emco.mil.cl\/wp-content\/uploads\/2023\/11\/2023-SUBJEMCO-768x918.jpg 768w, https:\/\/www.emco.mil.cl\/wp-content\/uploads\/2023\/11\/2023-SUBJEMCO.jpg 1000w\" sizes=\"(max-width: 857px) 100vw, 857px\" \/>\t\t\t\t\t\t\t\t\t\t\t\t\t\t\t<\/div>\n\t\t\t\t<\/div>\n\t\t\t\t<div class=\"elementor-element elementor-element-a57ec4c elementor-widget elementor-widget-text-editor\" data-id=\"a57ec4c\" data-element_type=\"widget\" data-widget_type=\"text-editor.default\">\n\t\t\t\t<div class=\"elementor-widget-container\">\n\t\t\t\t\t\t\t\t\t<p style=\"text-align: center;\"><strong>Vicealmirante<\/strong><br \/><span style=\"color: #4b0b3e;\"><strong>ALBERTO AHRENS ANGULO<\/strong><\/span><br \/>NOV 2022 \u2013 NOV 2023<\/p>\t\t\t\t\t\t\t\t<\/div>\n\t\t\t\t<\/div>\n\t\t\t\t\t<\/div>\n\t\t<\/div>\n\t\t\t\t<div class=\"elementor-column elementor-col-25 elementor-top-column elementor-element elementor-element-e90cf5d\" data-id=\"e90cf5d\" data-element_type=\"column\">\n\t\t\t<div class=\"elementor-widget-wrap elementor-element-populated\">\n\t\t\t\t\t\t<div class=\"elementor-element elementor-element-6337f76 elementor-widget elementor-widget-image\" data-id=\"6337f76\" data-element_type=\"widget\" data-widget_type=\"image.default\">\n\t\t\t\t<div class=\"elementor-widget-container\">\n\t\t\t\t\t\t\t\t\t\t\t\t\t\t\t<img loading=\"lazy\" decoding=\"async\" width=\"502\" height=\"600\" src=\"https:\/\/www.emco.mil.cl\/wp-content\/uploads\/2021\/10\/2-GAV-Mac-Namara.jpg\" class=\"attachment-large size-large wp-image-7373\" alt=\"\" srcset=\"https:\/\/www.emco.mil.cl\/wp-content\/uploads\/2021\/10\/2-GAV-Mac-Namara.jpg 502w, https:\/\/www.emco.mil.cl\/wp-content\/uploads\/2021\/10\/2-GAV-Mac-Namara-251x300.jpg 251w, https:\/\/www.emco.mil.cl\/wp-content\/uploads\/2021\/10\/2-GAV-Mac-Namara-226x270.jpg 226w\" sizes=\"(max-width: 502px) 100vw, 502px\" \/>\t\t\t\t\t\t\t\t\t\t\t\t\t\t\t<\/div>\n\t\t\t\t<\/div>\n\t\t\t\t<div class=\"elementor-element elementor-element-5d0c55a elementor-widget elementor-widget-text-editor\" data-id=\"5d0c55a\" data-element_type=\"widget\" data-widget_type=\"text-editor.default\">\n\t\t\t\t<div class=\"elementor-widget-container\">\n\t\t\t\t\t\t\t\t\t<p style=\"text-align: center;\"><strong>General de Aviaci\u00f3n<\/strong><br \/><span style=\"color: #4b0b3e;\"><strong>C\u00c9SAR MAC-NAMARA MANR\u00cdQUEZ<\/strong><\/span><br \/>DIC 2010 &#8211; DIC 2012<\/p>\t\t\t\t\t\t\t\t<\/div>\n\t\t\t\t<\/div>\n\t\t\t\t<div class=\"elementor-element elementor-element-71df424 elementor-widget-divider--view-line elementor-widget elementor-widget-divider\" data-id=\"71df424\" data-element_type=\"widget\" data-widget_type=\"divider.default\">\n\t\t\t\t<div class=\"elementor-widget-container\">\n\t\t\t\t\t\t\t<div class=\"elementor-divider\">\n\t\t\t<span class=\"elementor-divider-separator\">\n\t\t\t\t\t\t<\/span>\n\t\t<\/div>\n\t\t\t\t\t\t<\/div>\n\t\t\t\t<\/div>\n\t\t\t\t<div class=\"elementor-element elementor-element-5a4c78b elementor-widget elementor-widget-image\" data-id=\"5a4c78b\" data-element_type=\"widget\" data-widget_type=\"image.default\">\n\t\t\t\t<div class=\"elementor-widget-container\">\n\t\t\t\t\t\t\t\t\t\t\t\t\t\t\t<img loading=\"lazy\" decoding=\"async\" width=\"502\" height=\"600\" src=\"https:\/\/www.emco.mil.cl\/wp-content\/uploads\/2021\/10\/6-GAV-Widmer.jpg\" class=\"attachment-large size-large wp-image-7377\" alt=\"\" srcset=\"https:\/\/www.emco.mil.cl\/wp-content\/uploads\/2021\/10\/6-GAV-Widmer.jpg 502w, https:\/\/www.emco.mil.cl\/wp-content\/uploads\/2021\/10\/6-GAV-Widmer-251x300.jpg 251w, https:\/\/www.emco.mil.cl\/wp-content\/uploads\/2021\/10\/6-GAV-Widmer-226x270.jpg 226w\" sizes=\"(max-width: 502px) 100vw, 502px\" \/>\t\t\t\t\t\t\t\t\t\t\t\t\t\t\t<\/div>\n\t\t\t\t<\/div>\n\t\t\t\t<div class=\"elementor-element elementor-element-5553780 elementor-widget elementor-widget-text-editor\" data-id=\"5553780\" data-element_type=\"widget\" data-widget_type=\"text-editor.default\">\n\t\t\t\t<div class=\"elementor-widget-container\">\n\t\t\t\t\t\t\t\t\t<p style=\"text-align: center;\"><strong>General de Aviaci\u00f3n<\/strong><br \/><span style=\"color: #4b0b3e;\"><strong>ALBERT WIDMER THOMAS<\/strong><\/span><br \/>DIC 2018 \u2013 DIC 2020<\/p>\t\t\t\t\t\t\t\t<\/div>\n\t\t\t\t<\/div>\n\t\t\t\t<div class=\"elementor-element elementor-element-0ed4a71 elementor-widget-divider--view-line elementor-widget elementor-widget-divider\" data-id=\"0ed4a71\" data-element_type=\"widget\" data-widget_type=\"divider.default\">\n\t\t\t\t<div class=\"elementor-widget-container\">\n\t\t\t\t\t\t\t<div class=\"elementor-divider\">\n\t\t\t<span class=\"elementor-divider-separator\">\n\t\t\t\t\t\t<\/span>\n\t\t<\/div>\n\t\t\t\t\t\t<\/div>\n\t\t\t\t<\/div>\n\t\t\t\t<div class=\"elementor-element elementor-element-87b37c9 elementor-widget elementor-widget-image\" data-id=\"87b37c9\" data-element_type=\"widget\" data-widget_type=\"image.default\">\n\t\t\t\t<div class=\"elementor-widget-container\">\n\t\t\t\t\t\t\t\t\t\t\t\t\t\t\t<img loading=\"lazy\" decoding=\"async\" width=\"857\" height=\"1024\" src=\"https:\/\/www.emco.mil.cl\/wp-content\/uploads\/2024\/02\/SUBJEMCO.jpg\" class=\"attachment-large size-large wp-image-10981\" alt=\"\" srcset=\"https:\/\/www.emco.mil.cl\/wp-content\/uploads\/2024\/02\/SUBJEMCO.jpg 857w, https:\/\/www.emco.mil.cl\/wp-content\/uploads\/2024\/02\/SUBJEMCO-251x300.jpg 251w, https:\/\/www.emco.mil.cl\/wp-content\/uploads\/2024\/02\/SUBJEMCO-768x918.jpg 768w\" sizes=\"(max-width: 857px) 100vw, 857px\" \/>\t\t\t\t\t\t\t\t\t\t\t\t\t\t\t<\/div>\n\t\t\t\t<\/div>\n\t\t\t\t<div class=\"elementor-element elementor-element-a8dd7f9 elementor-widget elementor-widget-text-editor\" data-id=\"a8dd7f9\" data-element_type=\"widget\" data-widget_type=\"text-editor.default\">\n\t\t\t\t<div class=\"elementor-widget-container\">\n\t\t\t\t\t\t\t\t\t<p style=\"text-align: center;\"><strong>General de Divisi\u00f3n<\/strong><br \/><span style=\"color: #4b0b3e;\"><strong>LIONEL CURTI SANTIB\u00c1\u00d1EZ<\/strong><\/span><br \/>ENE 2024 \u2013 NOV 2025<\/p>\t\t\t\t\t\t\t\t<\/div>\n\t\t\t\t<\/div>\n\t\t\t\t\t<\/div>\n\t\t<\/div>\n\t\t\t\t<div class=\"elementor-column elementor-col-25 elementor-top-column elementor-element elementor-element-bf189c8\" data-id=\"bf189c8\" data-element_type=\"column\">\n\t\t\t<div class=\"elementor-widget-wrap elementor-element-populated\">\n\t\t\t\t\t\t<div class=\"elementor-element elementor-element-1106ec2 elementor-widget elementor-widget-image\" data-id=\"1106ec2\" data-element_type=\"widget\" data-widget_type=\"image.default\">\n\t\t\t\t<div class=\"elementor-widget-container\">\n\t\t\t\t\t\t\t\t\t\t\t\t\t\t\t<img loading=\"lazy\" decoding=\"async\" width=\"502\" height=\"600\" src=\"https:\/\/www.emco.mil.cl\/wp-content\/uploads\/2021\/10\/3-VA-Cruz.jpg\" class=\"attachment-large size-large wp-image-7374\" alt=\"\" srcset=\"https:\/\/www.emco.mil.cl\/wp-content\/uploads\/2021\/10\/3-VA-Cruz.jpg 502w, https:\/\/www.emco.mil.cl\/wp-content\/uploads\/2021\/10\/3-VA-Cruz-251x300.jpg 251w, https:\/\/www.emco.mil.cl\/wp-content\/uploads\/2021\/10\/3-VA-Cruz-226x270.jpg 226w\" sizes=\"(max-width: 502px) 100vw, 502px\" \/>\t\t\t\t\t\t\t\t\t\t\t\t\t\t\t<\/div>\n\t\t\t\t<\/div>\n\t\t\t\t<div class=\"elementor-element elementor-element-845d7fd elementor-widget elementor-widget-text-editor\" data-id=\"845d7fd\" data-element_type=\"widget\" data-widget_type=\"text-editor.default\">\n\t\t\t\t<div class=\"elementor-widget-container\">\n\t\t\t\t\t\t\t\t\t<p style=\"text-align: center;\"><strong>Vicealmirante<\/strong><br \/><span style=\"color: #4b0b3e;\"><strong>JORGE CRUZ JARAMILLO<\/strong><\/span><br \/>DIC 2012 &#8211; DIC 2013<\/p>\t\t\t\t\t\t\t\t<\/div>\n\t\t\t\t<\/div>\n\t\t\t\t<div class=\"elementor-element elementor-element-7556575 elementor-widget-divider--view-line elementor-widget elementor-widget-divider\" data-id=\"7556575\" data-element_type=\"widget\" data-widget_type=\"divider.default\">\n\t\t\t\t<div class=\"elementor-widget-container\">\n\t\t\t\t\t\t\t<div class=\"elementor-divider\">\n\t\t\t<span class=\"elementor-divider-separator\">\n\t\t\t\t\t\t<\/span>\n\t\t<\/div>\n\t\t\t\t\t\t<\/div>\n\t\t\t\t<\/div>\n\t\t\t\t<div class=\"elementor-element elementor-element-61574e9 elementor-widget elementor-widget-image\" data-id=\"61574e9\" data-element_type=\"widget\" data-widget_type=\"image.default\">\n\t\t\t\t<div class=\"elementor-widget-container\">\n\t\t\t\t\t\t\t\t\t\t\t\t\t\t\t<img loading=\"lazy\" decoding=\"async\" width=\"429\" height=\"512\" src=\"https:\/\/www.emco.mil.cl\/wp-content\/uploads\/2023\/11\/9-GAV-Desgroux.jpg\" class=\"attachment-large size-large wp-image-10680\" alt=\"\" srcset=\"https:\/\/www.emco.mil.cl\/wp-content\/uploads\/2023\/11\/9-GAV-Desgroux.jpg 429w, https:\/\/www.emco.mil.cl\/wp-content\/uploads\/2023\/11\/9-GAV-Desgroux-251x300.jpg 251w\" sizes=\"(max-width: 429px) 100vw, 429px\" \/>\t\t\t\t\t\t\t\t\t\t\t\t\t\t\t<\/div>\n\t\t\t\t<\/div>\n\t\t\t\t<div class=\"elementor-element elementor-element-7bb4673 elementor-widget elementor-widget-text-editor\" data-id=\"7bb4673\" data-element_type=\"widget\" data-widget_type=\"text-editor.default\">\n\t\t\t\t<div class=\"elementor-widget-container\">\n\t\t\t\t\t\t\t\t\t<p style=\"text-align: center;\"><strong>General de Aviaci\u00f3n<\/strong><br \/><span style=\"color: #4b0b3e;\"><strong>JEAN PIERRE DESGROUX YCAZA<\/strong><\/span><br \/>DIC 2020 \u2013 DIC 2021<\/p>\t\t\t\t\t\t\t\t<\/div>\n\t\t\t\t<\/div>\n\t\t\t\t<div class=\"elementor-element elementor-element-bbd809c elementor-widget-divider--view-line elementor-widget elementor-widget-divider\" data-id=\"bbd809c\" data-element_type=\"widget\" data-widget_type=\"divider.default\">\n\t\t\t\t<div class=\"elementor-widget-container\">\n\t\t\t\t\t\t\t<div class=\"elementor-divider\">\n\t\t\t<span class=\"elementor-divider-separator\">\n\t\t\t\t\t\t<\/span>\n\t\t<\/div>\n\t\t\t\t\t\t<\/div>\n\t\t\t\t<\/div>\n\t\t\t\t\t<\/div>\n\t\t<\/div>\n\t\t\t\t<div class=\"elementor-column elementor-col-25 elementor-top-column elementor-element elementor-element-213739f\" data-id=\"213739f\" data-element_type=\"column\">\n\t\t\t<div class=\"elementor-widget-wrap elementor-element-populated\">\n\t\t\t\t\t\t<div class=\"elementor-element elementor-element-82cf551 elementor-widget elementor-widget-image\" data-id=\"82cf551\" data-element_type=\"widget\" data-widget_type=\"image.default\">\n\t\t\t\t<div class=\"elementor-widget-container\">\n\t\t\t\t\t\t\t\t\t\t\t\t\t\t\t<img loading=\"lazy\" decoding=\"async\" width=\"502\" height=\"600\" src=\"https:\/\/www.emco.mil.cl\/wp-content\/uploads\/2021\/10\/4-GDD-Martinez.jpg\" class=\"attachment-large size-large wp-image-7375\" alt=\"\" srcset=\"https:\/\/www.emco.mil.cl\/wp-content\/uploads\/2021\/10\/4-GDD-Martinez.jpg 502w, https:\/\/www.emco.mil.cl\/wp-content\/uploads\/2021\/10\/4-GDD-Martinez-251x300.jpg 251w, https:\/\/www.emco.mil.cl\/wp-content\/uploads\/2021\/10\/4-GDD-Martinez-226x270.jpg 226w\" sizes=\"(max-width: 502px) 100vw, 502px\" \/>\t\t\t\t\t\t\t\t\t\t\t\t\t\t\t<\/div>\n\t\t\t\t<\/div>\n\t\t\t\t<div class=\"elementor-element elementor-element-da38d78 elementor-widget elementor-widget-text-editor\" data-id=\"da38d78\" data-element_type=\"widget\" data-widget_type=\"text-editor.default\">\n\t\t\t\t<div class=\"elementor-widget-container\">\n\t\t\t\t\t\t\t\t\t<p style=\"text-align: center;\"><strong>General de Divisi\u00f3n<\/strong><br \/><span style=\"color: #4b0b3e;\"><b>RICARDO MART\u00cdNEZ MENANTEAU<\/b><\/span><br \/>DIC 2013 &#8211; DIC 2015<\/p>\t\t\t\t\t\t\t\t<\/div>\n\t\t\t\t<\/div>\n\t\t\t\t<div class=\"elementor-element elementor-element-83779ea elementor-widget-divider--view-line elementor-widget elementor-widget-divider\" data-id=\"83779ea\" data-element_type=\"widget\" data-widget_type=\"divider.default\">\n\t\t\t\t<div class=\"elementor-widget-container\">\n\t\t\t\t\t\t\t<div class=\"elementor-divider\">\n\t\t\t<span class=\"elementor-divider-separator\">\n\t\t\t\t\t\t<\/span>\n\t\t<\/div>\n\t\t\t\t\t\t<\/div>\n\t\t\t\t<\/div>\n\t\t\t\t<div class=\"elementor-element elementor-element-966e45e elementor-widget elementor-widget-image\" data-id=\"966e45e\" data-element_type=\"widget\" data-widget_type=\"image.default\">\n\t\t\t\t<div class=\"elementor-widget-container\">\n\t\t\t\t\t\t\t\t\t\t\t\t\t\t\t<img loading=\"lazy\" decoding=\"async\" width=\"857\" height=\"1024\" src=\"https:\/\/www.emco.mil.cl\/wp-content\/uploads\/2021\/12\/Subjemco_2022-1-857x1024.jpg\" class=\"attachment-large size-large wp-image-8553\" alt=\"\" srcset=\"https:\/\/www.emco.mil.cl\/wp-content\/uploads\/2021\/12\/Subjemco_2022-1-857x1024.jpg 857w, https:\/\/www.emco.mil.cl\/wp-content\/uploads\/2021\/12\/Subjemco_2022-1-251x300.jpg 251w, https:\/\/www.emco.mil.cl\/wp-content\/uploads\/2021\/12\/Subjemco_2022-1-768x918.jpg 768w, https:\/\/www.emco.mil.cl\/wp-content\/uploads\/2021\/12\/Subjemco_2022-1-226x270.jpg 226w, https:\/\/www.emco.mil.cl\/wp-content\/uploads\/2021\/12\/Subjemco_2022-1.jpg 1000w\" sizes=\"(max-width: 857px) 100vw, 857px\" \/>\t\t\t\t\t\t\t\t\t\t\t\t\t\t\t<\/div>\n\t\t\t\t<\/div>\n\t\t\t\t<div class=\"elementor-element elementor-element-4243727 elementor-widget elementor-widget-text-editor\" data-id=\"4243727\" data-element_type=\"widget\" data-widget_type=\"text-editor.default\">\n\t\t\t\t<div class=\"elementor-widget-container\">\n\t\t\t\t\t\t\t\t\t<p style=\"text-align: center;\"><strong>General de Aviaci\u00f3n<\/strong><br \/><span style=\"color: #4b0b3e;\"><strong>JOS\u00c9 IGNACIO NOGUEIRA LE\u00d3N<\/strong><\/span><br \/>DIC 2021 \u2013 NOV 2022<\/p>\t\t\t\t\t\t\t\t<\/div>\n\t\t\t\t<\/div>\n\t\t\t\t<div class=\"elementor-element elementor-element-42b50b3 elementor-widget-divider--view-line elementor-widget elementor-widget-divider\" data-id=\"42b50b3\" data-element_type=\"widget\" data-widget_type=\"divider.default\">\n\t\t\t\t<div class=\"elementor-widget-container\">\n\t\t\t\t\t\t\t<div class=\"elementor-divider\">\n\t\t\t<span class=\"elementor-divider-separator\">\n\t\t\t\t\t\t<\/span>\n\t\t<\/div>\n\t\t\t\t\t\t<\/div>\n\t\t\t\t<\/div>\n\t\t\t\t\t<\/div>\n\t\t<\/div>\n\t\t\t\t\t<\/div>\n\t\t<\/section>\n\t\t\t\t<section class=\"elementor-section elementor-top-section elementor-element elementor-element-42c2f5d elementor-section-boxed elementor-section-height-default elementor-section-height-default\" data-id=\"42c2f5d\" data-element_type=\"section\">\n\t\t\t\t\t\t<div class=\"elementor-container elementor-column-gap-default\">\n\t\t\t\t\t<div class=\"elementor-column elementor-col-100 elementor-top-column elementor-element elementor-element-72c103b\" data-id=\"72c103b\" data-element_type=\"column\">\n\t\t\t<div class=\"elementor-widget-wrap\">\n\t\t\t\t\t\t\t<\/div>\n\t\t<\/div>\n\t\t\t\t\t<\/div>\n\t\t<\/section>\n\t\t\t\t<\/div>\n\t\t","protected":false},"excerpt":{"rendered":"<p>General de Brigada A\u00e9reaLEONARDO ESPINOZA DIDIERFEB 2010 \u2013 DIC 2010 VicealmiranteRODRIGO \u00c1LVAREZ AGUIRREDIC 2015 \u2013 OCT 2018 VicealmiranteALBERTO AHRENS ANGULONOV 2022 \u2013 NOV 2023 General de Aviaci\u00f3nC\u00c9SAR MAC-NAMARA MANR\u00cdQUEZDIC 2010 &#8211; DIC 2012 General de Aviaci\u00f3nALBERT WIDMER THOMASDIC 2018 \u2013 DIC 2020 General de Divisi\u00f3nLIONEL CURTI SANTIB\u00c1\u00d1EZENE 2024 \u2013 NOV 2025 VicealmiranteJORGE CRUZ JARAMILLODIC 2012&#8230;<\/p>\n","protected":false},"author":4,"featured_media":0,"parent":0,"menu_order":0,"comment_status":"closed","ping_status":"closed","template":"","meta":{"_kad_post_transparent":"","_kad_post_title":"","_kad_post_layout":"normal","_kad_post_sidebar_id":"","_kad_post_content_style":"","_kad_post_vertical_padding":"","_kad_post_feature":"","_kad_post_feature_position":"","_kad_post_header":false,"_kad_post_footer":false,"footnotes":""},"class_list":["post-481","page","type-page","status-publish","hentry"],"_links":{"self":[{"href":"https:\/\/www.emco.mil.cl\/index.php\/wp-json\/wp\/v2\/pages\/481","targetHints":{"allow":["GET"]}}],"collection":[{"href":"https:\/\/www.emco.mil.cl\/index.php\/wp-json\/wp\/v2\/pages"}],"about":[{"href":"https:\/\/www.emco.mil.cl\/index.php\/wp-json\/wp\/v2\/types\/page"}],"author":[{"embeddable":true,"href":"https:\/\/www.emco.mil.cl\/index.php\/wp-json\/wp\/v2\/users\/4"}],"replies":[{"embeddable":true,"href":"https:\/\/www.emco.mil.cl\/index.php\/wp-json\/wp\/v2\/comments?post=481"}],"version-history":[{"count":19,"href":"https:\/\/www.emco.mil.cl\/index.php\/wp-json\/wp\/v2\/pages\/481\/revisions"}],"predecessor-version":[{"id":14500,"href":"https:\/\/www.emco.mil.cl\/index.php\/wp-json\/wp\/v2\/pages\/481\/revisions\/14500"}],"wp:attachment":[{"href":"https:\/\/www.emco.mil.cl\/index.php\/wp-json\/wp\/v2\/media?parent=481"}],"curies":[{"name":"wp","href":"https:\/\/api.w.org\/{rel}","templated":true}]}}