{"id":473,"date":"2021-09-01T12:18:49","date_gmt":"2021-09-01T16:18:49","guid":{"rendered":"http:\/\/10.195.30.25\/?page_id=473"},"modified":"2025-06-17T17:03:57","modified_gmt":"2025-06-17T21:03:57","slug":"ex-jemcos","status":"publish","type":"page","link":"https:\/\/www.emco.mil.cl\/index.php\/ex-jemcos\/","title":{"rendered":"Ex JEMCO"},"content":{"rendered":"\t\t<div data-elementor-type=\"wp-page\" data-elementor-id=\"473\" class=\"elementor elementor-473\">\n\t\t\t\t\t\t<section class=\"elementor-section elementor-top-section elementor-element elementor-element-5142cf5 elementor-section-boxed elementor-section-height-default elementor-section-height-default\" data-id=\"5142cf5\" data-element_type=\"section\">\n\t\t\t\t\t\t<div class=\"elementor-container elementor-column-gap-default\">\n\t\t\t\t\t<div class=\"elementor-column elementor-col-25 elementor-top-column elementor-element elementor-element-cf8396b\" data-id=\"cf8396b\" data-element_type=\"column\">\n\t\t\t<div class=\"elementor-widget-wrap elementor-element-populated\">\n\t\t\t\t\t\t<div class=\"elementor-element elementor-element-e47d449 elementor-widget elementor-widget-image\" data-id=\"e47d449\" data-element_type=\"widget\" data-widget_type=\"image.default\">\n\t\t\t\t<div class=\"elementor-widget-container\">\n\t\t\t\t\t\t\t\t\t\t\t\t\t\t\t<img fetchpriority=\"high\" decoding=\"async\" width=\"857\" height=\"1024\" src=\"https:\/\/www.emco.mil.cl\/wp-content\/uploads\/2021\/09\/1-GDD-Le-Dantec_sitio-857x1024.jpg\" class=\"attachment-large size-large wp-image-7237\" alt=\"\" srcset=\"https:\/\/www.emco.mil.cl\/wp-content\/uploads\/2021\/09\/1-GDD-Le-Dantec_sitio-857x1024.jpg 857w, https:\/\/www.emco.mil.cl\/wp-content\/uploads\/2021\/09\/1-GDD-Le-Dantec_sitio-251x300.jpg 251w, https:\/\/www.emco.mil.cl\/wp-content\/uploads\/2021\/09\/1-GDD-Le-Dantec_sitio-768x918.jpg 768w, https:\/\/www.emco.mil.cl\/wp-content\/uploads\/2021\/09\/1-GDD-Le-Dantec_sitio-226x270.jpg 226w, https:\/\/www.emco.mil.cl\/wp-content\/uploads\/2021\/09\/1-GDD-Le-Dantec_sitio.jpg 1000w\" sizes=\"(max-width: 857px) 100vw, 857px\" \/>\t\t\t\t\t\t\t\t\t\t\t\t\t\t\t<\/div>\n\t\t\t\t<\/div>\n\t\t\t\t<div class=\"elementor-element elementor-element-705ec86 elementor-widget elementor-widget-text-editor\" data-id=\"705ec86\" data-element_type=\"widget\" data-widget_type=\"text-editor.default\">\n\t\t\t\t<div class=\"elementor-widget-container\">\n\t\t\t\t\t\t\t\t\t<p style=\"text-align: center;\"><strong>General de Divisi\u00f3n<\/strong><br \/><span style=\"color: #4b0b3e;\"><strong>CRISTI\u00c1N LE DANTEC GALLARDO<\/strong><\/span><br \/>FEB 2010 \u2013 ENE 2011<\/p>\t\t\t\t\t\t\t\t<\/div>\n\t\t\t\t<\/div>\n\t\t\t\t<div class=\"elementor-element elementor-element-d9183aa elementor-widget-divider--view-line elementor-widget elementor-widget-divider\" data-id=\"d9183aa\" data-element_type=\"widget\" data-widget_type=\"divider.default\">\n\t\t\t\t<div class=\"elementor-widget-container\">\n\t\t\t\t\t\t\t<div class=\"elementor-divider\">\n\t\t\t<span class=\"elementor-divider-separator\">\n\t\t\t\t\t\t<\/span>\n\t\t<\/div>\n\t\t\t\t\t\t<\/div>\n\t\t\t\t<\/div>\n\t\t\t\t<div class=\"elementor-element elementor-element-7a5a50b elementor-widget elementor-widget-image\" data-id=\"7a5a50b\" data-element_type=\"widget\" data-widget_type=\"image.default\">\n\t\t\t\t<div class=\"elementor-widget-container\">\n\t\t\t\t\t\t\t\t\t\t\t\t\t\t\t<img decoding=\"async\" width=\"857\" height=\"1024\" src=\"https:\/\/www.emco.mil.cl\/wp-content\/uploads\/2021\/09\/5-VA-Alvarez_sitio-857x1024.jpg\" class=\"attachment-large size-large wp-image-7242\" alt=\"\" srcset=\"https:\/\/www.emco.mil.cl\/wp-content\/uploads\/2021\/09\/5-VA-Alvarez_sitio-857x1024.jpg 857w, https:\/\/www.emco.mil.cl\/wp-content\/uploads\/2021\/09\/5-VA-Alvarez_sitio-251x300.jpg 251w, https:\/\/www.emco.mil.cl\/wp-content\/uploads\/2021\/09\/5-VA-Alvarez_sitio-768x918.jpg 768w, https:\/\/www.emco.mil.cl\/wp-content\/uploads\/2021\/09\/5-VA-Alvarez_sitio-226x270.jpg 226w, https:\/\/www.emco.mil.cl\/wp-content\/uploads\/2021\/09\/5-VA-Alvarez_sitio.jpg 1000w\" sizes=\"(max-width: 857px) 100vw, 857px\" \/>\t\t\t\t\t\t\t\t\t\t\t\t\t\t\t<\/div>\n\t\t\t\t<\/div>\n\t\t\t\t<div class=\"elementor-element elementor-element-882841f elementor-widget elementor-widget-text-editor\" data-id=\"882841f\" data-element_type=\"widget\" data-widget_type=\"text-editor.default\">\n\t\t\t\t<div class=\"elementor-widget-container\">\n\t\t\t\t\t\t\t\t\t<p style=\"text-align: center;\"><strong>Vicealmirante<br \/><span style=\"color: #4b0b3e;\">RODRIGO \u00c1LVAREZ AGUIRRE<\/span><br \/><\/strong>NOV 2018 \u2013 DIC 2020<\/p>\t\t\t\t\t\t\t\t<\/div>\n\t\t\t\t<\/div>\n\t\t\t\t<div class=\"elementor-element elementor-element-ab4af08 elementor-widget-divider--view-line elementor-widget elementor-widget-divider\" data-id=\"ab4af08\" data-element_type=\"widget\" data-widget_type=\"divider.default\">\n\t\t\t\t<div class=\"elementor-widget-container\">\n\t\t\t\t\t\t\t<div class=\"elementor-divider\">\n\t\t\t<span class=\"elementor-divider-separator\">\n\t\t\t\t\t\t<\/span>\n\t\t<\/div>\n\t\t\t\t\t\t<\/div>\n\t\t\t\t<\/div>\n\t\t\t\t<div class=\"elementor-element elementor-element-c99625b elementor-widget elementor-widget-image\" data-id=\"c99625b\" data-element_type=\"widget\" data-widget_type=\"image.default\">\n\t\t\t\t<div class=\"elementor-widget-container\">\n\t\t\t\t\t\t\t\t\t\t\t\t\t\t\t<img decoding=\"async\" width=\"429\" height=\"512\" src=\"https:\/\/www.emco.mil.cl\/wp-content\/uploads\/2023\/11\/9-GAV-Desgroux.jpg\" class=\"attachment-large size-large wp-image-10680\" alt=\"\" srcset=\"https:\/\/www.emco.mil.cl\/wp-content\/uploads\/2023\/11\/9-GAV-Desgroux.jpg 429w, https:\/\/www.emco.mil.cl\/wp-content\/uploads\/2023\/11\/9-GAV-Desgroux-251x300.jpg 251w\" sizes=\"(max-width: 429px) 100vw, 429px\" \/>\t\t\t\t\t\t\t\t\t\t\t\t\t\t\t<\/div>\n\t\t\t\t<\/div>\n\t\t\t\t<div class=\"elementor-element elementor-element-b537ceb elementor-widget elementor-widget-text-editor\" data-id=\"b537ceb\" data-element_type=\"widget\" data-widget_type=\"text-editor.default\">\n\t\t\t\t<div class=\"elementor-widget-container\">\n\t\t\t\t\t\t\t\t\t<p style=\"text-align: center;\"><strong>General de Aviaci\u00f3n<br \/><span style=\"color: #4b0b3e;\">JEAN PIERRE DESGROUX ICAZA<\/span><br \/><\/strong>DIC 2022 \u2013 NOV 2023<\/p>\t\t\t\t\t\t\t\t<\/div>\n\t\t\t\t<\/div>\n\t\t\t\t\t<\/div>\n\t\t<\/div>\n\t\t\t\t<div class=\"elementor-column elementor-col-25 elementor-top-column elementor-element elementor-element-79ec4aa\" data-id=\"79ec4aa\" data-element_type=\"column\">\n\t\t\t<div class=\"elementor-widget-wrap elementor-element-populated\">\n\t\t\t\t\t\t<div class=\"elementor-element elementor-element-a037eff elementor-widget elementor-widget-image\" data-id=\"a037eff\" data-element_type=\"widget\" data-widget_type=\"image.default\">\n\t\t\t\t<div class=\"elementor-widget-container\">\n\t\t\t\t\t\t\t\t\t\t\t\t\t\t\t<img loading=\"lazy\" decoding=\"async\" width=\"857\" height=\"1024\" src=\"https:\/\/www.emco.mil.cl\/wp-content\/uploads\/2021\/09\/2-GDD-Mardones_sitio-857x1024.jpg\" class=\"attachment-large size-large wp-image-7238\" alt=\"\" srcset=\"https:\/\/www.emco.mil.cl\/wp-content\/uploads\/2021\/09\/2-GDD-Mardones_sitio-857x1024.jpg 857w, https:\/\/www.emco.mil.cl\/wp-content\/uploads\/2021\/09\/2-GDD-Mardones_sitio-251x300.jpg 251w, https:\/\/www.emco.mil.cl\/wp-content\/uploads\/2021\/09\/2-GDD-Mardones_sitio-768x918.jpg 768w, https:\/\/www.emco.mil.cl\/wp-content\/uploads\/2021\/09\/2-GDD-Mardones_sitio-226x270.jpg 226w, https:\/\/www.emco.mil.cl\/wp-content\/uploads\/2021\/09\/2-GDD-Mardones_sitio.jpg 1000w\" sizes=\"(max-width: 857px) 100vw, 857px\" \/>\t\t\t\t\t\t\t\t\t\t\t\t\t\t\t<\/div>\n\t\t\t\t<\/div>\n\t\t\t\t<div class=\"elementor-element elementor-element-eb288af elementor-widget elementor-widget-text-editor\" data-id=\"eb288af\" data-element_type=\"widget\" data-widget_type=\"text-editor.default\">\n\t\t\t\t<div class=\"elementor-widget-container\">\n\t\t\t\t\t\t\t\t\t<p style=\"text-align: center;\"><strong><span style=\"color: #333333;\">General de Divisi\u00f3n<\/span><\/strong><br \/><span style=\"color: #4b0b3e;\"><b>HERN\u00c1N MARDONES R\u00cdOS <\/b><\/span><br \/>ENE 2011 \u2013 DIC 2013<\/p>\t\t\t\t\t\t\t\t<\/div>\n\t\t\t\t<\/div>\n\t\t\t\t<div class=\"elementor-element elementor-element-3220a60 elementor-widget-divider--view-line elementor-widget elementor-widget-divider\" data-id=\"3220a60\" data-element_type=\"widget\" data-widget_type=\"divider.default\">\n\t\t\t\t<div class=\"elementor-widget-container\">\n\t\t\t\t\t\t\t<div class=\"elementor-divider\">\n\t\t\t<span class=\"elementor-divider-separator\">\n\t\t\t\t\t\t<\/span>\n\t\t<\/div>\n\t\t\t\t\t\t<\/div>\n\t\t\t\t<\/div>\n\t\t\t\t<div class=\"elementor-element elementor-element-439fdc7 elementor-widget elementor-widget-image\" data-id=\"439fdc7\" data-element_type=\"widget\" data-widget_type=\"image.default\">\n\t\t\t\t<div class=\"elementor-widget-container\">\n\t\t\t\t\t\t\t\t\t\t\t\t\t\t\t<img loading=\"lazy\" decoding=\"async\" width=\"429\" height=\"512\" src=\"https:\/\/www.emco.mil.cl\/wp-content\/uploads\/2022\/05\/6-GDD-Iturriaga.jpg\" class=\"attachment-large size-large wp-image-8847\" alt=\"\" srcset=\"https:\/\/www.emco.mil.cl\/wp-content\/uploads\/2022\/05\/6-GDD-Iturriaga.jpg 429w, https:\/\/www.emco.mil.cl\/wp-content\/uploads\/2022\/05\/6-GDD-Iturriaga-251x300.jpg 251w, https:\/\/www.emco.mil.cl\/wp-content\/uploads\/2022\/05\/6-GDD-Iturriaga-226x270.jpg 226w\" sizes=\"(max-width: 429px) 100vw, 429px\" \/>\t\t\t\t\t\t\t\t\t\t\t\t\t\t\t<\/div>\n\t\t\t\t<\/div>\n\t\t\t\t<div class=\"elementor-element elementor-element-4020fb6 elementor-widget elementor-widget-text-editor\" data-id=\"4020fb6\" data-element_type=\"widget\" data-widget_type=\"text-editor.default\">\n\t\t\t\t<div class=\"elementor-widget-container\">\n\t\t\t\t\t\t\t\t\t<p style=\"text-align: center;\"><strong>General de Divisi\u00f3n<br \/><span style=\"color: #4b0b3e;\">JAVIER ITURRIAGA DEL CAMPO<\/span><br \/><\/strong>DIC 2020 \u2013 MAR 2022<\/p>\t\t\t\t\t\t\t\t<\/div>\n\t\t\t\t<\/div>\n\t\t\t\t<div class=\"elementor-element elementor-element-2b9be4c elementor-widget-divider--view-line elementor-widget elementor-widget-divider\" data-id=\"2b9be4c\" data-element_type=\"widget\" data-widget_type=\"divider.default\">\n\t\t\t\t<div class=\"elementor-widget-container\">\n\t\t\t\t\t\t\t<div class=\"elementor-divider\">\n\t\t\t<span class=\"elementor-divider-separator\">\n\t\t\t\t\t\t<\/span>\n\t\t<\/div>\n\t\t\t\t\t\t<\/div>\n\t\t\t\t<\/div>\n\t\t\t\t<div class=\"elementor-element elementor-element-6347ec9 elementor-widget elementor-widget-image\" data-id=\"6347ec9\" data-element_type=\"widget\" data-widget_type=\"image.default\">\n\t\t\t\t<div class=\"elementor-widget-container\">\n\t\t\t\t\t\t\t\t\t\t\t\t\t\t\t<img loading=\"lazy\" decoding=\"async\" width=\"857\" height=\"1024\" src=\"https:\/\/www.emco.mil.cl\/wp-content\/uploads\/2025\/06\/9-VA-Niemann-857x1024.jpg\" class=\"attachment-large size-large wp-image-12967\" alt=\"\" srcset=\"https:\/\/www.emco.mil.cl\/wp-content\/uploads\/2025\/06\/9-VA-Niemann-857x1024.jpg 857w, https:\/\/www.emco.mil.cl\/wp-content\/uploads\/2025\/06\/9-VA-Niemann-251x300.jpg 251w, https:\/\/www.emco.mil.cl\/wp-content\/uploads\/2025\/06\/9-VA-Niemann-768x918.jpg 768w, https:\/\/www.emco.mil.cl\/wp-content\/uploads\/2025\/06\/9-VA-Niemann.jpg 1000w\" sizes=\"(max-width: 857px) 100vw, 857px\" \/>\t\t\t\t\t\t\t\t\t\t\t\t\t\t\t<\/div>\n\t\t\t\t<\/div>\n\t\t\t\t<div class=\"elementor-element elementor-element-cc6cc3f elementor-widget elementor-widget-text-editor\" data-id=\"cc6cc3f\" data-element_type=\"widget\" data-widget_type=\"text-editor.default\">\n\t\t\t\t<div class=\"elementor-widget-container\">\n\t\t\t\t\t\t\t\t\t<p style=\"text-align: center;\"><strong>Vicealmirante<br \/><span style=\"color: #4b0b3e;\">PABLO NIEMANN FIGARI<\/span><br \/><\/strong>NOV 2023 &#8211; JUN 2025<\/p>\t\t\t\t\t\t\t\t<\/div>\n\t\t\t\t<\/div>\n\t\t\t\t\t<\/div>\n\t\t<\/div>\n\t\t\t\t<div class=\"elementor-column elementor-col-25 elementor-top-column elementor-element elementor-element-ed3d32d\" data-id=\"ed3d32d\" data-element_type=\"column\">\n\t\t\t<div class=\"elementor-widget-wrap elementor-element-populated\">\n\t\t\t\t\t\t<div class=\"elementor-element elementor-element-ff213d7 elementor-widget elementor-widget-image\" data-id=\"ff213d7\" data-element_type=\"widget\" data-widget_type=\"image.default\">\n\t\t\t\t<div class=\"elementor-widget-container\">\n\t\t\t\t\t\t\t\t\t\t\t\t\t\t\t<img loading=\"lazy\" decoding=\"async\" width=\"857\" height=\"1024\" src=\"https:\/\/www.emco.mil.cl\/wp-content\/uploads\/2021\/09\/3-VA-Romero_sitio-857x1024.jpg\" class=\"attachment-large size-large wp-image-7239\" alt=\"\" srcset=\"https:\/\/www.emco.mil.cl\/wp-content\/uploads\/2021\/09\/3-VA-Romero_sitio-857x1024.jpg 857w, https:\/\/www.emco.mil.cl\/wp-content\/uploads\/2021\/09\/3-VA-Romero_sitio-251x300.jpg 251w, https:\/\/www.emco.mil.cl\/wp-content\/uploads\/2021\/09\/3-VA-Romero_sitio-768x918.jpg 768w, https:\/\/www.emco.mil.cl\/wp-content\/uploads\/2021\/09\/3-VA-Romero_sitio-226x270.jpg 226w, https:\/\/www.emco.mil.cl\/wp-content\/uploads\/2021\/09\/3-VA-Romero_sitio.jpg 1000w\" sizes=\"(max-width: 857px) 100vw, 857px\" \/>\t\t\t\t\t\t\t\t\t\t\t\t\t\t\t<\/div>\n\t\t\t\t<\/div>\n\t\t\t\t<div class=\"elementor-element elementor-element-59af494 elementor-widget elementor-widget-text-editor\" data-id=\"59af494\" data-element_type=\"widget\" data-widget_type=\"text-editor.default\">\n\t\t\t\t<div class=\"elementor-widget-container\">\n\t\t\t\t\t\t\t\t\t<p style=\"text-align: center;\"><strong>Vicealmirante<\/strong><br \/><span style=\"color: #4b0b3e;\"><strong>JOS\u00c9 MIGUEL ROMERO AGUIRRE<\/strong><\/span><br \/>DIC 2013 \u2013 DIC 2015<\/p>\t\t\t\t\t\t\t\t<\/div>\n\t\t\t\t<\/div>\n\t\t\t\t<div class=\"elementor-element elementor-element-4c3abe5 elementor-widget-divider--view-line elementor-widget elementor-widget-divider\" data-id=\"4c3abe5\" data-element_type=\"widget\" data-widget_type=\"divider.default\">\n\t\t\t\t<div class=\"elementor-widget-container\">\n\t\t\t\t\t\t\t<div class=\"elementor-divider\">\n\t\t\t<span class=\"elementor-divider-separator\">\n\t\t\t\t\t\t<\/span>\n\t\t<\/div>\n\t\t\t\t\t\t<\/div>\n\t\t\t\t<\/div>\n\t\t\t\t<div class=\"elementor-element elementor-element-e277fa8 elementor-widget elementor-widget-image\" data-id=\"e277fa8\" data-element_type=\"widget\" data-widget_type=\"image.default\">\n\t\t\t\t<div class=\"elementor-widget-container\">\n\t\t\t\t\t\t\t\t\t\t\t\t\t\t\t<img loading=\"lazy\" decoding=\"async\" width=\"857\" height=\"1024\" src=\"https:\/\/www.emco.mil.cl\/wp-content\/uploads\/2022\/09\/6-GDD-Paiva_sitio.jpg\" class=\"attachment-large size-large wp-image-9531\" alt=\"\" srcset=\"https:\/\/www.emco.mil.cl\/wp-content\/uploads\/2022\/09\/6-GDD-Paiva_sitio.jpg 857w, https:\/\/www.emco.mil.cl\/wp-content\/uploads\/2022\/09\/6-GDD-Paiva_sitio-251x300.jpg 251w, https:\/\/www.emco.mil.cl\/wp-content\/uploads\/2022\/09\/6-GDD-Paiva_sitio-768x918.jpg 768w, https:\/\/www.emco.mil.cl\/wp-content\/uploads\/2022\/09\/6-GDD-Paiva_sitio-226x270.jpg 226w\" sizes=\"(max-width: 857px) 100vw, 857px\" \/>\t\t\t\t\t\t\t\t\t\t\t\t\t\t\t<\/div>\n\t\t\t\t<\/div>\n\t\t\t\t<div class=\"elementor-element elementor-element-4cc6370 elementor-widget elementor-widget-text-editor\" data-id=\"4cc6370\" data-element_type=\"widget\" data-widget_type=\"text-editor.default\">\n\t\t\t\t<div class=\"elementor-widget-container\">\n\t\t\t\t\t\t\t\t\t<p style=\"text-align: center;\"><strong>General de Divisi\u00f3n<\/strong><br \/><span style=\"color: #4b0b3e;\"><strong>GUILLERMO R. PAIVA HERN\u00c1NDEZ<\/strong><\/span><br \/>MAR 2022 \u2013 SEP 2022<\/p>\t\t\t\t\t\t\t\t<\/div>\n\t\t\t\t<\/div>\n\t\t\t\t<div class=\"elementor-element elementor-element-8edb1b3 elementor-widget-divider--view-line elementor-widget elementor-widget-divider\" data-id=\"8edb1b3\" data-element_type=\"widget\" data-widget_type=\"divider.default\">\n\t\t\t\t<div class=\"elementor-widget-container\">\n\t\t\t\t\t\t\t<div class=\"elementor-divider\">\n\t\t\t<span class=\"elementor-divider-separator\">\n\t\t\t\t\t\t<\/span>\n\t\t<\/div>\n\t\t\t\t\t\t<\/div>\n\t\t\t\t<\/div>\n\t\t\t\t\t<\/div>\n\t\t<\/div>\n\t\t\t\t<div class=\"elementor-column elementor-col-25 elementor-top-column elementor-element elementor-element-c5e8093\" data-id=\"c5e8093\" data-element_type=\"column\">\n\t\t\t<div class=\"elementor-widget-wrap elementor-element-populated\">\n\t\t\t\t\t\t<div class=\"elementor-element elementor-element-8e07f1b elementor-widget elementor-widget-image\" data-id=\"8e07f1b\" data-element_type=\"widget\" data-widget_type=\"image.default\">\n\t\t\t\t<div class=\"elementor-widget-container\">\n\t\t\t\t\t\t\t\t\t\t\t\t\t\t\t<img loading=\"lazy\" decoding=\"async\" width=\"857\" height=\"1024\" src=\"https:\/\/www.emco.mil.cl\/wp-content\/uploads\/2021\/09\/4-GAV-Merino_sitio-857x1024.jpg\" class=\"attachment-large size-large wp-image-7240\" alt=\"\" srcset=\"https:\/\/www.emco.mil.cl\/wp-content\/uploads\/2021\/09\/4-GAV-Merino_sitio-857x1024.jpg 857w, https:\/\/www.emco.mil.cl\/wp-content\/uploads\/2021\/09\/4-GAV-Merino_sitio-251x300.jpg 251w, https:\/\/www.emco.mil.cl\/wp-content\/uploads\/2021\/09\/4-GAV-Merino_sitio-768x918.jpg 768w, https:\/\/www.emco.mil.cl\/wp-content\/uploads\/2021\/09\/4-GAV-Merino_sitio-226x270.jpg 226w, https:\/\/www.emco.mil.cl\/wp-content\/uploads\/2021\/09\/4-GAV-Merino_sitio.jpg 1000w\" sizes=\"(max-width: 857px) 100vw, 857px\" \/>\t\t\t\t\t\t\t\t\t\t\t\t\t\t\t<\/div>\n\t\t\t\t<\/div>\n\t\t\t\t<div class=\"elementor-element elementor-element-e1ace6e elementor-widget elementor-widget-text-editor\" data-id=\"e1ace6e\" data-element_type=\"widget\" data-widget_type=\"text-editor.default\">\n\t\t\t\t<div class=\"elementor-widget-container\">\n\t\t\t\t\t\t\t\t\t<p style=\"text-align: center;\"><strong>General de Aviaci\u00f3n<\/strong><br \/><span style=\"color: #4b0b3e;\"><strong>ARTURO MERINO\u00a0 N\u00da\u00d1EZ<\/strong><\/span><br \/>DIC 2015 \u2013 NOV 2018<\/p>\t\t\t\t\t\t\t\t<\/div>\n\t\t\t\t<\/div>\n\t\t\t\t<div class=\"elementor-element elementor-element-8940fcd elementor-widget-divider--view-line elementor-widget elementor-widget-divider\" data-id=\"8940fcd\" data-element_type=\"widget\" data-widget_type=\"divider.default\">\n\t\t\t\t<div class=\"elementor-widget-container\">\n\t\t\t\t\t\t\t<div class=\"elementor-divider\">\n\t\t\t<span class=\"elementor-divider-separator\">\n\t\t\t\t\t\t<\/span>\n\t\t<\/div>\n\t\t\t\t\t\t<\/div>\n\t\t\t\t<\/div>\n\t\t\t\t<div class=\"elementor-element elementor-element-0bbc239 elementor-widget elementor-widget-image\" data-id=\"0bbc239\" data-element_type=\"widget\" data-widget_type=\"image.default\">\n\t\t\t\t<div class=\"elementor-widget-container\">\n\t\t\t\t\t\t\t\t\t\t\t\t\t\t\t<img loading=\"lazy\" decoding=\"async\" width=\"857\" height=\"1024\" src=\"https:\/\/www.emco.mil.cl\/wp-content\/uploads\/2025\/06\/7-VA-Fernandez.jpg\" class=\"attachment-large size-large wp-image-12966\" alt=\"\" srcset=\"https:\/\/www.emco.mil.cl\/wp-content\/uploads\/2025\/06\/7-VA-Fernandez.jpg 857w, https:\/\/www.emco.mil.cl\/wp-content\/uploads\/2025\/06\/7-VA-Fernandez-251x300.jpg 251w, https:\/\/www.emco.mil.cl\/wp-content\/uploads\/2025\/06\/7-VA-Fernandez-768x918.jpg 768w\" sizes=\"(max-width: 857px) 100vw, 857px\" \/>\t\t\t\t\t\t\t\t\t\t\t\t\t\t\t<\/div>\n\t\t\t\t<\/div>\n\t\t\t\t<div class=\"elementor-element elementor-element-fd3d698 elementor-widget elementor-widget-text-editor\" data-id=\"fd3d698\" data-element_type=\"widget\" data-widget_type=\"text-editor.default\">\n\t\t\t\t<div class=\"elementor-widget-container\">\n\t\t\t\t\t\t\t\t\t<p style=\"text-align: center;\"><strong>Vicealmirante<\/strong><br \/><span style=\"color: #4b0b3e;\"><strong>JOS\u00c9 LUIS FERN\u00c1NDEZ MORALES<\/strong><\/span><br \/>SEP 2022 \u2013 NOV 2022<\/p>\t\t\t\t\t\t\t\t<\/div>\n\t\t\t\t<\/div>\n\t\t\t\t<div class=\"elementor-element elementor-element-62e9a21 elementor-widget-divider--view-line elementor-widget elementor-widget-divider\" data-id=\"62e9a21\" data-element_type=\"widget\" data-widget_type=\"divider.default\">\n\t\t\t\t<div class=\"elementor-widget-container\">\n\t\t\t\t\t\t\t<div class=\"elementor-divider\">\n\t\t\t<span class=\"elementor-divider-separator\">\n\t\t\t\t\t\t<\/span>\n\t\t<\/div>\n\t\t\t\t\t\t<\/div>\n\t\t\t\t<\/div>\n\t\t\t\t\t<\/div>\n\t\t<\/div>\n\t\t\t\t\t<\/div>\n\t\t<\/section>\n\t\t\t\t<\/div>\n\t\t","protected":false},"excerpt":{"rendered":"<p>General de Divisi\u00f3nCRISTI\u00c1N LE DANTEC GALLARDOFEB 2010 \u2013 ENE 2011 VicealmiranteRODRIGO \u00c1LVAREZ AGUIRRENOV 2018 \u2013 DIC 2020 General de Aviaci\u00f3nJEAN PIERRE DESGROUX ICAZADIC 2022 \u2013 NOV 2023 General de Divisi\u00f3nHERN\u00c1N MARDONES R\u00cdOS ENE 2011 \u2013 DIC 2013 General de Divisi\u00f3nJAVIER ITURRIAGA DEL CAMPODIC 2020 \u2013 MAR 2022 VicealmirantePABLO NIEMANN FIGARINOV 2023 &#8211; JUN 2025 VicealmiranteJOS\u00c9&#8230;<\/p>\n","protected":false},"author":4,"featured_media":0,"parent":0,"menu_order":0,"comment_status":"closed","ping_status":"closed","template":"","meta":{"_kad_post_transparent":"","_kad_post_title":"","_kad_post_layout":"normal","_kad_post_sidebar_id":"","_kad_post_content_style":"","_kad_post_vertical_padding":"","_kad_post_feature":"","_kad_post_feature_position":"","_kad_post_header":false,"_kad_post_footer":false,"footnotes":""},"class_list":["post-473","page","type-page","status-publish","hentry"],"_links":{"self":[{"href":"https:\/\/www.emco.mil.cl\/index.php\/wp-json\/wp\/v2\/pages\/473","targetHints":{"allow":["GET"]}}],"collection":[{"href":"https:\/\/www.emco.mil.cl\/index.php\/wp-json\/wp\/v2\/pages"}],"about":[{"href":"https:\/\/www.emco.mil.cl\/index.php\/wp-json\/wp\/v2\/types\/page"}],"author":[{"embeddable":true,"href":"https:\/\/www.emco.mil.cl\/index.php\/wp-json\/wp\/v2\/users\/4"}],"replies":[{"embeddable":true,"href":"https:\/\/www.emco.mil.cl\/index.php\/wp-json\/wp\/v2\/comments?post=473"}],"version-history":[{"count":24,"href":"https:\/\/www.emco.mil.cl\/index.php\/wp-json\/wp\/v2\/pages\/473\/revisions"}],"predecessor-version":[{"id":14493,"href":"https:\/\/www.emco.mil.cl\/index.php\/wp-json\/wp\/v2\/pages\/473\/revisions\/14493"}],"wp:attachment":[{"href":"https:\/\/www.emco.mil.cl\/index.php\/wp-json\/wp\/v2\/media?parent=473"}],"curies":[{"name":"wp","href":"https:\/\/api.w.org\/{rel}","templated":true}]}}