{"id":460,"date":"2021-09-01T12:04:01","date_gmt":"2021-09-01T16:04:01","guid":{"rendered":"http:\/\/10.195.30.25\/?page_id=460"},"modified":"2025-02-25T11:15:38","modified_gmt":"2025-02-25T14:15:38","slug":"marco-juridico","status":"publish","type":"page","link":"https:\/\/www.emco.mil.cl\/index.php\/marco-juridico\/","title":{"rendered":"FUNDAMENTOS LEGALES DEL EMCO"},"content":{"rendered":"\t\t<div data-elementor-type=\"wp-page\" data-elementor-id=\"460\" class=\"elementor elementor-460\">\n\t\t\t\t\t\t<section class=\"elementor-section elementor-top-section elementor-element elementor-element-4fd3785c elementor-section-boxed elementor-section-height-default elementor-section-height-default\" data-id=\"4fd3785c\" data-element_type=\"section\">\n\t\t\t\t\t\t<div class=\"elementor-container elementor-column-gap-default\">\n\t\t\t\t\t<div class=\"elementor-column elementor-col-100 elementor-top-column elementor-element elementor-element-3ff1608\" data-id=\"3ff1608\" data-element_type=\"column\">\n\t\t\t<div class=\"elementor-widget-wrap elementor-element-populated\">\n\t\t\t\t\t\t<div class=\"elementor-element elementor-element-27cf75a9 elementor-widget elementor-widget-text-editor\" data-id=\"27cf75a9\" data-element_type=\"widget\" data-widget_type=\"text-editor.default\">\n\t\t\t\t<div class=\"elementor-widget-container\">\n\t\t\t\t\t\t\t\t\t<p><style>.kb-row-layout-id460_8f7861-60 > .kt-row-column-wrap{align-content:start;}:where(.kb-row-layout-id460_8f7861-60 > .kt-row-column-wrap) > .wp-block-kadence-column{justify-content:start;}.kb-row-layout-id460_8f7861-60 > .kt-row-column-wrap{column-gap:var(--global-kb-gap-md, 2rem);row-gap:var(--global-kb-gap-md, 2rem);padding-top:var(--global-kb-spacing-sm, 1.5rem);padding-bottom:var(--global-kb-spacing-sm, 1.5rem);grid-template-columns:minmax(0, calc(10% - ((var(--global-kb-gap-md, 2rem) * 2 )\/3)))minmax(0, calc(80% - ((var(--global-kb-gap-md, 2rem) * 2 )\/3)))minmax(0, calc(10% - ((var(--global-kb-gap-md, 2rem) * 2 )\/3)));}.kb-row-layout-id460_8f7861-60 > .kt-row-layout-overlay{opacity:0.30;}@media all and (max-width: 1024px){.kb-row-layout-id460_8f7861-60 > .kt-row-column-wrap > div:not(.added-for-specificity){grid-column:initial;}}@media all and (max-width: 1024px){.kb-row-layout-id460_8f7861-60 > .kt-row-column-wrap{grid-template-columns:repeat(3, minmax(0, 1fr));}}@media all and (max-width: 767px){.kb-row-layout-id460_8f7861-60 > .kt-row-column-wrap > div:not(.added-for-specificity){grid-column:initial;}.kb-row-layout-id460_8f7861-60 > .kt-row-column-wrap{grid-template-columns:minmax(0, 1fr);}}<\/style><div class=\"kb-row-layout-wrap kb-row-layout-id460_8f7861-60 alignnone wp-block-kadence-rowlayout\"><div class=\"kt-row-column-wrap kt-has-3-columns kt-row-layout-equal kt-tab-layout-inherit kt-mobile-layout-row kt-row-valign-top\"><\/p>\n<p><style>.kadence-column460_1bf2c8-6a > .kt-inside-inner-col,.kadence-column460_1bf2c8-6a > .kt-inside-inner-col:before{border-top-left-radius:0px;border-top-right-radius:0px;border-bottom-right-radius:0px;border-bottom-left-radius:0px;}.kadence-column460_1bf2c8-6a > .kt-inside-inner-col{column-gap:var(--global-kb-gap-sm, 1rem);}.kadence-column460_1bf2c8-6a > .kt-inside-inner-col{flex-direction:column;}.kadence-column460_1bf2c8-6a > .kt-inside-inner-col > .aligncenter{width:100%;}.kadence-column460_1bf2c8-6a > .kt-inside-inner-col:before{opacity:0.3;}.kadence-column460_1bf2c8-6a{position:relative;}@media all and (max-width: 1024px){.kadence-column460_1bf2c8-6a > .kt-inside-inner-col{flex-direction:column;justify-content:center;}}@media all and (max-width: 767px){.kadence-column460_1bf2c8-6a > .kt-inside-inner-col{flex-direction:column;justify-content:center;}}<\/style><\/p>\n<div class=\"wp-block-kadence-column kadence-column460_1bf2c8-6a inner-column-1\">\u00a0<\/div>\n<div class=\"wp-block-kadence-column kadence-column460_6cf93a-62 inner-column-2\">\n<div class=\"kt-inside-inner-col\">\n<figure class=\"wp-block-image size-full\"><img fetchpriority=\"high\" decoding=\"async\" width=\"1000\" height=\"415\" class=\"wp-image-12329 aligncenter\" src=\"https:\/\/www.emco.mil.cl\/wp-content\/uploads\/2025\/02\/IMG250225.jpg\" alt=\"\" srcset=\"https:\/\/www.emco.mil.cl\/wp-content\/uploads\/2025\/02\/IMG250225.jpg 1000w, https:\/\/www.emco.mil.cl\/wp-content\/uploads\/2025\/02\/IMG250225-300x125.jpg 300w, https:\/\/www.emco.mil.cl\/wp-content\/uploads\/2025\/02\/IMG250225-768x319.jpg 768w\" sizes=\"(max-width: 1000px) 100vw, 1000px\" \/><\/figure>\n<figure>\n<h1 id=\"block-7e4c4192-1dac-4d51-a4c2-a976fcbe49fc\" class=\"has-text-align-center has-small-font-size\" style=\"padding-left: 40px; text-align: center;\"><em>Ley 20.424 Art. N\u00b01<\/em><\/h1>\n<h1 id=\"block-7e4c4192-1dac-4d51-a4c2-a976fcbe49fc\" class=\"has-text-align-center has-small-font-size\" style=\"padding-left: 40px; text-align: center;\"><em>\u00ab<strong>El Estado tiene el deber de resguardar la seguridad exterior del pa\u00eds y dar protecci\u00f3n a su poblaci\u00f3n\u00bb<\/strong><\/em><\/h1>\n<\/figure>\n<h6 class=\"wp-block-image size-full\" style=\"padding-left: 40px; text-align: center;\"><span style=\"font-family: var(--global-body-font-family);\">El Presidente de la Rep\u00fablica tiene autoridad en todo cuanto tiene por objeto la seguridad externa de la Rep\u00fablica, de acuerdo con la Constituci\u00f3n y las leyes.<\/span><br \/><br \/>Para los efectos de ejercer dicha autoridad y conducir la defensa nacional, el Presidente de la Rep\u00fablica dispone de la colaboraci\u00f3n directa e inmediata del Ministro de Defensa Nacional.<\/h6>\n<p style=\"padding-left: 40px; text-align: center;\"><\/p>\n<p style=\"padding-left: 40px; text-align: center;\"><\/p>\n<\/div>\n<\/div>\n<p style=\"padding-left: 40px; text-align: center;\"><\/div><\/div><style>.kadence-column460_ba5444-ea > .kt-inside-inner-col,.kadence-column460_ba5444-ea > .kt-inside-inner-col:before{border-top-left-radius:0px;border-top-right-radius:0px;border-bottom-right-radius:0px;border-bottom-left-radius:0px;}.kadence-column460_ba5444-ea > .kt-inside-inner-col{column-gap:var(--global-kb-gap-sm, 1rem);}.kadence-column460_ba5444-ea > .kt-inside-inner-col{flex-direction:column;}.kadence-column460_ba5444-ea > .kt-inside-inner-col > .aligncenter{width:100%;}.kadence-column460_ba5444-ea > .kt-inside-inner-col:before{opacity:0.3;}.kadence-column460_ba5444-ea{position:relative;}@media all and (max-width: 1024px){.kadence-column460_ba5444-ea > .kt-inside-inner-col{flex-direction:column;justify-content:center;}}@media all and (max-width: 767px){.kadence-column460_ba5444-ea > .kt-inside-inner-col{flex-direction:column;justify-content:center;}}<\/style><\/p>\n<div class=\"wp-block-kadence-column kadence-column460_ba5444-ea inner-column-3\" style=\"padding-left: 40px;\">\n<div class=\"kt-inside-inner-col\" style=\"padding-left: 40px; text-align: center;\">\u00a0<\/div>\n<\/div>\n<p><!-- \/wp:kadence\/rowlayout --><!-- wp:paragraph --><\/p>\n<p><!-- \/wp:paragraph --><\/p>\t\t\t\t\t\t\t\t<\/div>\n\t\t\t\t<\/div>\n\t\t\t\t\t<\/div>\n\t\t<\/div>\n\t\t\t\t\t<\/div>\n\t\t<\/section>\n\t\t\t\t<\/div>\n\t\t","protected":false},"excerpt":{"rendered":"<p>\u00a0 Ley 20.424 Art. N\u00b01 \u00abEl Estado tiene el deber de resguardar la seguridad exterior del pa\u00eds y dar protecci\u00f3n a su poblaci\u00f3n\u00bb El Presidente de la Rep\u00fablica tiene autoridad en todo cuanto tiene por objeto la seguridad externa de la Rep\u00fablica, de acuerdo con la Constituci\u00f3n y las leyes. Para los efectos de ejercer&#8230;<\/p>\n","protected":false},"author":4,"featured_media":0,"parent":0,"menu_order":0,"comment_status":"closed","ping_status":"closed","template":"","meta":{"_kad_post_transparent":"","_kad_post_title":"default","_kad_post_layout":"normal","_kad_post_sidebar_id":"","_kad_post_content_style":"","_kad_post_vertical_padding":"","_kad_post_feature":"","_kad_post_feature_position":"","_kad_post_header":false,"_kad_post_footer":false,"footnotes":""},"class_list":["post-460","page","type-page","status-publish","hentry"],"_links":{"self":[{"href":"https:\/\/www.emco.mil.cl\/index.php\/wp-json\/wp\/v2\/pages\/460","targetHints":{"allow":["GET"]}}],"collection":[{"href":"https:\/\/www.emco.mil.cl\/index.php\/wp-json\/wp\/v2\/pages"}],"about":[{"href":"https:\/\/www.emco.mil.cl\/index.php\/wp-json\/wp\/v2\/types\/page"}],"author":[{"embeddable":true,"href":"https:\/\/www.emco.mil.cl\/index.php\/wp-json\/wp\/v2\/users\/4"}],"replies":[{"embeddable":true,"href":"https:\/\/www.emco.mil.cl\/index.php\/wp-json\/wp\/v2\/comments?post=460"}],"version-history":[{"count":25,"href":"https:\/\/www.emco.mil.cl\/index.php\/wp-json\/wp\/v2\/pages\/460\/revisions"}],"predecessor-version":[{"id":12337,"href":"https:\/\/www.emco.mil.cl\/index.php\/wp-json\/wp\/v2\/pages\/460\/revisions\/12337"}],"wp:attachment":[{"href":"https:\/\/www.emco.mil.cl\/index.php\/wp-json\/wp\/v2\/media?parent=460"}],"curies":[{"name":"wp","href":"https:\/\/api.w.org\/{rel}","templated":true}]}}