{"id":181,"date":"2021-08-25T09:55:08","date_gmt":"2021-08-25T13:55:08","guid":{"rendered":"http:\/\/10.195.30.25\/?page_id=181"},"modified":"2021-10-20T11:14:22","modified_gmt":"2021-10-20T14:14:22","slug":"antartica-chilena","status":"publish","type":"page","link":"https:\/\/www.emco.mil.cl\/index.php\/antartica-chilena\/","title":{"rendered":"ANT\u00c1RTICA CHILENA"},"content":{"rendered":"\n<p>A contar de la entrada en vigencia de la Ley N\u00b0 21.255, la cual establece el \u201cEstatuto Chileno Ant\u00e1rtico\u201d, el Estado Mayor Conjunto (EMCO) ha asumido la tarea de realizar la \u201ccoordinaci\u00f3n operativa y log\u00edstica\u201d de las instituciones de la Defensa, en su calidad de operadores ant\u00e1rticos. Sin embargo, existen tareas y responsabilidades que se ejecutan desde previo a la publicaci\u00f3n de la ley y mantendr\u00e1n su cumplimiento.<\/p>\n\n\n\n<p>La tarea principal la realiza el Departamento Ant\u00e1rtico Conjunto, dependiente de la Direcci\u00f3n de Operaciones Conjunta (DOPCON), la cual es:<strong> <\/strong>\u201cAsumir la coordinaci\u00f3n operativa y log\u00edstica de la Gesti\u00f3n Ant\u00e1rtica de Defensa, lo que conlleva, elaborar la directiva respectiva, para generar la coordinaci\u00f3n de todas las actividades ant\u00e1rticas realizadas por las instituciones en la campa\u00f1a ant\u00e1rtica anual, as\u00ed como la Directiva de la Operaci\u00f3n Cient\u00edfica Conjunta Glaciar Uni\u00f3n.<\/p>\n\n\n\n<p>Asimismo, este Departamento realiza la labor de asesorar al JEMCO, por intermedio del DOPCON, participando en el Consejo de Pol\u00edtica Ant\u00e1rtica y en reuniones ant\u00e1rticas nacionales e internacionales relacionadas con el Tratado Ant\u00e1rtico. Es el encargado de proyectar el Presupuesto Ant\u00e1rtico anual de las instituciones de la Defensa, para su incorporaci\u00f3n al Presupuesto Ministerial; Participar en el proceso de actualizaci\u00f3n del Plan Estrat\u00e9gico Ant\u00e1rtico y en la elaboraci\u00f3n de la Visi\u00f3n Estrat\u00e9gica Ant\u00e1rtica de Chile; Elaborar la \u201cMemoria de Actividades Ant\u00e1rticas\u201d de los Operadores Ant\u00e1rticos de Defensa correspondiente al per\u00edodo Abril (a\u00f1o anterior) &#8211; Marzo (a\u00f1o en curso); Participar como inspector de Bases Ant\u00e1rticas nacionales o extranjeras; Materializar la Campa\u00f1a Polar Glaciar Uni\u00f3n; y ejecutar el Curso conjunto para dotaciones de bases ant\u00e1rticas nacionales.<\/p>\n\n\n<style>.kb-gallery-type-fluidcarousel.kb-gallery-id-_d3eccc-31 .kt-blocks-carousel .kt-blocks-carousel-init .kb-slide-item{padding:4px 5px;}.kb-gallery-type-fluidcarousel.kb-gallery-id-_d3eccc-31 .kt-blocks-carousel .kt-blocks-carousel-init.kb-carousel-mode-align-left .kb-slide-item{padding:4px 10px 4px 0;}.kb-gallery-id-_d3eccc-31.kb-gallery-ul.kb-gallery-type-fluidcarousel .kt-blocks-carousel figure .kb-gal-image-radius, .kb-gallery-id-_d3eccc-31.kb-gallery-ul.kb-gallery-type-fluidcarousel .kt-blocks-carousel figure .kb-gal-image-radius img{height:300px;}.kb-gallery-id-_d3eccc-31 .kadence-blocks-gallery-item .kb-gal-image-radius, .kb-gallery-id-_d3eccc-31 .kb-slide-item .kb-gal-image-radius img{border-radius:0px 0px 0px 0px;;}.kb-gallery-wrap-id-_d3eccc-31.wp-block-kadence-advancedgallery{overflow:visible;}.kb-gallery-wrap-id-_d3eccc-31.wp-block-kadence-advancedgallery .kt-blocks-carousel{overflow:visible;max-width:100%;}<\/style>\n<div class=\"wp-block-kadence-advancedgallery kb-gallery-wrap-id-_d3eccc-31\"><div class=\"kb-gallery-ul kb-gallery-type-fluidcarousel kb-gallery-id-_d3eccc-31 kb-gallery-caption-style-bottom-hover kb-gallery-filter-none\" data-image-filter=\"none\" data-lightbox-caption=\"true\"><div class=\"kt-blocks-carousel kt-carousel-container-dotstyle-dark\"><div class=\"kt-blocks-carousel-init kb-blocks-fluid-carousel kt-carousel-arrowstyle-blackonlight kt-carousel-dotstyle-dark\" data-slider-anim-speed=\"250\" data-slider-type=\"fluidcarousel\" data-slider-scroll=\"1\" data-slider-arrows=\"true\" data-slider-dots=\"true\" data-slider-hover-pause=\"false\" data-slider-auto=\"true\" data-slider-speed=\"3770\"><div class=\"kb-slide-item kb-gallery-carousel-item\"><div class=\"kadence-blocks-gallery-item\"><div class=\"kadence-blocks-gallery-item-inner\"><figure class=\"kb-gallery-figure kadence-blocks-gallery-item-hide-caption\"><div class=\"kb-gal-image-radius\"><div class=\"kb-gallery-image-contain\"><img fetchpriority=\"high\" decoding=\"async\" src=\"https:\/\/www.emco.mil.cl\/wp-content\/uploads\/2021\/10\/1-1024x488.jpg\" width=\"1024\" height=\"488\" alt=\"\" data-full-image=\"https:\/\/www.emco.mil.cl\/wp-content\/uploads\/2021\/10\/1.jpg\" data-light-image=\"https:\/\/www.emco.mil.cl\/wp-content\/uploads\/2021\/10\/1.jpg\" data-id=\"7383\" data-link=\"https:\/\/www.emco.mil.cl\/index.php\/antartica-chilena\/1-3\/\" class=\"wp-image-7383 skip-lazy\" srcset=\"https:\/\/www.emco.mil.cl\/wp-content\/uploads\/2021\/10\/1-1024x488.jpg 1024w, https:\/\/www.emco.mil.cl\/wp-content\/uploads\/2021\/10\/1-300x143.jpg 300w, https:\/\/www.emco.mil.cl\/wp-content\/uploads\/2021\/10\/1-768x366.jpg 768w, https:\/\/www.emco.mil.cl\/wp-content\/uploads\/2021\/10\/1-350x167.jpg 350w, https:\/\/www.emco.mil.cl\/wp-content\/uploads\/2021\/10\/1.jpg 1050w\" sizes=\"(max-width: 1024px) 100vw, 1024px\" \/><\/div><\/div><\/figure><\/div><\/div><\/div><div class=\"kb-slide-item kb-gallery-carousel-item\"><div class=\"kadence-blocks-gallery-item\"><div class=\"kadence-blocks-gallery-item-inner\"><figure class=\"kb-gallery-figure kadence-blocks-gallery-item-hide-caption\"><div class=\"kb-gal-image-radius\"><div class=\"kb-gallery-image-contain\"><img decoding=\"async\" src=\"https:\/\/www.emco.mil.cl\/wp-content\/uploads\/2021\/10\/2-1024x488.jpg\" width=\"1024\" height=\"488\" alt=\"\" data-full-image=\"https:\/\/www.emco.mil.cl\/wp-content\/uploads\/2021\/10\/2.jpg\" data-light-image=\"https:\/\/www.emco.mil.cl\/wp-content\/uploads\/2021\/10\/2.jpg\" data-id=\"7384\" data-link=\"https:\/\/www.emco.mil.cl\/index.php\/antartica-chilena\/2-2\/\" class=\"wp-image-7384 skip-lazy\" srcset=\"https:\/\/www.emco.mil.cl\/wp-content\/uploads\/2021\/10\/2-1024x488.jpg 1024w, https:\/\/www.emco.mil.cl\/wp-content\/uploads\/2021\/10\/2-300x143.jpg 300w, https:\/\/www.emco.mil.cl\/wp-content\/uploads\/2021\/10\/2-768x366.jpg 768w, https:\/\/www.emco.mil.cl\/wp-content\/uploads\/2021\/10\/2-350x167.jpg 350w, https:\/\/www.emco.mil.cl\/wp-content\/uploads\/2021\/10\/2.jpg 1050w\" sizes=\"(max-width: 1024px) 100vw, 1024px\" \/><\/div><\/div><\/figure><\/div><\/div><\/div><div class=\"kb-slide-item kb-gallery-carousel-item\"><div class=\"kadence-blocks-gallery-item\"><div class=\"kadence-blocks-gallery-item-inner\"><figure class=\"kb-gallery-figure kadence-blocks-gallery-item-hide-caption\"><div class=\"kb-gal-image-radius\"><div class=\"kb-gallery-image-contain\"><img decoding=\"async\" src=\"https:\/\/www.emco.mil.cl\/wp-content\/uploads\/2021\/10\/3-1024x488.jpg\" width=\"1024\" height=\"488\" alt=\"\" data-full-image=\"https:\/\/www.emco.mil.cl\/wp-content\/uploads\/2021\/10\/3.jpg\" data-light-image=\"https:\/\/www.emco.mil.cl\/wp-content\/uploads\/2021\/10\/3.jpg\" data-id=\"7385\" data-link=\"https:\/\/www.emco.mil.cl\/index.php\/antartica-chilena\/3-2\/\" class=\"wp-image-7385 skip-lazy\" srcset=\"https:\/\/www.emco.mil.cl\/wp-content\/uploads\/2021\/10\/3-1024x488.jpg 1024w, https:\/\/www.emco.mil.cl\/wp-content\/uploads\/2021\/10\/3-300x143.jpg 300w, https:\/\/www.emco.mil.cl\/wp-content\/uploads\/2021\/10\/3-768x366.jpg 768w, https:\/\/www.emco.mil.cl\/wp-content\/uploads\/2021\/10\/3-350x167.jpg 350w, https:\/\/www.emco.mil.cl\/wp-content\/uploads\/2021\/10\/3.jpg 1050w\" sizes=\"(max-width: 1024px) 100vw, 1024px\" \/><\/div><\/div><\/figure><\/div><\/div><\/div><div class=\"kb-slide-item kb-gallery-carousel-item\"><div class=\"kadence-blocks-gallery-item\"><div class=\"kadence-blocks-gallery-item-inner\"><figure class=\"kb-gallery-figure kadence-blocks-gallery-item-hide-caption\"><div class=\"kb-gal-image-radius\"><div class=\"kb-gallery-image-contain\"><img loading=\"lazy\" decoding=\"async\" src=\"https:\/\/www.emco.mil.cl\/wp-content\/uploads\/2021\/10\/4-1024x488.jpg\" width=\"1024\" height=\"488\" alt=\"\" data-full-image=\"https:\/\/www.emco.mil.cl\/wp-content\/uploads\/2021\/10\/4.jpg\" data-light-image=\"https:\/\/www.emco.mil.cl\/wp-content\/uploads\/2021\/10\/4.jpg\" data-id=\"7386\" data-link=\"https:\/\/www.emco.mil.cl\/index.php\/antartica-chilena\/4-2\/\" class=\"wp-image-7386 skip-lazy\" srcset=\"https:\/\/www.emco.mil.cl\/wp-content\/uploads\/2021\/10\/4-1024x488.jpg 1024w, https:\/\/www.emco.mil.cl\/wp-content\/uploads\/2021\/10\/4-300x143.jpg 300w, https:\/\/www.emco.mil.cl\/wp-content\/uploads\/2021\/10\/4-768x366.jpg 768w, https:\/\/www.emco.mil.cl\/wp-content\/uploads\/2021\/10\/4-350x167.jpg 350w, https:\/\/www.emco.mil.cl\/wp-content\/uploads\/2021\/10\/4.jpg 1050w\" sizes=\"(max-width: 1024px) 100vw, 1024px\" \/><\/div><\/div><\/figure><\/div><\/div><\/div><div class=\"kb-slide-item kb-gallery-carousel-item\"><div class=\"kadence-blocks-gallery-item\"><div class=\"kadence-blocks-gallery-item-inner\"><figure class=\"kb-gallery-figure kadence-blocks-gallery-item-hide-caption\"><div class=\"kb-gal-image-radius\"><div class=\"kb-gallery-image-contain\"><img loading=\"lazy\" decoding=\"async\" src=\"https:\/\/www.emco.mil.cl\/wp-content\/uploads\/2021\/10\/5-1024x488.jpg\" width=\"1024\" height=\"488\" alt=\"\" data-full-image=\"https:\/\/www.emco.mil.cl\/wp-content\/uploads\/2021\/10\/5.jpg\" data-light-image=\"https:\/\/www.emco.mil.cl\/wp-content\/uploads\/2021\/10\/5.jpg\" data-id=\"7387\" data-link=\"https:\/\/www.emco.mil.cl\/index.php\/antartica-chilena\/attachment\/5\/\" class=\"wp-image-7387 skip-lazy\" srcset=\"https:\/\/www.emco.mil.cl\/wp-content\/uploads\/2021\/10\/5-1024x488.jpg 1024w, https:\/\/www.emco.mil.cl\/wp-content\/uploads\/2021\/10\/5-300x143.jpg 300w, https:\/\/www.emco.mil.cl\/wp-content\/uploads\/2021\/10\/5-768x366.jpg 768w, https:\/\/www.emco.mil.cl\/wp-content\/uploads\/2021\/10\/5-350x167.jpg 350w, https:\/\/www.emco.mil.cl\/wp-content\/uploads\/2021\/10\/5.jpg 1050w\" sizes=\"(max-width: 1024px) 100vw, 1024px\" \/><\/div><\/div><\/figure><\/div><\/div><\/div><div class=\"kb-slide-item kb-gallery-carousel-item\"><div class=\"kadence-blocks-gallery-item\"><div class=\"kadence-blocks-gallery-item-inner\"><figure class=\"kb-gallery-figure kadence-blocks-gallery-item-hide-caption\"><div class=\"kb-gal-image-radius\"><div class=\"kb-gallery-image-contain\"><img loading=\"lazy\" decoding=\"async\" src=\"https:\/\/www.emco.mil.cl\/wp-content\/uploads\/2021\/10\/6-1024x488.jpg\" width=\"1024\" height=\"488\" alt=\"\" data-full-image=\"https:\/\/www.emco.mil.cl\/wp-content\/uploads\/2021\/10\/6.jpg\" data-light-image=\"https:\/\/www.emco.mil.cl\/wp-content\/uploads\/2021\/10\/6.jpg\" data-id=\"7388\" data-link=\"https:\/\/www.emco.mil.cl\/index.php\/antartica-chilena\/attachment\/6\/\" class=\"wp-image-7388 skip-lazy\" srcset=\"https:\/\/www.emco.mil.cl\/wp-content\/uploads\/2021\/10\/6-1024x488.jpg 1024w, https:\/\/www.emco.mil.cl\/wp-content\/uploads\/2021\/10\/6-300x143.jpg 300w, https:\/\/www.emco.mil.cl\/wp-content\/uploads\/2021\/10\/6-768x366.jpg 768w, https:\/\/www.emco.mil.cl\/wp-content\/uploads\/2021\/10\/6-350x167.jpg 350w, https:\/\/www.emco.mil.cl\/wp-content\/uploads\/2021\/10\/6.jpg 1050w\" sizes=\"(max-width: 1024px) 100vw, 1024px\" \/><\/div><\/div><\/figure><\/div><\/div><\/div><div class=\"kb-slide-item kb-gallery-carousel-item\"><div class=\"kadence-blocks-gallery-item\"><div class=\"kadence-blocks-gallery-item-inner\"><figure class=\"kb-gallery-figure kadence-blocks-gallery-item-hide-caption\"><div class=\"kb-gal-image-radius\"><div class=\"kb-gallery-image-contain\"><img loading=\"lazy\" decoding=\"async\" src=\"https:\/\/www.emco.mil.cl\/wp-content\/uploads\/2021\/10\/7-1024x488.jpg\" width=\"1024\" height=\"488\" alt=\"\" data-full-image=\"https:\/\/www.emco.mil.cl\/wp-content\/uploads\/2021\/10\/7.jpg\" data-light-image=\"https:\/\/www.emco.mil.cl\/wp-content\/uploads\/2021\/10\/7.jpg\" data-id=\"7389\" data-link=\"https:\/\/www.emco.mil.cl\/index.php\/antartica-chilena\/attachment\/7\/\" class=\"wp-image-7389 skip-lazy\" srcset=\"https:\/\/www.emco.mil.cl\/wp-content\/uploads\/2021\/10\/7-1024x488.jpg 1024w, https:\/\/www.emco.mil.cl\/wp-content\/uploads\/2021\/10\/7-300x143.jpg 300w, https:\/\/www.emco.mil.cl\/wp-content\/uploads\/2021\/10\/7-768x366.jpg 768w, https:\/\/www.emco.mil.cl\/wp-content\/uploads\/2021\/10\/7-350x167.jpg 350w, https:\/\/www.emco.mil.cl\/wp-content\/uploads\/2021\/10\/7.jpg 1050w\" sizes=\"(max-width: 1024px) 100vw, 1024px\" \/><\/div><\/div><\/figure><\/div><\/div><\/div><div class=\"kb-slide-item kb-gallery-carousel-item\"><div class=\"kadence-blocks-gallery-item\"><div class=\"kadence-blocks-gallery-item-inner\"><figure class=\"kb-gallery-figure kadence-blocks-gallery-item-hide-caption\"><div class=\"kb-gal-image-radius\"><div class=\"kb-gallery-image-contain\"><img loading=\"lazy\" decoding=\"async\" src=\"https:\/\/www.emco.mil.cl\/wp-content\/uploads\/2021\/10\/8-1024x488.jpg\" width=\"1024\" height=\"488\" alt=\"\" data-full-image=\"https:\/\/www.emco.mil.cl\/wp-content\/uploads\/2021\/10\/8.jpg\" data-light-image=\"https:\/\/www.emco.mil.cl\/wp-content\/uploads\/2021\/10\/8.jpg\" data-id=\"7390\" data-link=\"https:\/\/www.emco.mil.cl\/index.php\/antartica-chilena\/attachment\/8\/\" class=\"wp-image-7390 skip-lazy\" srcset=\"https:\/\/www.emco.mil.cl\/wp-content\/uploads\/2021\/10\/8-1024x488.jpg 1024w, https:\/\/www.emco.mil.cl\/wp-content\/uploads\/2021\/10\/8-300x143.jpg 300w, https:\/\/www.emco.mil.cl\/wp-content\/uploads\/2021\/10\/8-768x366.jpg 768w, https:\/\/www.emco.mil.cl\/wp-content\/uploads\/2021\/10\/8-350x167.jpg 350w, https:\/\/www.emco.mil.cl\/wp-content\/uploads\/2021\/10\/8.jpg 1050w\" sizes=\"(max-width: 1024px) 100vw, 1024px\" \/><\/div><\/div><\/figure><\/div><\/div><\/div><\/div><\/div><\/div><\/div>\n","protected":false},"excerpt":{"rendered":"<p>A contar de la entrada en vigencia de la Ley N\u00b0 21.255, la cual establece el \u201cEstatuto Chileno Ant\u00e1rtico\u201d, el Estado Mayor Conjunto (EMCO) ha asumido la tarea de realizar la \u201ccoordinaci\u00f3n operativa y log\u00edstica\u201d de las instituciones de la Defensa, en su calidad de operadores ant\u00e1rticos. Sin embargo, existen tareas y responsabilidades que se&#8230;<\/p>\n","protected":false},"author":4,"featured_media":0,"parent":0,"menu_order":0,"comment_status":"closed","ping_status":"closed","template":"","meta":{"_kad_post_transparent":"","_kad_post_title":"","_kad_post_layout":"","_kad_post_sidebar_id":"","_kad_post_content_style":"","_kad_post_vertical_padding":"","_kad_post_feature":"","_kad_post_feature_position":"","_kad_post_header":false,"_kad_post_footer":false,"footnotes":""},"class_list":["post-181","page","type-page","status-publish","hentry"],"_links":{"self":[{"href":"https:\/\/www.emco.mil.cl\/index.php\/wp-json\/wp\/v2\/pages\/181","targetHints":{"allow":["GET"]}}],"collection":[{"href":"https:\/\/www.emco.mil.cl\/index.php\/wp-json\/wp\/v2\/pages"}],"about":[{"href":"https:\/\/www.emco.mil.cl\/index.php\/wp-json\/wp\/v2\/types\/page"}],"author":[{"embeddable":true,"href":"https:\/\/www.emco.mil.cl\/index.php\/wp-json\/wp\/v2\/users\/4"}],"replies":[{"embeddable":true,"href":"https:\/\/www.emco.mil.cl\/index.php\/wp-json\/wp\/v2\/comments?post=181"}],"version-history":[{"count":14,"href":"https:\/\/www.emco.mil.cl\/index.php\/wp-json\/wp\/v2\/pages\/181\/revisions"}],"predecessor-version":[{"id":7875,"href":"https:\/\/www.emco.mil.cl\/index.php\/wp-json\/wp\/v2\/pages\/181\/revisions\/7875"}],"wp:attachment":[{"href":"https:\/\/www.emco.mil.cl\/index.php\/wp-json\/wp\/v2\/media?parent=181"}],"curies":[{"name":"wp","href":"https:\/\/api.w.org\/{rel}","templated":true}]}}