{"id":175,"date":"2021-08-25T09:53:23","date_gmt":"2021-08-25T13:53:23","guid":{"rendered":"http:\/\/10.195.30.25\/?page_id=175"},"modified":"2021-10-20T10:30:29","modified_gmt":"2021-10-20T13:30:29","slug":"misiones-de-paz","status":"publish","type":"page","link":"https:\/\/www.emco.mil.cl\/index.php\/misiones-de-paz\/","title":{"rendered":"MISIONES DE PAZ"},"content":{"rendered":"\n<p>La ley 20.424, en su Art\u00edculo 27, establece que el mando de las tropas y medios nacionales que participen en misiones de paz, corresponder\u00e1 al Jefe del Estado Mayor Conjunto, quien ser\u00e1 la Autoridad Militar Nacional para tales efectos, por ende, responsable de todas las fuerzas que se encuentran desplegadas en el extranjero, dentro de ellas est\u00e1n las misiones u operaciones de paz.<\/p>\n\n\n\n<p>En este contexto se entiende por operaciones de paz todo despliegue internacional de medios civiles y\/o militares, de orden y seguridad p\u00fablica que, bajo el mando y control de la Organizaci\u00f3n de las Naciones Unidas (ONU), o de un Estado de mando expresamente designado y autorizado por \u00e9sta, tiene la misi\u00f3n de contribuir a la consolidaci\u00f3n de un cese de hostilidades.<\/p>\n\n\n\n<p>El EMCO, a trav\u00e9s de la Direcci\u00f3n de Operaciones y Conducci\u00f3n Conjunta, ejerce el control, supervisi\u00f3n y manejo del personal, desde su despliegue, desarrollo de la operaci\u00f3n de paz, y repliegue al pa\u00eds, donde son entregados nuevamente a sus instituciones. Esta actividad no es nueva para la defensa, ya que es posible se\u00f1alar que la participaci\u00f3n de Chile en esta materia se inici\u00f3 en el a\u00f1o 1935 (Guerra del Chaco) con una proyecci\u00f3n y desarrollo que se mantiene hasta hoy en d\u00eda.<\/p>\n\n\n\n<p>El concepto de Operaciones de Paz es bastante antiguo y precede a la creaci\u00f3n de la ONU y, en ese marco, nuestro pa\u00eds ha desarrollado esta actividad ininterrumpidamente desde la fecha se\u00f1alada. Es as\u00ed como el 06 de noviembre de 1996, mediante Decreto Supremo N\u00ba 94, fue aprobada la Pol\u00edtica Nacional para la participaci\u00f3n del Estado de Chile en Operaciones de Paz, bajo el Cap\u00edtulo VI de la Carta de las Naciones Unidas, (soluci\u00f3n pac\u00edfica de las controversias). Tres a\u00f1os m\u00e1s tarde, mediante el Decreto Supremo SSG. N\u00ba 68 del 14 de octubre de 1999, el Gobierno promulg\u00f3 la modificaci\u00f3n a la anterior Pol\u00edtica Nacional, ampliando la contribuci\u00f3n en Operaciones de Paz bajo Capitulo VII de la Carta de las Naciones Unidas, contemplando el empleo de la fuerza si fuese necesario, en pos de lograr un entorno seguro y estable en la zona de conflicto armado.<\/p>\n\n\n\n<p>Actualmente Chile se encuentra comprometido en materia de Cooperaci\u00f3n Internacional, participando en las misiones de Naciones Unidas y EUFOR, desplegando medios humanos y materiales en las misiones de UNTSO (Israel &#8211; L\u00edbano), UNFICYP (Chipre), EUFOR \u201cALTHEA\u201d (Bosnia &amp; Herzegovina), UNVMC (Colombia).<\/p>\n\n\n<style>.kb-gallery-type-fluidcarousel.kb-gallery-id-_17e221-20 .kt-blocks-carousel .kt-blocks-carousel-init .kb-slide-item{padding:4px 5px;}.kb-gallery-type-fluidcarousel.kb-gallery-id-_17e221-20 .kt-blocks-carousel .kt-blocks-carousel-init.kb-carousel-mode-align-left .kb-slide-item{padding:4px 10px 4px 0;}.kb-gallery-id-_17e221-20.kb-gallery-ul.kb-gallery-type-fluidcarousel .kt-blocks-carousel figure .kb-gal-image-radius, .kb-gallery-id-_17e221-20.kb-gallery-ul.kb-gallery-type-fluidcarousel .kt-blocks-carousel figure .kb-gal-image-radius img{height:300px;}.kb-gallery-id-_17e221-20 .kadence-blocks-gallery-item .kb-gal-image-radius, .kb-gallery-id-_17e221-20 .kb-slide-item .kb-gal-image-radius img{border-radius:0px 0px 0px 0px;;}.kb-gallery-wrap-id-_17e221-20.wp-block-kadence-advancedgallery{overflow:visible;}.kb-gallery-wrap-id-_17e221-20.wp-block-kadence-advancedgallery .kt-blocks-carousel{overflow:visible;max-width:100%;}<\/style>\n<div class=\"wp-block-kadence-advancedgallery kb-gallery-wrap-id-_17e221-20\"><div class=\"kb-gallery-ul kb-gallery-type-fluidcarousel kb-gallery-id-_17e221-20 kb-gallery-caption-style-bottom-hover kb-gallery-filter-none\" data-image-filter=\"none\" data-lightbox-caption=\"true\"><div class=\"kt-blocks-carousel kt-carousel-container-dotstyle-dark\"><div class=\"kt-blocks-carousel-init kb-blocks-fluid-carousel kt-carousel-arrowstyle-whiteondark kt-carousel-dotstyle-dark\" data-slider-anim-speed=\"250\" data-slider-type=\"fluidcarousel\" data-slider-scroll=\"1\" data-slider-arrows=\"true\" data-slider-dots=\"true\" data-slider-hover-pause=\"false\" data-slider-auto=\"true\" data-slider-speed=\"3770\"><div class=\"kb-slide-item kb-gallery-carousel-item\"><div class=\"kadence-blocks-gallery-item\"><div class=\"kadence-blocks-gallery-item-inner\"><figure class=\"kb-gallery-figure kadence-blocks-gallery-item-hide-caption\"><div class=\"kb-gal-image-radius\"><div class=\"kb-gallery-image-contain\"><img fetchpriority=\"high\" decoding=\"async\" src=\"https:\/\/www.emco.mil.cl\/wp-content\/uploads\/2021\/10\/webOPAZ1.jpg\" width=\"1024\" height=\"488\" alt=\"\" data-full-image=\"https:\/\/www.emco.mil.cl\/wp-content\/uploads\/2021\/10\/webOPAZ1.jpg\" data-light-image=\"https:\/\/www.emco.mil.cl\/wp-content\/uploads\/2021\/10\/webOPAZ1.jpg\" data-id=\"7754\" data-link=\"https:\/\/www.emco.mil.cl\/index.php\/misiones-de-paz\/webopaz1\/\" class=\"wp-image-7754 skip-lazy\" srcset=\"https:\/\/www.emco.mil.cl\/wp-content\/uploads\/2021\/10\/webOPAZ1.jpg 1024w, https:\/\/www.emco.mil.cl\/wp-content\/uploads\/2021\/10\/webOPAZ1-300x143.jpg 300w, https:\/\/www.emco.mil.cl\/wp-content\/uploads\/2021\/10\/webOPAZ1-768x366.jpg 768w, https:\/\/www.emco.mil.cl\/wp-content\/uploads\/2021\/10\/webOPAZ1-350x167.jpg 350w\" sizes=\"(max-width: 1024px) 100vw, 1024px\" \/><\/div><\/div><\/figure><\/div><\/div><\/div><div class=\"kb-slide-item kb-gallery-carousel-item\"><div class=\"kadence-blocks-gallery-item\"><div class=\"kadence-blocks-gallery-item-inner\"><figure class=\"kb-gallery-figure kadence-blocks-gallery-item-hide-caption\"><div class=\"kb-gal-image-radius\"><div class=\"kb-gallery-image-contain\"><img decoding=\"async\" src=\"https:\/\/www.emco.mil.cl\/wp-content\/uploads\/2021\/10\/webOPAZ2.jpg\" width=\"1024\" height=\"488\" alt=\"\" data-full-image=\"https:\/\/www.emco.mil.cl\/wp-content\/uploads\/2021\/10\/webOPAZ2.jpg\" data-light-image=\"https:\/\/www.emco.mil.cl\/wp-content\/uploads\/2021\/10\/webOPAZ2.jpg\" data-id=\"7755\" data-link=\"https:\/\/www.emco.mil.cl\/index.php\/misiones-de-paz\/webopaz2\/\" class=\"wp-image-7755 skip-lazy\" srcset=\"https:\/\/www.emco.mil.cl\/wp-content\/uploads\/2021\/10\/webOPAZ2.jpg 1024w, https:\/\/www.emco.mil.cl\/wp-content\/uploads\/2021\/10\/webOPAZ2-300x143.jpg 300w, https:\/\/www.emco.mil.cl\/wp-content\/uploads\/2021\/10\/webOPAZ2-768x366.jpg 768w, https:\/\/www.emco.mil.cl\/wp-content\/uploads\/2021\/10\/webOPAZ2-350x167.jpg 350w\" sizes=\"(max-width: 1024px) 100vw, 1024px\" \/><\/div><\/div><\/figure><\/div><\/div><\/div><div class=\"kb-slide-item kb-gallery-carousel-item\"><div class=\"kadence-blocks-gallery-item\"><div class=\"kadence-blocks-gallery-item-inner\"><figure class=\"kb-gallery-figure kadence-blocks-gallery-item-hide-caption\"><div class=\"kb-gal-image-radius\"><div class=\"kb-gallery-image-contain\"><img decoding=\"async\" src=\"https:\/\/www.emco.mil.cl\/wp-content\/uploads\/2021\/10\/webOPAZ3.jpg\" width=\"1024\" height=\"488\" alt=\"\" data-full-image=\"https:\/\/www.emco.mil.cl\/wp-content\/uploads\/2021\/10\/webOPAZ3.jpg\" data-light-image=\"https:\/\/www.emco.mil.cl\/wp-content\/uploads\/2021\/10\/webOPAZ3.jpg\" data-id=\"7756\" data-link=\"https:\/\/www.emco.mil.cl\/index.php\/misiones-de-paz\/webopaz3\/\" class=\"wp-image-7756 skip-lazy\" srcset=\"https:\/\/www.emco.mil.cl\/wp-content\/uploads\/2021\/10\/webOPAZ3.jpg 1024w, https:\/\/www.emco.mil.cl\/wp-content\/uploads\/2021\/10\/webOPAZ3-300x143.jpg 300w, https:\/\/www.emco.mil.cl\/wp-content\/uploads\/2021\/10\/webOPAZ3-768x366.jpg 768w, https:\/\/www.emco.mil.cl\/wp-content\/uploads\/2021\/10\/webOPAZ3-350x167.jpg 350w\" sizes=\"(max-width: 1024px) 100vw, 1024px\" \/><\/div><\/div><\/figure><\/div><\/div><\/div><div class=\"kb-slide-item kb-gallery-carousel-item\"><div class=\"kadence-blocks-gallery-item\"><div class=\"kadence-blocks-gallery-item-inner\"><figure class=\"kb-gallery-figure kadence-blocks-gallery-item-hide-caption\"><div class=\"kb-gal-image-radius\"><div class=\"kb-gallery-image-contain\"><img loading=\"lazy\" decoding=\"async\" src=\"https:\/\/www.emco.mil.cl\/wp-content\/uploads\/2021\/10\/webOPAZ4.jpg\" width=\"1024\" height=\"488\" alt=\"\" data-full-image=\"https:\/\/www.emco.mil.cl\/wp-content\/uploads\/2021\/10\/webOPAZ4.jpg\" data-light-image=\"https:\/\/www.emco.mil.cl\/wp-content\/uploads\/2021\/10\/webOPAZ4.jpg\" data-id=\"7757\" data-link=\"https:\/\/www.emco.mil.cl\/index.php\/misiones-de-paz\/webopaz4\/\" class=\"wp-image-7757 skip-lazy\" srcset=\"https:\/\/www.emco.mil.cl\/wp-content\/uploads\/2021\/10\/webOPAZ4.jpg 1024w, https:\/\/www.emco.mil.cl\/wp-content\/uploads\/2021\/10\/webOPAZ4-300x143.jpg 300w, https:\/\/www.emco.mil.cl\/wp-content\/uploads\/2021\/10\/webOPAZ4-768x366.jpg 768w, https:\/\/www.emco.mil.cl\/wp-content\/uploads\/2021\/10\/webOPAZ4-350x167.jpg 350w\" sizes=\"(max-width: 1024px) 100vw, 1024px\" \/><\/div><\/div><\/figure><\/div><\/div><\/div><div class=\"kb-slide-item kb-gallery-carousel-item\"><div class=\"kadence-blocks-gallery-item\"><div class=\"kadence-blocks-gallery-item-inner\"><figure class=\"kb-gallery-figure kadence-blocks-gallery-item-hide-caption\"><div class=\"kb-gal-image-radius\"><div class=\"kb-gallery-image-contain\"><img loading=\"lazy\" decoding=\"async\" src=\"https:\/\/www.emco.mil.cl\/wp-content\/uploads\/2021\/10\/webOPAZ5.jpg\" width=\"1024\" height=\"488\" alt=\"\" data-full-image=\"https:\/\/www.emco.mil.cl\/wp-content\/uploads\/2021\/10\/webOPAZ5.jpg\" data-light-image=\"https:\/\/www.emco.mil.cl\/wp-content\/uploads\/2021\/10\/webOPAZ5.jpg\" data-id=\"7759\" data-link=\"https:\/\/www.emco.mil.cl\/index.php\/misiones-de-paz\/webopaz5\/\" class=\"wp-image-7759 skip-lazy\" srcset=\"https:\/\/www.emco.mil.cl\/wp-content\/uploads\/2021\/10\/webOPAZ5.jpg 1024w, https:\/\/www.emco.mil.cl\/wp-content\/uploads\/2021\/10\/webOPAZ5-300x143.jpg 300w, https:\/\/www.emco.mil.cl\/wp-content\/uploads\/2021\/10\/webOPAZ5-768x366.jpg 768w, https:\/\/www.emco.mil.cl\/wp-content\/uploads\/2021\/10\/webOPAZ5-350x167.jpg 350w\" sizes=\"(max-width: 1024px) 100vw, 1024px\" \/><\/div><\/div><\/figure><\/div><\/div><\/div><\/div><\/div><\/div><\/div>\n","protected":false},"excerpt":{"rendered":"<p>La ley 20.424, en su Art\u00edculo 27, establece que el mando de las tropas y medios nacionales que participen en misiones de paz, corresponder\u00e1 al Jefe del Estado Mayor Conjunto, quien ser\u00e1 la Autoridad Militar Nacional para tales efectos, por ende, responsable de todas las fuerzas que se encuentran desplegadas en el extranjero, dentro de&#8230;<\/p>\n","protected":false},"author":4,"featured_media":0,"parent":0,"menu_order":0,"comment_status":"closed","ping_status":"closed","template":"","meta":{"_kad_post_transparent":"","_kad_post_title":"","_kad_post_layout":"","_kad_post_sidebar_id":"","_kad_post_content_style":"","_kad_post_vertical_padding":"","_kad_post_feature":"","_kad_post_feature_position":"","_kad_post_header":false,"_kad_post_footer":false,"footnotes":""},"class_list":["post-175","page","type-page","status-publish","hentry"],"_links":{"self":[{"href":"https:\/\/www.emco.mil.cl\/index.php\/wp-json\/wp\/v2\/pages\/175","targetHints":{"allow":["GET"]}}],"collection":[{"href":"https:\/\/www.emco.mil.cl\/index.php\/wp-json\/wp\/v2\/pages"}],"about":[{"href":"https:\/\/www.emco.mil.cl\/index.php\/wp-json\/wp\/v2\/types\/page"}],"author":[{"embeddable":true,"href":"https:\/\/www.emco.mil.cl\/index.php\/wp-json\/wp\/v2\/users\/4"}],"replies":[{"embeddable":true,"href":"https:\/\/www.emco.mil.cl\/index.php\/wp-json\/wp\/v2\/comments?post=175"}],"version-history":[{"count":7,"href":"https:\/\/www.emco.mil.cl\/index.php\/wp-json\/wp\/v2\/pages\/175\/revisions"}],"predecessor-version":[{"id":7859,"href":"https:\/\/www.emco.mil.cl\/index.php\/wp-json\/wp\/v2\/pages\/175\/revisions\/7859"}],"wp:attachment":[{"href":"https:\/\/www.emco.mil.cl\/index.php\/wp-json\/wp\/v2\/media?parent=175"}],"curies":[{"name":"wp","href":"https:\/\/api.w.org\/{rel}","templated":true}]}}