{"id":1397,"date":"2021-09-21T16:46:03","date_gmt":"2021-09-21T19:46:03","guid":{"rendered":"http:\/\/10.195.30.25\/?page_id=1397"},"modified":"2021-10-27T17:07:35","modified_gmt":"2021-10-27T20:07:35","slug":"inteligencia-de-la-defensa","status":"publish","type":"page","link":"https:\/\/www.emco.mil.cl\/index.php\/inteligencia-de-la-defensa\/","title":{"rendered":"INTELIGENCIA DE LA DEFENSA"},"content":{"rendered":"\n<p>La Direcci\u00f3n de Inteligencia de Defensa (DID), constituye una organizaci\u00f3n militar, dependiente del Estado Mayor Conjunto (EMCO), y es componente del Sistema de Inteligencia del Estado, conforme a lo establecido en la Ley N\u00b019.974 y en la Orden Ministerial MDN.EMCO N\u00b0 2393, de fecha 09.DIC.2020. Los objetivos de la inteligencia militar son fijados por el Ministro de Defensa Nacional, a proposici\u00f3n del Jefe del Estado Mayor Conjunto (JEMCO). Su cumplimiento es implementado a trav\u00e9s de la DID.<\/p>\n\n\n\n<p>En este contexto, asesora y provee de inteligencia estrat\u00e9gica al JEMCO, as\u00ed como tambi\u00e9n a la Subsecretar\u00eda de Defensa y a los \u00f3rganos de maniobra operacionales conjuntos para efectos de la planificaci\u00f3n, conducci\u00f3n y preparaci\u00f3n de las fuerzas. Provee, adem\u00e1s, la informaci\u00f3n necesaria para el an\u00e1lisis de escenarios de las operaciones de paz en curso y\/o futuros.&nbsp; Adem\u00e1s, es la encargada de coordinar el esfuerzo de obtenci\u00f3n del Sistema de Inteligencia de Defensa.<\/p>\n\n\n<style>.kb-gallery-type-fluidcarousel.kb-gallery-id-_0446b3-9e .kt-blocks-carousel .kt-blocks-carousel-init .kb-slide-item{padding:4px 5px;}.kb-gallery-type-fluidcarousel.kb-gallery-id-_0446b3-9e .kt-blocks-carousel .kt-blocks-carousel-init.kb-carousel-mode-align-left .kb-slide-item{padding:4px 10px 4px 0;}.kb-gallery-id-_0446b3-9e.kb-gallery-ul.kb-gallery-type-fluidcarousel .kt-blocks-carousel figure .kb-gal-image-radius, .kb-gallery-id-_0446b3-9e.kb-gallery-ul.kb-gallery-type-fluidcarousel .kt-blocks-carousel figure .kb-gal-image-radius img{height:300px;}.kb-gallery-id-_0446b3-9e .kadence-blocks-gallery-item .kb-gal-image-radius, .kb-gallery-id-_0446b3-9e .kb-slide-item .kb-gal-image-radius img{border-radius:0px 0px 0px 0px;;}.kb-gallery-wrap-id-_0446b3-9e.wp-block-kadence-advancedgallery{overflow:visible;}.kb-gallery-wrap-id-_0446b3-9e.wp-block-kadence-advancedgallery .kt-blocks-carousel{overflow:visible;max-width:100%;}<\/style>\n<div class=\"wp-block-kadence-advancedgallery kb-gallery-wrap-id-_0446b3-9e\"><div class=\"kb-gallery-ul kb-gallery-type-fluidcarousel kb-gallery-id-_0446b3-9e kb-gallery-caption-style-bottom-hover kb-gallery-filter-none\" data-image-filter=\"none\" data-lightbox-caption=\"true\"><div class=\"kt-blocks-carousel kt-carousel-container-dotstyle-dark\"><div class=\"kt-blocks-carousel-init kb-blocks-fluid-carousel kt-carousel-arrowstyle-whiteondark kt-carousel-dotstyle-dark\" data-slider-anim-speed=\"250\" data-slider-type=\"fluidcarousel\" data-slider-scroll=\"1\" data-slider-arrows=\"true\" data-slider-dots=\"true\" data-slider-hover-pause=\"false\" data-slider-auto=\"true\" data-slider-speed=\"3770\"><div class=\"kb-slide-item kb-gallery-carousel-item\"><div class=\"kadence-blocks-gallery-item\"><div class=\"kadence-blocks-gallery-item-inner\"><figure class=\"kb-gallery-figure kadence-blocks-gallery-item-hide-caption\"><div class=\"kb-gal-image-radius\"><div class=\"kb-gallery-image-contain\"><img fetchpriority=\"high\" decoding=\"async\" src=\"https:\/\/www.emco.mil.cl\/wp-content\/uploads\/2021\/10\/web-Inteligencia1.jpg\" width=\"1024\" height=\"488\" alt=\"\" data-full-image=\"https:\/\/www.emco.mil.cl\/wp-content\/uploads\/2021\/10\/web-Inteligencia1.jpg\" data-light-image=\"https:\/\/www.emco.mil.cl\/wp-content\/uploads\/2021\/10\/web-Inteligencia1.jpg\" data-id=\"8050\" data-link=\"https:\/\/www.emco.mil.cl\/index.php\/inteligencia-de-la-defensa\/web-inteligencia1\/\" class=\"wp-image-8050 skip-lazy\" srcset=\"https:\/\/www.emco.mil.cl\/wp-content\/uploads\/2021\/10\/web-Inteligencia1.jpg 1024w, https:\/\/www.emco.mil.cl\/wp-content\/uploads\/2021\/10\/web-Inteligencia1-300x143.jpg 300w, https:\/\/www.emco.mil.cl\/wp-content\/uploads\/2021\/10\/web-Inteligencia1-768x366.jpg 768w, https:\/\/www.emco.mil.cl\/wp-content\/uploads\/2021\/10\/web-Inteligencia1-350x167.jpg 350w\" sizes=\"(max-width: 1024px) 100vw, 1024px\" \/><\/div><\/div><\/figure><\/div><\/div><\/div><div class=\"kb-slide-item kb-gallery-carousel-item\"><div class=\"kadence-blocks-gallery-item\"><div class=\"kadence-blocks-gallery-item-inner\"><figure class=\"kb-gallery-figure kadence-blocks-gallery-item-hide-caption\"><div class=\"kb-gal-image-radius\"><div class=\"kb-gallery-image-contain\"><img decoding=\"async\" src=\"https:\/\/www.emco.mil.cl\/wp-content\/uploads\/2021\/10\/web-Inteligencia2.jpg\" width=\"1024\" height=\"488\" alt=\"\" data-full-image=\"https:\/\/www.emco.mil.cl\/wp-content\/uploads\/2021\/10\/web-Inteligencia2.jpg\" data-light-image=\"https:\/\/www.emco.mil.cl\/wp-content\/uploads\/2021\/10\/web-Inteligencia2.jpg\" data-id=\"8051\" data-link=\"https:\/\/www.emco.mil.cl\/index.php\/inteligencia-de-la-defensa\/web-inteligencia2\/\" class=\"wp-image-8051 skip-lazy\" srcset=\"https:\/\/www.emco.mil.cl\/wp-content\/uploads\/2021\/10\/web-Inteligencia2.jpg 1024w, https:\/\/www.emco.mil.cl\/wp-content\/uploads\/2021\/10\/web-Inteligencia2-300x143.jpg 300w, https:\/\/www.emco.mil.cl\/wp-content\/uploads\/2021\/10\/web-Inteligencia2-768x366.jpg 768w, https:\/\/www.emco.mil.cl\/wp-content\/uploads\/2021\/10\/web-Inteligencia2-350x167.jpg 350w\" sizes=\"(max-width: 1024px) 100vw, 1024px\" \/><\/div><\/div><\/figure><\/div><\/div><\/div><div class=\"kb-slide-item kb-gallery-carousel-item\"><div class=\"kadence-blocks-gallery-item\"><div class=\"kadence-blocks-gallery-item-inner\"><figure class=\"kb-gallery-figure kadence-blocks-gallery-item-hide-caption\"><div class=\"kb-gal-image-radius\"><div class=\"kb-gallery-image-contain\"><img decoding=\"async\" src=\"https:\/\/www.emco.mil.cl\/wp-content\/uploads\/2021\/10\/web-Inteligencia3.jpg\" width=\"1024\" height=\"488\" alt=\"\" data-full-image=\"https:\/\/www.emco.mil.cl\/wp-content\/uploads\/2021\/10\/web-Inteligencia3.jpg\" data-light-image=\"https:\/\/www.emco.mil.cl\/wp-content\/uploads\/2021\/10\/web-Inteligencia3.jpg\" data-id=\"8052\" data-link=\"https:\/\/www.emco.mil.cl\/index.php\/inteligencia-de-la-defensa\/web-inteligencia3\/\" class=\"wp-image-8052 skip-lazy\" srcset=\"https:\/\/www.emco.mil.cl\/wp-content\/uploads\/2021\/10\/web-Inteligencia3.jpg 1024w, https:\/\/www.emco.mil.cl\/wp-content\/uploads\/2021\/10\/web-Inteligencia3-300x143.jpg 300w, https:\/\/www.emco.mil.cl\/wp-content\/uploads\/2021\/10\/web-Inteligencia3-768x366.jpg 768w, https:\/\/www.emco.mil.cl\/wp-content\/uploads\/2021\/10\/web-Inteligencia3-350x167.jpg 350w\" sizes=\"(max-width: 1024px) 100vw, 1024px\" \/><\/div><\/div><\/figure><\/div><\/div><\/div><\/div><\/div><\/div><\/div>\n","protected":false},"excerpt":{"rendered":"<p>La Direcci\u00f3n de Inteligencia de Defensa (DID), constituye una organizaci\u00f3n militar, dependiente del Estado Mayor Conjunto (EMCO), y es componente del Sistema de Inteligencia del Estado, conforme a lo establecido en la Ley N\u00b019.974 y en la Orden Ministerial MDN.EMCO N\u00b0 2393, de fecha 09.DIC.2020. Los objetivos de la inteligencia militar son fijados por el&#8230;<\/p>\n","protected":false},"author":4,"featured_media":0,"parent":0,"menu_order":0,"comment_status":"closed","ping_status":"closed","template":"","meta":{"_kad_post_transparent":"","_kad_post_title":"","_kad_post_layout":"","_kad_post_sidebar_id":"","_kad_post_content_style":"","_kad_post_vertical_padding":"","_kad_post_feature":"","_kad_post_feature_position":"","_kad_post_header":false,"_kad_post_footer":false,"footnotes":""},"class_list":["post-1397","page","type-page","status-publish","hentry"],"_links":{"self":[{"href":"https:\/\/www.emco.mil.cl\/index.php\/wp-json\/wp\/v2\/pages\/1397","targetHints":{"allow":["GET"]}}],"collection":[{"href":"https:\/\/www.emco.mil.cl\/index.php\/wp-json\/wp\/v2\/pages"}],"about":[{"href":"https:\/\/www.emco.mil.cl\/index.php\/wp-json\/wp\/v2\/types\/page"}],"author":[{"embeddable":true,"href":"https:\/\/www.emco.mil.cl\/index.php\/wp-json\/wp\/v2\/users\/4"}],"replies":[{"embeddable":true,"href":"https:\/\/www.emco.mil.cl\/index.php\/wp-json\/wp\/v2\/comments?post=1397"}],"version-history":[{"count":6,"href":"https:\/\/www.emco.mil.cl\/index.php\/wp-json\/wp\/v2\/pages\/1397\/revisions"}],"predecessor-version":[{"id":8053,"href":"https:\/\/www.emco.mil.cl\/index.php\/wp-json\/wp\/v2\/pages\/1397\/revisions\/8053"}],"wp:attachment":[{"href":"https:\/\/www.emco.mil.cl\/index.php\/wp-json\/wp\/v2\/media?parent=1397"}],"curies":[{"name":"wp","href":"https:\/\/api.w.org\/{rel}","templated":true}]}}