{"id":1395,"date":"2021-09-21T16:45:20","date_gmt":"2021-09-21T19:45:20","guid":{"rendered":"http:\/\/10.195.30.25\/?page_id=1395"},"modified":"2021-10-27T10:59:12","modified_gmt":"2021-10-27T13:59:12","slug":"ciberdefensa","status":"publish","type":"page","link":"https:\/\/www.emco.mil.cl\/index.php\/ciberdefensa\/","title":{"rendered":"CIBERDEFENSA"},"content":{"rendered":"\n<p>Considerando que el ciberespacio ha cobrado importancia como una dimensi\u00f3n a considerar dentro de las pol\u00edticas y planes de la Defensa Nacional, la Pol\u00edtica de Ciberdefensa establece que el Estado de Chile proteger\u00e1 su infraestructura cr\u00edtica de la informaci\u00f3n, ejerciendo su soberan\u00eda sobre las redes y recursos digitales.<\/p>\n\n\n\n<p>En este sentido, establece que la Defensa Nacional se ocupar\u00e1 de identificar la ocurrencia de ataques, facilitar o permitir su correcta atribuci\u00f3n a otros estados o grupos no estatales, aplicar las contramedidas adecuadas, y dar cumplimiento a la obligaci\u00f3n internacional de identificar y detener los otros ataques que otros pa\u00edses, organizaciones o personas, puedan realizar trav\u00e9s de la infraestructura inform\u00e1tica<\/p>\n\n\n\n<p>En este contexto, para cumplir con lo anterior, fue puesto en funcionamiento un CSIRT de la Defensa Nacional que junto con brindar seguridad a las redes y sistemas del Ministerio de Defensa Nacional, actuar\u00e1 como ente coordinador t\u00e9cnico con los CSIRT Institucionales de la Defensa Nacional, dirigido por el Estado Mayor Conjunto, a trav\u00e9s de la Direcci\u00f3n de Inteligencia de Defensa.<\/p>\n\n\n\n<p>Dicha unidad, es un organismo de nivel Conjunto, que incorpora a esta nueva dimensi\u00f3n una capacidad para la Defensa Nacional, con el objeto de operar militarmente en el ciberespacio, de manera de preservar la confidencialidad, integridad y disponibilidad de la infraestructura cr\u00edtica de la informaci\u00f3n de la Defensa Nacional.<\/p>\n\n\n\n<p>Para ello, una de sus principales funciones es la de integrar la informaci\u00f3n de los CSIRT Institucionales de las Fuerzas Armadas, y de aquellos que sean encomendados por el Ministro de Defensa Nacional, creando un sistema cooperativo y colaborativo entre las Instituciones de la defensa.<\/p>\n\n\n<style>.kb-gallery-type-fluidcarousel.kb-gallery-id-_0f6cfc-78 .kt-blocks-carousel .kt-blocks-carousel-init .kb-slide-item{padding:4px 5px;}.kb-gallery-type-fluidcarousel.kb-gallery-id-_0f6cfc-78 .kt-blocks-carousel .kt-blocks-carousel-init.kb-carousel-mode-align-left .kb-slide-item{padding:4px 10px 4px 0;}.kb-gallery-id-_0f6cfc-78.kb-gallery-ul.kb-gallery-type-fluidcarousel .kt-blocks-carousel figure .kb-gal-image-radius, .kb-gallery-id-_0f6cfc-78.kb-gallery-ul.kb-gallery-type-fluidcarousel .kt-blocks-carousel figure .kb-gal-image-radius img{height:300px;}.kb-gallery-id-_0f6cfc-78 .kadence-blocks-gallery-item .kb-gal-image-radius, .kb-gallery-id-_0f6cfc-78 .kb-slide-item .kb-gal-image-radius img{border-radius:0px 0px 0px 0px;;}.kb-gallery-wrap-id-_0f6cfc-78.wp-block-kadence-advancedgallery{overflow:visible;}.kb-gallery-wrap-id-_0f6cfc-78.wp-block-kadence-advancedgallery .kt-blocks-carousel{overflow:visible;max-width:100%;}<\/style>\n<div class=\"wp-block-kadence-advancedgallery kb-gallery-wrap-id-_0f6cfc-78\"><div class=\"kb-gallery-ul kb-gallery-type-fluidcarousel kb-gallery-id-_0f6cfc-78 kb-gallery-caption-style-bottom-hover kb-gallery-filter-none\" data-image-filter=\"none\" data-lightbox-caption=\"true\"><div class=\"kt-blocks-carousel kt-carousel-container-dotstyle-dark\"><div class=\"kt-blocks-carousel-init kb-blocks-fluid-carousel kt-carousel-arrowstyle-whiteondark kt-carousel-dotstyle-dark\" data-slider-anim-speed=\"250\" data-slider-type=\"fluidcarousel\" data-slider-scroll=\"1\" data-slider-arrows=\"true\" data-slider-dots=\"true\" data-slider-hover-pause=\"false\" data-slider-auto=\"true\" data-slider-speed=\"3770\"><div class=\"kb-slide-item kb-gallery-carousel-item\"><div class=\"kadence-blocks-gallery-item\"><div class=\"kadence-blocks-gallery-item-inner\"><figure class=\"kb-gallery-figure kadence-blocks-gallery-item-hide-caption\"><div class=\"kb-gal-image-radius\"><div class=\"kb-gallery-image-contain\"><img fetchpriority=\"high\" decoding=\"async\" src=\"https:\/\/www.emco.mil.cl\/wp-content\/uploads\/2021\/10\/Ciber.jpg\" width=\"1024\" height=\"488\" alt=\"\" data-full-image=\"https:\/\/www.emco.mil.cl\/wp-content\/uploads\/2021\/10\/Ciber.jpg\" data-light-image=\"https:\/\/www.emco.mil.cl\/wp-content\/uploads\/2021\/10\/Ciber.jpg\" data-id=\"7551\" data-link=\"https:\/\/www.emco.mil.cl\/index.php\/direccion-de-inteligencia-de-defensa\/ciber\/\" class=\"wp-image-7551 skip-lazy\" srcset=\"https:\/\/www.emco.mil.cl\/wp-content\/uploads\/2021\/10\/Ciber.jpg 1024w, https:\/\/www.emco.mil.cl\/wp-content\/uploads\/2021\/10\/Ciber-300x143.jpg 300w, https:\/\/www.emco.mil.cl\/wp-content\/uploads\/2021\/10\/Ciber-768x366.jpg 768w, https:\/\/www.emco.mil.cl\/wp-content\/uploads\/2021\/10\/Ciber-350x167.jpg 350w\" sizes=\"(max-width: 1024px) 100vw, 1024px\" \/><\/div><\/div><\/figure><\/div><\/div><\/div><div class=\"kb-slide-item kb-gallery-carousel-item\"><div class=\"kadence-blocks-gallery-item\"><div class=\"kadence-blocks-gallery-item-inner\"><figure class=\"kb-gallery-figure kadence-blocks-gallery-item-hide-caption\"><div class=\"kb-gal-image-radius\"><div class=\"kb-gallery-image-contain\"><img decoding=\"async\" src=\"https:\/\/www.emco.mil.cl\/wp-content\/uploads\/2021\/10\/web-Ciberdefensa1.jpg\" width=\"1024\" height=\"488\" alt=\"\" data-full-image=\"https:\/\/www.emco.mil.cl\/wp-content\/uploads\/2021\/10\/web-Ciberdefensa1.jpg\" data-light-image=\"https:\/\/www.emco.mil.cl\/wp-content\/uploads\/2021\/10\/web-Ciberdefensa1.jpg\" data-id=\"8046\" data-link=\"https:\/\/www.emco.mil.cl\/index.php\/ciberdefensa\/web-ciberdefensa1\/\" class=\"wp-image-8046 skip-lazy\" srcset=\"https:\/\/www.emco.mil.cl\/wp-content\/uploads\/2021\/10\/web-Ciberdefensa1.jpg 1024w, https:\/\/www.emco.mil.cl\/wp-content\/uploads\/2021\/10\/web-Ciberdefensa1-300x143.jpg 300w, https:\/\/www.emco.mil.cl\/wp-content\/uploads\/2021\/10\/web-Ciberdefensa1-768x366.jpg 768w, https:\/\/www.emco.mil.cl\/wp-content\/uploads\/2021\/10\/web-Ciberdefensa1-350x167.jpg 350w\" sizes=\"(max-width: 1024px) 100vw, 1024px\" \/><\/div><\/div><\/figure><\/div><\/div><\/div><div class=\"kb-slide-item kb-gallery-carousel-item\"><div class=\"kadence-blocks-gallery-item\"><div class=\"kadence-blocks-gallery-item-inner\"><figure class=\"kb-gallery-figure kadence-blocks-gallery-item-hide-caption\"><div class=\"kb-gal-image-radius\"><div class=\"kb-gallery-image-contain\"><img decoding=\"async\" src=\"https:\/\/www.emco.mil.cl\/wp-content\/uploads\/2021\/10\/web-Ciberdefensa2.jpg\" width=\"1024\" height=\"488\" alt=\"\" data-full-image=\"https:\/\/www.emco.mil.cl\/wp-content\/uploads\/2021\/10\/web-Ciberdefensa2.jpg\" data-light-image=\"https:\/\/www.emco.mil.cl\/wp-content\/uploads\/2021\/10\/web-Ciberdefensa2.jpg\" data-id=\"8047\" data-link=\"https:\/\/www.emco.mil.cl\/index.php\/ciberdefensa\/web-ciberdefensa2\/\" class=\"wp-image-8047 skip-lazy\" srcset=\"https:\/\/www.emco.mil.cl\/wp-content\/uploads\/2021\/10\/web-Ciberdefensa2.jpg 1024w, https:\/\/www.emco.mil.cl\/wp-content\/uploads\/2021\/10\/web-Ciberdefensa2-300x143.jpg 300w, https:\/\/www.emco.mil.cl\/wp-content\/uploads\/2021\/10\/web-Ciberdefensa2-768x366.jpg 768w, https:\/\/www.emco.mil.cl\/wp-content\/uploads\/2021\/10\/web-Ciberdefensa2-350x167.jpg 350w\" sizes=\"(max-width: 1024px) 100vw, 1024px\" \/><\/div><\/div><\/figure><\/div><\/div><\/div><\/div><\/div><\/div><\/div>\n","protected":false},"excerpt":{"rendered":"<p>Considerando que el ciberespacio ha cobrado importancia como una dimensi\u00f3n a considerar dentro de las pol\u00edticas y planes de la Defensa Nacional, la Pol\u00edtica de Ciberdefensa establece que el Estado de Chile proteger\u00e1 su infraestructura cr\u00edtica de la informaci\u00f3n, ejerciendo su soberan\u00eda sobre las redes y recursos digitales. En este sentido, establece que la Defensa&#8230;<\/p>\n","protected":false},"author":4,"featured_media":0,"parent":0,"menu_order":0,"comment_status":"closed","ping_status":"closed","template":"","meta":{"_kad_post_transparent":"","_kad_post_title":"","_kad_post_layout":"","_kad_post_sidebar_id":"","_kad_post_content_style":"","_kad_post_vertical_padding":"","_kad_post_feature":"","_kad_post_feature_position":"","_kad_post_header":false,"_kad_post_footer":false,"footnotes":""},"class_list":["post-1395","page","type-page","status-publish","hentry"],"_links":{"self":[{"href":"https:\/\/www.emco.mil.cl\/index.php\/wp-json\/wp\/v2\/pages\/1395","targetHints":{"allow":["GET"]}}],"collection":[{"href":"https:\/\/www.emco.mil.cl\/index.php\/wp-json\/wp\/v2\/pages"}],"about":[{"href":"https:\/\/www.emco.mil.cl\/index.php\/wp-json\/wp\/v2\/types\/page"}],"author":[{"embeddable":true,"href":"https:\/\/www.emco.mil.cl\/index.php\/wp-json\/wp\/v2\/users\/4"}],"replies":[{"embeddable":true,"href":"https:\/\/www.emco.mil.cl\/index.php\/wp-json\/wp\/v2\/comments?post=1395"}],"version-history":[{"count":7,"href":"https:\/\/www.emco.mil.cl\/index.php\/wp-json\/wp\/v2\/pages\/1395\/revisions"}],"predecessor-version":[{"id":8048,"href":"https:\/\/www.emco.mil.cl\/index.php\/wp-json\/wp\/v2\/pages\/1395\/revisions\/8048"}],"wp:attachment":[{"href":"https:\/\/www.emco.mil.cl\/index.php\/wp-json\/wp\/v2\/media?parent=1395"}],"curies":[{"name":"wp","href":"https:\/\/api.w.org\/{rel}","templated":true}]}}